{"id":1133,"date":"2024-03-27T11:13:51","date_gmt":"2024-03-27T10:13:51","guid":{"rendered":"https:\/\/chocpiscine.com\/?post_type=product&#038;p=1133"},"modified":"2024-03-27T11:14:01","modified_gmt":"2024-03-27T10:14:01","slug":"enrouleur-telescopique-kalu-d80-largeur-4ml-kokido","status":"publish","type":"product","link":"https:\/\/chocpiscine.com\/?product=enrouleur-telescopique-kalu-d80-largeur-4ml-kokido","title":{"rendered":"Enrouleur t\u00e9lescopique kalu D80 &#8211; Largeur : 4mL &#8211; KOKIDO"},"content":{"rendered":"<p>Enrouleur t\u00e9lescopique kalu D80 &#8211; Largeur : 4mL &#8211; KOKIDO<\/p>\n<p>Pieds en aluminium anodis\u00e9 blanc, l\u00e9ger et tr\u00e8s r\u00e9sistant avec molette de freinage afin de bloquer ou r\u00e9duire la vitesse d&#8217;enroulement.<br \/>\nLarges roues plastique pour une manipulation tr\u00e8s facile.<br \/>\n5 sections de tubes en Aluminium \u00d8 80 mm escamotables.<br \/>\nDimensions maxi de la couverture : 9 x 4,5 ml.<br \/>\nInclus 8 sangles et fixations pour attacher la couverture solaire au tube de l&#8217;enrouleur.<br \/>\nLivr\u00e9 dans un seul carton (1,70 x 0,5 x 0,22 cm). <\/p>\n<p>Dimensions maximales de la piscine : 4 ml.<br \/>\nType d&#8217;enrouleur :manuel.<br \/>\nDiam\u00e8tre de l&#8217;axe t\u00e9lescopique : 0,08 m. <\/p>\n<p>R\u00e9f. fabricant : K936WBX\/150\/GRVD <\/p>\n","protected":false},"excerpt":{"rendered":"<p>Enrouleur t\u00e9lescopique kalu D80 &#8211; Largeur : 4mL &#8211; KOKIDO Pieds en aluminium anodis\u00e9 blanc, l\u00e9ger et tr\u00e8s r\u00e9sistant avec [&hellip;]<\/p>\n","protected":false},"featured_media":1162,"comment_status":"open","ping_status":"closed","template":"","meta":{"site-sidebar-layout":"","site-content-layout":"","ast-site-content-layout":"","site-content-style":"","site-sidebar-style":"","ast-global-header-display":"","ast-banner-title-visibility":"","ast-main-header-display":"","ast-hfb-above-header-display":"","ast-hfb-below-header-display":"","ast-hfb-mobile-header-display":"","site-post-title":"","ast-breadcrumbs-content":"","ast-featured-img":"","footer-sml-layout":"","theme-transparent-header-meta":"","adv-header-id-meta":"","stick-header-meta":"","header-above-stick-meta":"","header-main-stick-meta":"","header-below-stick-meta":"","astra-migrate-meta-layouts":"","ast-page-background-enabled":"default","ast-page-background-meta":{"desktop":{"background-color":"var(--ast-global-color-4)","background-image":"","background-repeat":"repeat","background-position":"center center","background-size":"auto","background-attachment":"scroll","background-type":"","background-media":"","overlay-type":"","overlay-color":"","overlay-opacity":"","overlay-gradient":""},"tablet":{"background-color":"","background-image":"","background-repeat":"repeat","background-position":"center center","background-size":"auto","background-attachment":"scroll","background-type":"","background-media":"","overlay-type":"","overlay-color":"","overlay-opacity":"","overlay-gradient":""},"mobile":{"background-color":"","background-image":"","background-repeat":"repeat","background-position":"center center","background-size":"auto","background-attachment":"scroll","background-type":"","background-media":"","overlay-type":"","overlay-color":"","overlay-opacity":"","overlay-gradient":""}},"ast-content-background-meta":{"desktop":{"background-color":"var(--ast-global-color-5)","background-image":"","background-repeat":"repeat","background-position":"center center","background-size":"auto","background-attachment":"scroll","background-type":"","background-media":"","overlay-type":"","overlay-color":"","overlay-opacity":"","overlay-gradient":""},"tablet":{"background-color":"var(--ast-global-color-5)","background-image":"","background-repeat":"repeat","background-position":"center center","background-size":"auto","background-attachment":"scroll","background-type":"","background-media":"","overlay-type":"","overlay-color":"","overlay-opacity":"","overlay-gradient":""},"mobile":{"background-color":"var(--ast-global-color-5)","background-image":"","background-repeat":"repeat","background-position":"center center","background-size":"auto","background-attachment":"scroll","background-type":"","background-media":"","overlay-type":"","overlay-color":"","overlay-opacity":"","overlay-gradient":""}}},"product_brand":[],"product_cat":[23],"product_tag":[],"class_list":{"0":"post-1133","1":"product","2":"type-product","3":"status-publish","4":"has-post-thumbnail","6":"product_cat-couverture-et-bache-piscine","7":"desktop-align-left","8":"tablet-align-left","9":"mobile-align-left","11":"first","12":"instock","13":"shipping-taxable","14":"purchasable","15":"product-type-simple"},"jetpack_sharing_enabled":true,"_links":{"self":[{"href":"https:\/\/chocpiscine.com\/index.php?rest_route=\/wp\/v2\/product\/1133","targetHints":{"allow":["GET"]}}],"collection":[{"href":"https:\/\/chocpiscine.com\/index.php?rest_route=\/wp\/v2\/product"}],"about":[{"href":"https:\/\/chocpiscine.com\/index.php?rest_route=\/wp\/v2\/types\/product"}],"replies":[{"embeddable":true,"href":"https:\/\/chocpiscine.com\/index.php?rest_route=%2Fwp%2Fv2%2Fcomments&post=1133"}],"wp:featuredmedia":[{"embeddable":true,"href":"https:\/\/chocpiscine.com\/index.php?rest_route=\/wp\/v2\/media\/1162"}],"wp:attachment":[{"href":"https:\/\/chocpiscine.com\/index.php?rest_route=%2Fwp%2Fv2%2Fmedia&parent=1133"}],"wp:term":[{"taxonomy":"product_brand","embeddable":true,"href":"https:\/\/chocpiscine.com\/index.php?rest_route=%2Fwp%2Fv2%2Fproduct_brand&post=1133"},{"taxonomy":"product_cat","embeddable":true,"href":"https:\/\/chocpiscine.com\/index.php?rest_route=%2Fwp%2Fv2%2Fproduct_cat&post=1133"},{"taxonomy":"product_tag","embeddable":true,"href":"https:\/\/chocpiscine.com\/index.php?rest_route=%2Fwp%2Fv2%2Fproduct_tag&post=1133"}],"curies":[{"name":"wp","href":"https:\/\/api.w.org\/{rel}","templated":true}]}}