{"id":1225,"date":"2024-03-27T11:14:24","date_gmt":"2024-03-27T10:14:24","guid":{"rendered":"https:\/\/chocpiscine.com\/?post_type=product&#038;p=1225"},"modified":"2024-03-27T11:14:26","modified_gmt":"2024-03-27T10:14:26","slug":"flowdians-17kw-pompe-a-chaleur-hydratherm","status":"publish","type":"product","link":"https:\/\/chocpiscine.com\/?product=flowdians-17kw-pompe-a-chaleur-hydratherm","title":{"rendered":"FLOWDIANS 17kW Pompe \u00e0 chaleur HYDRATHERM"},"content":{"rendered":"<p>FLOWDIANS 17kW Pompe \u00e0 chaleur HYDRATHERM<br \/>\n____<br \/>\nPuissance Acoustique : 31,8<br \/>\n____<br \/>\n\u00c9cran digital facile d\u2019utilisation et intuitif<br \/>\nContr\u00f4le \u00e0 distance par wifi<br \/>\nDesign unique et moderne avec sa carrosserie en aluminium<br \/>\nPompe \u00e0 chaleur tr\u00e8s silencieuse :36,5 dB \u00e0 1 m\u00e8tre de distance<br \/>\nExtraction de l\u2019air froid sur l\u2019arri\u00e8re compar\u00e9 au mod\u00e8le du march\u00e9 avec sortie frontal<br \/>\nHaute performance Cop :proche de 10 gr\u00e2ce \u00e0 son syst\u00e8me r\u00e9volutionnaire<br \/>\nD\u00e9givrage automatique par inversion de cycle<br \/>\nFonctionnement de \u2013 10\u00b0C \u00e0 +43\u00b0C<br \/>\nGestion intelligente du compresseur ventilateur et syst\u00e8me de pression<br \/>\nPositionnement et d\u00e9gagement de la pompe r\u00e9duite gr\u00e2ce \u00e0 sa conception<br \/>\nFonctionne avec GAZ R32 le moins polluant du march\u00e9<br \/>\n____<\/p>\n<p>Tension<br \/>\n    230 V<\/p>\n<p>Courant<br \/>\n    monophas\u00e9<\/p>\n<p>Connectivit\u00e9 int\u00e9gr\u00e9e<br \/>\n    oui<\/p>\n<p>Mode priorit\u00e9 chauffage<br \/>\n    oui<\/p>\n<p>R\u00e9versible<br \/>\n    non<\/p>\n<p>\u00c9cran d\u00e9tachable<br \/>\n    non<\/p>\n<p>Inverter<br \/>\n    oui<br \/>\n____<br \/>\n R\u00e9f. fabricant : HYDRATHERM17M <\/p>\n","protected":false},"excerpt":{"rendered":"<p>FLOWDIANS 17kW Pompe \u00e0 chaleur HYDRATHERM ____ Puissance Acoustique : 31,8 ____ \u00c9cran digital facile d\u2019utilisation et intuitif Contr\u00f4le \u00e0 [&hellip;]<\/p>\n","protected":false},"featured_media":1247,"comment_status":"open","ping_status":"closed","template":"","meta":{"site-sidebar-layout":"","site-content-layout":"","ast-site-content-layout":"","site-content-style":"","site-sidebar-style":"","ast-global-header-display":"","ast-banner-title-visibility":"","ast-main-header-display":"","ast-hfb-above-header-display":"","ast-hfb-below-header-display":"","ast-hfb-mobile-header-display":"","site-post-title":"","ast-breadcrumbs-content":"","ast-featured-img":"","footer-sml-layout":"","theme-transparent-header-meta":"","adv-header-id-meta":"","stick-header-meta":"","header-above-stick-meta":"","header-main-stick-meta":"","header-below-stick-meta":"","astra-migrate-meta-layouts":"","ast-page-background-enabled":"default","ast-page-background-meta":{"desktop":{"background-color":"var(--ast-global-color-4)","background-image":"","background-repeat":"repeat","background-position":"center center","background-size":"auto","background-attachment":"scroll","background-type":"","background-media":"","overlay-type":"","overlay-color":"","overlay-opacity":"","overlay-gradient":""},"tablet":{"background-color":"","background-image":"","background-repeat":"repeat","background-position":"center center","background-size":"auto","background-attachment":"scroll","background-type":"","background-media":"","overlay-type":"","overlay-color":"","overlay-opacity":"","overlay-gradient":""},"mobile":{"background-color":"","background-image":"","background-repeat":"repeat","background-position":"center center","background-size":"auto","background-attachment":"scroll","background-type":"","background-media":"","overlay-type":"","overlay-color":"","overlay-opacity":"","overlay-gradient":""}},"ast-content-background-meta":{"desktop":{"background-color":"var(--ast-global-color-5)","background-image":"","background-repeat":"repeat","background-position":"center center","background-size":"auto","background-attachment":"scroll","background-type":"","background-media":"","overlay-type":"","overlay-color":"","overlay-opacity":"","overlay-gradient":""},"tablet":{"background-color":"var(--ast-global-color-5)","background-image":"","background-repeat":"repeat","background-position":"center center","background-size":"auto","background-attachment":"scroll","background-type":"","background-media":"","overlay-type":"","overlay-color":"","overlay-opacity":"","overlay-gradient":""},"mobile":{"background-color":"var(--ast-global-color-5)","background-image":"","background-repeat":"repeat","background-position":"center center","background-size":"auto","background-attachment":"scroll","background-type":"","background-media":"","overlay-type":"","overlay-color":"","overlay-opacity":"","overlay-gradient":""}}},"product_brand":[],"product_cat":[26],"product_tag":[],"class_list":{"0":"post-1225","1":"product","2":"type-product","3":"status-publish","4":"has-post-thumbnail","6":"product_cat-pompes-a-chaleur","7":"desktop-align-left","8":"tablet-align-left","9":"mobile-align-left","11":"first","12":"instock","13":"shipping-taxable","14":"purchasable","15":"product-type-simple"},"jetpack_sharing_enabled":true,"_links":{"self":[{"href":"https:\/\/chocpiscine.com\/index.php?rest_route=\/wp\/v2\/product\/1225","targetHints":{"allow":["GET"]}}],"collection":[{"href":"https:\/\/chocpiscine.com\/index.php?rest_route=\/wp\/v2\/product"}],"about":[{"href":"https:\/\/chocpiscine.com\/index.php?rest_route=\/wp\/v2\/types\/product"}],"replies":[{"embeddable":true,"href":"https:\/\/chocpiscine.com\/index.php?rest_route=%2Fwp%2Fv2%2Fcomments&post=1225"}],"wp:featuredmedia":[{"embeddable":true,"href":"https:\/\/chocpiscine.com\/index.php?rest_route=\/wp\/v2\/media\/1247"}],"wp:attachment":[{"href":"https:\/\/chocpiscine.com\/index.php?rest_route=%2Fwp%2Fv2%2Fmedia&parent=1225"}],"wp:term":[{"taxonomy":"product_brand","embeddable":true,"href":"https:\/\/chocpiscine.com\/index.php?rest_route=%2Fwp%2Fv2%2Fproduct_brand&post=1225"},{"taxonomy":"product_cat","embeddable":true,"href":"https:\/\/chocpiscine.com\/index.php?rest_route=%2Fwp%2Fv2%2Fproduct_cat&post=1225"},{"taxonomy":"product_tag","embeddable":true,"href":"https:\/\/chocpiscine.com\/index.php?rest_route=%2Fwp%2Fv2%2Fproduct_tag&post=1225"}],"curies":[{"name":"wp","href":"https:\/\/api.w.org\/{rel}","templated":true}]}}