{"id":1226,"date":"2024-03-27T11:14:24","date_gmt":"2024-03-27T10:14:24","guid":{"rendered":"https:\/\/chocpiscine.com\/?post_type=product&#038;p=1226"},"modified":"2024-03-27T11:14:27","modified_gmt":"2024-03-27T10:14:27","slug":"flowdians-6kw-pompe-a-chaleur-piscine-hgsi-inverter","status":"publish","type":"product","link":"https:\/\/chocpiscine.com\/?product=flowdians-6kw-pompe-a-chaleur-piscine-hgsi-inverter","title":{"rendered":"FLOWDIANS 6kW Pompe \u00e0 chaleur piscine HGSI INVERTER"},"content":{"rendered":"<p>FLOWDIANS 6kW Pompe \u00e0 chaleur piscine HGSI INVERTER<br \/>\n____<br \/>\nPuissance acoustique : 30<br \/>\n____<br \/>\nInfos produit | Tension : 230V I Courant : monophas\u00e9 I Connectivit\u00e9 int\u00e9gr\u00e9e : non, oui I Mode priorit\u00e9 chauffage : oui I R\u00e9versible : non I \u00c9cran d\u00e9tachable : non I Inverter : oui<br \/>\n____<br \/>\nLa technologie \u00abFull Inverter\u00bb.<br \/>\nLa technologie IN-Tech Full Inverter, pour des performances optimales.<br \/>\nMont\u00e9e rapide et stabilit\u00e9 pr\u00e9cise de la temp\u00e9rature souhait\u00e9e.<br \/>\nPour une utilisation jusqu\u2019\u00e0 une temp\u00e9rature aussi basse que -7 \u00b0 C.<br \/>\nUtilisation intuitive, avec son interface utilisateur LCD tactile.<br \/>\nPilotage par connectivit\u00e9 Bluetooth ou bien via le module Wifi, en option.<br \/>\nTranquillit\u00e9 : une pression acoustique atteignant un minimum de 30 dB (A) \u00e0 10 m.<br \/>\nCouverture d\u2019hivernage incluse.<br \/>\n____<br \/>\nR\u00e9f. fabricant : HGSI6M <\/p>\n","protected":false},"excerpt":{"rendered":"<p>FLOWDIANS 6kW Pompe \u00e0 chaleur piscine HGSI INVERTER ____ Puissance acoustique : 30 ____ Infos produit | Tension : 230V [&hellip;]<\/p>\n","protected":false},"featured_media":1248,"comment_status":"open","ping_status":"closed","template":"","meta":{"site-sidebar-layout":"","site-content-layout":"","ast-site-content-layout":"","site-content-style":"","site-sidebar-style":"","ast-global-header-display":"","ast-banner-title-visibility":"","ast-main-header-display":"","ast-hfb-above-header-display":"","ast-hfb-below-header-display":"","ast-hfb-mobile-header-display":"","site-post-title":"","ast-breadcrumbs-content":"","ast-featured-img":"","footer-sml-layout":"","theme-transparent-header-meta":"","adv-header-id-meta":"","stick-header-meta":"","header-above-stick-meta":"","header-main-stick-meta":"","header-below-stick-meta":"","astra-migrate-meta-layouts":"","ast-page-background-enabled":"default","ast-page-background-meta":{"desktop":{"background-color":"var(--ast-global-color-4)","background-image":"","background-repeat":"repeat","background-position":"center center","background-size":"auto","background-attachment":"scroll","background-type":"","background-media":"","overlay-type":"","overlay-color":"","overlay-opacity":"","overlay-gradient":""},"tablet":{"background-color":"","background-image":"","background-repeat":"repeat","background-position":"center center","background-size":"auto","background-attachment":"scroll","background-type":"","background-media":"","overlay-type":"","overlay-color":"","overlay-opacity":"","overlay-gradient":""},"mobile":{"background-color":"","background-image":"","background-repeat":"repeat","background-position":"center center","background-size":"auto","background-attachment":"scroll","background-type":"","background-media":"","overlay-type":"","overlay-color":"","overlay-opacity":"","overlay-gradient":""}},"ast-content-background-meta":{"desktop":{"background-color":"var(--ast-global-color-5)","background-image":"","background-repeat":"repeat","background-position":"center center","background-size":"auto","background-attachment":"scroll","background-type":"","background-media":"","overlay-type":"","overlay-color":"","overlay-opacity":"","overlay-gradient":""},"tablet":{"background-color":"var(--ast-global-color-5)","background-image":"","background-repeat":"repeat","background-position":"center center","background-size":"auto","background-attachment":"scroll","background-type":"","background-media":"","overlay-type":"","overlay-color":"","overlay-opacity":"","overlay-gradient":""},"mobile":{"background-color":"var(--ast-global-color-5)","background-image":"","background-repeat":"repeat","background-position":"center center","background-size":"auto","background-attachment":"scroll","background-type":"","background-media":"","overlay-type":"","overlay-color":"","overlay-opacity":"","overlay-gradient":""}}},"product_brand":[],"product_cat":[26],"product_tag":[],"class_list":{"0":"post-1226","1":"product","2":"type-product","3":"status-publish","4":"has-post-thumbnail","6":"product_cat-pompes-a-chaleur","7":"desktop-align-left","8":"tablet-align-left","9":"mobile-align-left","11":"first","12":"instock","13":"shipping-taxable","14":"purchasable","15":"product-type-simple"},"jetpack_sharing_enabled":true,"_links":{"self":[{"href":"https:\/\/chocpiscine.com\/index.php?rest_route=\/wp\/v2\/product\/1226","targetHints":{"allow":["GET"]}}],"collection":[{"href":"https:\/\/chocpiscine.com\/index.php?rest_route=\/wp\/v2\/product"}],"about":[{"href":"https:\/\/chocpiscine.com\/index.php?rest_route=\/wp\/v2\/types\/product"}],"replies":[{"embeddable":true,"href":"https:\/\/chocpiscine.com\/index.php?rest_route=%2Fwp%2Fv2%2Fcomments&post=1226"}],"wp:featuredmedia":[{"embeddable":true,"href":"https:\/\/chocpiscine.com\/index.php?rest_route=\/wp\/v2\/media\/1248"}],"wp:attachment":[{"href":"https:\/\/chocpiscine.com\/index.php?rest_route=%2Fwp%2Fv2%2Fmedia&parent=1226"}],"wp:term":[{"taxonomy":"product_brand","embeddable":true,"href":"https:\/\/chocpiscine.com\/index.php?rest_route=%2Fwp%2Fv2%2Fproduct_brand&post=1226"},{"taxonomy":"product_cat","embeddable":true,"href":"https:\/\/chocpiscine.com\/index.php?rest_route=%2Fwp%2Fv2%2Fproduct_cat&post=1226"},{"taxonomy":"product_tag","embeddable":true,"href":"https:\/\/chocpiscine.com\/index.php?rest_route=%2Fwp%2Fv2%2Fproduct_tag&post=1226"}],"curies":[{"name":"wp","href":"https:\/\/api.w.org\/{rel}","templated":true}]}}