{"id":1239,"date":"2024-03-27T11:14:24","date_gmt":"2024-03-27T10:14:24","guid":{"rendered":"https:\/\/chocpiscine.com\/?post_type=product&#038;p=1239"},"modified":"2024-03-27T11:14:30","modified_gmt":"2024-03-27T10:14:30","slug":"zodiac-pompe-a-chaleur-z200-101kw","status":"publish","type":"product","link":"https:\/\/chocpiscine.com\/?product=zodiac-pompe-a-chaleur-z200-101kw","title":{"rendered":"ZODIAC Pompe \u00e0 chaleur Z200 10,1kW"},"content":{"rendered":"<p>ZODIAC Pompe \u00e0 chaleur Z200 10,1kW<br \/>\n___<br \/>\nProduit Acoustique : 44db(a) \u00e0 10m<br \/>\n___<br \/>\nLa pompe \u00e0 chaleur \u00e9conomique.<\/p>\n<p>Pompe \u00e0 chaleur air \/ eau monobloc.<br \/>\nUne entr\u00e9e de gamme tr\u00e8s \u00e9conomique.<br \/>\nPrise secteur et raccords fournis de s\u00e9rie.<\/p>\n<p>A l\u2019ext\u00e9rieur, \u00e0 proximit\u00e9 du local technique.<br \/>\nRaccordement hydraulique en PVC \u00d8 50 par by-pass sur la filtration (1\/2 union \u00d8 50 fourni).<br \/>\nPr\u00e9voir un d\u00e9gagement de 50 cm entre l\u2019arri\u00e8re de la pompe \u00e0 chaleur et le mur. Il ne doit pas y avoir d\u2019obstacle devant la machine sur 4 \u00e0 5 m\u00e8tres (muret, haie&#8230;).<br \/>\nAlimentation \u00e9lectrique avec protection par disjoncteur 30 mA en t\u00eate de ligne (non fourni).<\/p>\n<p>Dimensions L x l x H : 840 x 400 x 655 mm.<\/p>\n<p>Livr\u00e9e avec 2 raccords PVC 1\/2 union D50, plots antivibratiles et housse d\u2019hivernage.<br \/>\n___<br \/>\nInfos produit : Tension : 230V I Courant : monophas\u00e9 I Connectivit\u00e9 int\u00e9gr\u00e9e : non I Mode priorit\u00e9 chauffage : oui I R\u00e9versible : non I \u00c9cran d\u00e9tachable : non I Inverter : non, oui<br \/>\n____<br \/>\nR\u00e9f. fabricant : WH0003010<\/p>\n","protected":false},"excerpt":{"rendered":"<p>ZODIAC Pompe \u00e0 chaleur Z200 10,1kW ___ Produit Acoustique : 44db(a) \u00e0 10m ___ La pompe \u00e0 chaleur \u00e9conomique. Pompe [&hellip;]<\/p>\n","protected":false},"featured_media":1251,"comment_status":"open","ping_status":"closed","template":"","meta":{"site-sidebar-layout":"","site-content-layout":"","ast-site-content-layout":"","site-content-style":"","site-sidebar-style":"","ast-global-header-display":"","ast-banner-title-visibility":"","ast-main-header-display":"","ast-hfb-above-header-display":"","ast-hfb-below-header-display":"","ast-hfb-mobile-header-display":"","site-post-title":"","ast-breadcrumbs-content":"","ast-featured-img":"","footer-sml-layout":"","theme-transparent-header-meta":"","adv-header-id-meta":"","stick-header-meta":"","header-above-stick-meta":"","header-main-stick-meta":"","header-below-stick-meta":"","astra-migrate-meta-layouts":"","ast-page-background-enabled":"default","ast-page-background-meta":{"desktop":{"background-color":"var(--ast-global-color-4)","background-image":"","background-repeat":"repeat","background-position":"center center","background-size":"auto","background-attachment":"scroll","background-type":"","background-media":"","overlay-type":"","overlay-color":"","overlay-opacity":"","overlay-gradient":""},"tablet":{"background-color":"","background-image":"","background-repeat":"repeat","background-position":"center center","background-size":"auto","background-attachment":"scroll","background-type":"","background-media":"","overlay-type":"","overlay-color":"","overlay-opacity":"","overlay-gradient":""},"mobile":{"background-color":"","background-image":"","background-repeat":"repeat","background-position":"center center","background-size":"auto","background-attachment":"scroll","background-type":"","background-media":"","overlay-type":"","overlay-color":"","overlay-opacity":"","overlay-gradient":""}},"ast-content-background-meta":{"desktop":{"background-color":"var(--ast-global-color-5)","background-image":"","background-repeat":"repeat","background-position":"center center","background-size":"auto","background-attachment":"scroll","background-type":"","background-media":"","overlay-type":"","overlay-color":"","overlay-opacity":"","overlay-gradient":""},"tablet":{"background-color":"var(--ast-global-color-5)","background-image":"","background-repeat":"repeat","background-position":"center center","background-size":"auto","background-attachment":"scroll","background-type":"","background-media":"","overlay-type":"","overlay-color":"","overlay-opacity":"","overlay-gradient":""},"mobile":{"background-color":"var(--ast-global-color-5)","background-image":"","background-repeat":"repeat","background-position":"center center","background-size":"auto","background-attachment":"scroll","background-type":"","background-media":"","overlay-type":"","overlay-color":"","overlay-opacity":"","overlay-gradient":""}}},"product_brand":[],"product_cat":[26],"product_tag":[],"class_list":{"0":"post-1239","1":"product","2":"type-product","3":"status-publish","4":"has-post-thumbnail","6":"product_cat-pompes-a-chaleur","7":"desktop-align-left","8":"tablet-align-left","9":"mobile-align-left","11":"first","12":"instock","13":"shipping-taxable","14":"purchasable","15":"product-type-simple"},"jetpack_sharing_enabled":true,"_links":{"self":[{"href":"https:\/\/chocpiscine.com\/index.php?rest_route=\/wp\/v2\/product\/1239","targetHints":{"allow":["GET"]}}],"collection":[{"href":"https:\/\/chocpiscine.com\/index.php?rest_route=\/wp\/v2\/product"}],"about":[{"href":"https:\/\/chocpiscine.com\/index.php?rest_route=\/wp\/v2\/types\/product"}],"replies":[{"embeddable":true,"href":"https:\/\/chocpiscine.com\/index.php?rest_route=%2Fwp%2Fv2%2Fcomments&post=1239"}],"wp:featuredmedia":[{"embeddable":true,"href":"https:\/\/chocpiscine.com\/index.php?rest_route=\/wp\/v2\/media\/1251"}],"wp:attachment":[{"href":"https:\/\/chocpiscine.com\/index.php?rest_route=%2Fwp%2Fv2%2Fmedia&parent=1239"}],"wp:term":[{"taxonomy":"product_brand","embeddable":true,"href":"https:\/\/chocpiscine.com\/index.php?rest_route=%2Fwp%2Fv2%2Fproduct_brand&post=1239"},{"taxonomy":"product_cat","embeddable":true,"href":"https:\/\/chocpiscine.com\/index.php?rest_route=%2Fwp%2Fv2%2Fproduct_cat&post=1239"},{"taxonomy":"product_tag","embeddable":true,"href":"https:\/\/chocpiscine.com\/index.php?rest_route=%2Fwp%2Fv2%2Fproduct_tag&post=1239"}],"curies":[{"name":"wp","href":"https:\/\/api.w.org\/{rel}","templated":true}]}}