{"id":1258,"date":"2024-03-27T11:14:32","date_gmt":"2024-03-27T10:14:32","guid":{"rendered":"https:\/\/chocpiscine.com\/?post_type=product&#038;p=1258"},"modified":"2024-03-27T11:14:34","modified_gmt":"2024-03-27T10:14:34","slug":"hayward-pompe-a-chaleur-piscine-15kw-eco-inverter","status":"publish","type":"product","link":"https:\/\/chocpiscine.com\/?product=hayward-pompe-a-chaleur-piscine-15kw-eco-inverter","title":{"rendered":"HAYWARD Pompe \u00e0 chaleur piscine 15kW ECO INVERTER"},"content":{"rendered":"<p> HAYWARD Pompe \u00e0 chaleur piscine 15kW ECO INVERTER<br \/>\n___<\/p>\n<p>Puissance acoustique : 3,70-15,64 db(a) \u00e0 10 m<br \/>\n___<br \/>\n Infos produit : Tension : 230V I Courant : monophas\u00e9 I Connectivit\u00e9 int\u00e9gr\u00e9e : non I Mode priorit\u00e9 chauffage : oui I R\u00e9versible : non, oui I \u00c9cran d\u00e9tachable : non I Inverter : oui<\/p>\n<p>Consultez votre prix personnalis\u00e9<\/p>\n<p>___<br \/>\nMont\u00e9e rapide et maintien pr\u00e9cis de la temp\u00e9rature souhait\u00e9e.<br \/>\nCon\u00e7ue pour fonctionner jusqu&#8217;\u00e0 une temp\u00e9rature n\u00e9gative de &#8211; 7\u00b0C.<br \/>\nInterface utilisateur simple et pratique.<br \/>\nFonctionnement tr\u00e8s silencieux.<br \/>\nPlots anti-vibratoire.<br \/>\n____<br \/>\nR\u00e9f. fabricant : 81535<\/p>\n","protected":false},"excerpt":{"rendered":"<p>HAYWARD Pompe \u00e0 chaleur piscine 15kW ECO INVERTER ___ Puissance acoustique : 3,70-15,64 db(a) \u00e0 10 m ___ Infos produit [&hellip;]<\/p>\n","protected":false},"featured_media":1284,"comment_status":"open","ping_status":"closed","template":"","meta":{"site-sidebar-layout":"","site-content-layout":"","ast-site-content-layout":"","site-content-style":"","site-sidebar-style":"","ast-global-header-display":"","ast-banner-title-visibility":"","ast-main-header-display":"","ast-hfb-above-header-display":"","ast-hfb-below-header-display":"","ast-hfb-mobile-header-display":"","site-post-title":"","ast-breadcrumbs-content":"","ast-featured-img":"","footer-sml-layout":"","theme-transparent-header-meta":"","adv-header-id-meta":"","stick-header-meta":"","header-above-stick-meta":"","header-main-stick-meta":"","header-below-stick-meta":"","astra-migrate-meta-layouts":"","ast-page-background-enabled":"default","ast-page-background-meta":{"desktop":{"background-color":"var(--ast-global-color-4)","background-image":"","background-repeat":"repeat","background-position":"center center","background-size":"auto","background-attachment":"scroll","background-type":"","background-media":"","overlay-type":"","overlay-color":"","overlay-opacity":"","overlay-gradient":""},"tablet":{"background-color":"","background-image":"","background-repeat":"repeat","background-position":"center center","background-size":"auto","background-attachment":"scroll","background-type":"","background-media":"","overlay-type":"","overlay-color":"","overlay-opacity":"","overlay-gradient":""},"mobile":{"background-color":"","background-image":"","background-repeat":"repeat","background-position":"center center","background-size":"auto","background-attachment":"scroll","background-type":"","background-media":"","overlay-type":"","overlay-color":"","overlay-opacity":"","overlay-gradient":""}},"ast-content-background-meta":{"desktop":{"background-color":"var(--ast-global-color-5)","background-image":"","background-repeat":"repeat","background-position":"center center","background-size":"auto","background-attachment":"scroll","background-type":"","background-media":"","overlay-type":"","overlay-color":"","overlay-opacity":"","overlay-gradient":""},"tablet":{"background-color":"var(--ast-global-color-5)","background-image":"","background-repeat":"repeat","background-position":"center center","background-size":"auto","background-attachment":"scroll","background-type":"","background-media":"","overlay-type":"","overlay-color":"","overlay-opacity":"","overlay-gradient":""},"mobile":{"background-color":"var(--ast-global-color-5)","background-image":"","background-repeat":"repeat","background-position":"center center","background-size":"auto","background-attachment":"scroll","background-type":"","background-media":"","overlay-type":"","overlay-color":"","overlay-opacity":"","overlay-gradient":""}}},"product_brand":[],"product_cat":[26],"product_tag":[],"class_list":{"0":"post-1258","1":"product","2":"type-product","3":"status-publish","4":"has-post-thumbnail","6":"product_cat-pompes-a-chaleur","7":"desktop-align-left","8":"tablet-align-left","9":"mobile-align-left","11":"first","12":"instock","13":"shipping-taxable","14":"purchasable","15":"product-type-simple"},"jetpack_sharing_enabled":true,"_links":{"self":[{"href":"https:\/\/chocpiscine.com\/index.php?rest_route=\/wp\/v2\/product\/1258","targetHints":{"allow":["GET"]}}],"collection":[{"href":"https:\/\/chocpiscine.com\/index.php?rest_route=\/wp\/v2\/product"}],"about":[{"href":"https:\/\/chocpiscine.com\/index.php?rest_route=\/wp\/v2\/types\/product"}],"replies":[{"embeddable":true,"href":"https:\/\/chocpiscine.com\/index.php?rest_route=%2Fwp%2Fv2%2Fcomments&post=1258"}],"wp:featuredmedia":[{"embeddable":true,"href":"https:\/\/chocpiscine.com\/index.php?rest_route=\/wp\/v2\/media\/1284"}],"wp:attachment":[{"href":"https:\/\/chocpiscine.com\/index.php?rest_route=%2Fwp%2Fv2%2Fmedia&parent=1258"}],"wp:term":[{"taxonomy":"product_brand","embeddable":true,"href":"https:\/\/chocpiscine.com\/index.php?rest_route=%2Fwp%2Fv2%2Fproduct_brand&post=1258"},{"taxonomy":"product_cat","embeddable":true,"href":"https:\/\/chocpiscine.com\/index.php?rest_route=%2Fwp%2Fv2%2Fproduct_cat&post=1258"},{"taxonomy":"product_tag","embeddable":true,"href":"https:\/\/chocpiscine.com\/index.php?rest_route=%2Fwp%2Fv2%2Fproduct_tag&post=1258"}],"curies":[{"name":"wp","href":"https:\/\/api.w.org\/{rel}","templated":true}]}}