{"id":1266,"date":"2024-03-27T11:14:32","date_gmt":"2024-03-27T10:14:32","guid":{"rendered":"https:\/\/chocpiscine.com\/?post_type=product&#038;p=1266"},"modified":"2024-03-27T11:14:36","modified_gmt":"2024-03-27T10:14:36","slug":"zodiac-pompe-a-chaleur-z400-148kw-a","status":"publish","type":"product","link":"https:\/\/chocpiscine.com\/?product=zodiac-pompe-a-chaleur-z400-148kw-a","title":{"rendered":"ZODIAC Pompe \u00e0 chaleur Z400 14,8kW A"},"content":{"rendered":"<p>ZODIAC Pompe \u00e0 chaleur Z400 14,8kW A<br \/>\n___<br \/>\nPuissance acoustique : 36 \/ 33 db(a) \u00e0 10 m<br \/>\n___<br \/>\nDesign unique avec ses lignes \u00e9pur\u00e9es et ses deux coloris disponibles,la Z400iQ s\u2019accorde avec \u00e9l\u00e9gance \u00e0 votre environnement piscine.Id\u00e9ale en bord de mer, sa version avec panneau avant en acier inoxydable est particuli\u00e8rement r\u00e9sistante \u00e0 la corrosion.<br \/>\nDiscr\u00e9tion assur\u00e9e<br \/>\nGr\u00e2ce \u00e0 son mode SILENCE et \u00e0 sa sortie d\u2019air verticale, la Z400 iQ est une pompe \u00e0 chaleur discr\u00e8te, qui r\u00e9ussit \u00e0 se faire oublier, m\u00eame dans des espaces r\u00e9duits.<br \/>\nConnectivit\u00e9 int\u00e9gr\u00e9e<br \/>\nPilotable depuis votre smartphone, la pompe \u00e0 chaleur Z400 iQ vous permet de configurer et de consulter son mode de fonctionnement \u00e0 distance.<br \/>\n___<\/p>\n<p>Tension<br \/>\n    230 V<br \/>\n    400 V<\/p>\n<p>Courant<br \/>\n    monophas\u00e9<br \/>\n    triphas\u00e9<\/p>\n<p>Connectivit\u00e9 int\u00e9gr\u00e9e<br \/>\n    oui<\/p>\n<p>Mode priorit\u00e9 chauffage<br \/>\n    oui<\/p>\n<p>R\u00e9versible<br \/>\n    oui<\/p>\n<p>\u00c9cran d\u00e9tachable<br \/>\n    non<\/p>\n<p>Inverter<br \/>\n    non<br \/>\n    oui<br \/>\n___<br \/>\nR\u00e9f. fabricant : WH000296<\/p>\n","protected":false},"excerpt":{"rendered":"<p>ZODIAC Pompe \u00e0 chaleur Z400 14,8kW A ___ Puissance acoustique : 36 \/ 33 db(a) \u00e0 10 m ___ Design [&hellip;]<\/p>\n","protected":false},"featured_media":1287,"comment_status":"open","ping_status":"closed","template":"","meta":{"site-sidebar-layout":"","site-content-layout":"","ast-site-content-layout":"","site-content-style":"","site-sidebar-style":"","ast-global-header-display":"","ast-banner-title-visibility":"","ast-main-header-display":"","ast-hfb-above-header-display":"","ast-hfb-below-header-display":"","ast-hfb-mobile-header-display":"","site-post-title":"","ast-breadcrumbs-content":"","ast-featured-img":"","footer-sml-layout":"","theme-transparent-header-meta":"","adv-header-id-meta":"","stick-header-meta":"","header-above-stick-meta":"","header-main-stick-meta":"","header-below-stick-meta":"","astra-migrate-meta-layouts":"","ast-page-background-enabled":"default","ast-page-background-meta":{"desktop":{"background-color":"var(--ast-global-color-4)","background-image":"","background-repeat":"repeat","background-position":"center center","background-size":"auto","background-attachment":"scroll","background-type":"","background-media":"","overlay-type":"","overlay-color":"","overlay-opacity":"","overlay-gradient":""},"tablet":{"background-color":"","background-image":"","background-repeat":"repeat","background-position":"center center","background-size":"auto","background-attachment":"scroll","background-type":"","background-media":"","overlay-type":"","overlay-color":"","overlay-opacity":"","overlay-gradient":""},"mobile":{"background-color":"","background-image":"","background-repeat":"repeat","background-position":"center center","background-size":"auto","background-attachment":"scroll","background-type":"","background-media":"","overlay-type":"","overlay-color":"","overlay-opacity":"","overlay-gradient":""}},"ast-content-background-meta":{"desktop":{"background-color":"var(--ast-global-color-5)","background-image":"","background-repeat":"repeat","background-position":"center center","background-size":"auto","background-attachment":"scroll","background-type":"","background-media":"","overlay-type":"","overlay-color":"","overlay-opacity":"","overlay-gradient":""},"tablet":{"background-color":"var(--ast-global-color-5)","background-image":"","background-repeat":"repeat","background-position":"center center","background-size":"auto","background-attachment":"scroll","background-type":"","background-media":"","overlay-type":"","overlay-color":"","overlay-opacity":"","overlay-gradient":""},"mobile":{"background-color":"var(--ast-global-color-5)","background-image":"","background-repeat":"repeat","background-position":"center center","background-size":"auto","background-attachment":"scroll","background-type":"","background-media":"","overlay-type":"","overlay-color":"","overlay-opacity":"","overlay-gradient":""}}},"product_brand":[],"product_cat":[26],"product_tag":[],"class_list":{"0":"post-1266","1":"product","2":"type-product","3":"status-publish","4":"has-post-thumbnail","6":"product_cat-pompes-a-chaleur","7":"desktop-align-left","8":"tablet-align-left","9":"mobile-align-left","11":"first","12":"instock","13":"shipping-taxable","14":"purchasable","15":"product-type-simple"},"jetpack_sharing_enabled":true,"_links":{"self":[{"href":"https:\/\/chocpiscine.com\/index.php?rest_route=\/wp\/v2\/product\/1266","targetHints":{"allow":["GET"]}}],"collection":[{"href":"https:\/\/chocpiscine.com\/index.php?rest_route=\/wp\/v2\/product"}],"about":[{"href":"https:\/\/chocpiscine.com\/index.php?rest_route=\/wp\/v2\/types\/product"}],"replies":[{"embeddable":true,"href":"https:\/\/chocpiscine.com\/index.php?rest_route=%2Fwp%2Fv2%2Fcomments&post=1266"}],"wp:featuredmedia":[{"embeddable":true,"href":"https:\/\/chocpiscine.com\/index.php?rest_route=\/wp\/v2\/media\/1287"}],"wp:attachment":[{"href":"https:\/\/chocpiscine.com\/index.php?rest_route=%2Fwp%2Fv2%2Fmedia&parent=1266"}],"wp:term":[{"taxonomy":"product_brand","embeddable":true,"href":"https:\/\/chocpiscine.com\/index.php?rest_route=%2Fwp%2Fv2%2Fproduct_brand&post=1266"},{"taxonomy":"product_cat","embeddable":true,"href":"https:\/\/chocpiscine.com\/index.php?rest_route=%2Fwp%2Fv2%2Fproduct_cat&post=1266"},{"taxonomy":"product_tag","embeddable":true,"href":"https:\/\/chocpiscine.com\/index.php?rest_route=%2Fwp%2Fv2%2Fproduct_tag&post=1266"}],"curies":[{"name":"wp","href":"https:\/\/api.w.org\/{rel}","templated":true}]}}