{"id":1270,"date":"2024-03-27T11:14:32","date_gmt":"2024-03-27T10:14:32","guid":{"rendered":"https:\/\/chocpiscine.com\/?post_type=product&#038;p=1270"},"modified":"2024-03-27T11:14:37","modified_gmt":"2024-03-27T10:14:37","slug":"hayward-pompe-a-chaleur-energyline-pro-15-kw","status":"publish","type":"product","link":"https:\/\/chocpiscine.com\/?product=hayward-pompe-a-chaleur-energyline-pro-15-kw","title":{"rendered":"HAYWARD Pompe \u00e0 chaleur ENERGYLINE PRO 15 kW"},"content":{"rendered":"<p>HAYWARD Pompe \u00e0 chaleur ENERGYLINE PRO 15 kW<br \/>\n___<br \/>\nCon\u00e7ue sp\u00e9cifiquement pour une utilisationtoutes saisons, en conditions extr\u00eamesjusqu\u2019\u00e0 -12\u00b0C<br \/>\nLe ventilateur Inverter \u00e0 vitesses variables adapte sa vitesse de rotation en fonction des conditions ext\u00e9rieureset fonctionne au ralenti pour unmode nuit tr\u00e8s silencieux<br \/>\nD\u00e9givrage automatiquepar inversion de cycle<br \/>\nEcran tactile de 19 cmpour une accessibilit\u00e9 simplifi\u00e9e<br \/>\nD\u00e9marrage \u00e9lectronique progressif<br \/>\nId\u00e9ale pourpiscines int\u00e9rieureset\/ouenr\u00e9gions froides<br \/>\nNormes : NF_NF P 26-414<br \/>\nInverter: Non<br \/>\nR\u00e9versible: Oui<br \/>\nTension (W): 230<br \/>\nMode priorit\u00e9 chauffage: Oui<br \/>\n\u00c9cran d\u00e9tachable: oui en option<br \/>\nConnectivit\u00e9 int\u00e9gr\u00e9e: Oui<br \/>\n___<\/p>\n<p>Tension<br \/>\n    230 V<\/p>\n<p>Courant<br \/>\n    monophas\u00e9<\/p>\n<p>Connectivit\u00e9 int\u00e9gr\u00e9e<br \/>\n    oui<\/p>\n<p>Mode priorit\u00e9 chauffage<br \/>\n    oui<\/p>\n<p>R\u00e9versible<br \/>\n    oui<\/p>\n<p>\u00c9cran d\u00e9tachable<br \/>\n    oui en option<\/p>\n<p>Inverter<br \/>\n    non<br \/>\n    oui<\/p>\n<p>Puissance restitu\u00e9e<br \/>\n    15 kW<br \/>\n___<br \/>\nPuissance acoustique<br \/>\n    41 dB(A) \u00e0 10 m<br \/>\n___<br \/>\nR\u00e9f. fabricant : ENP5MAS <\/p>\n","protected":false},"excerpt":{"rendered":"<p>HAYWARD Pompe \u00e0 chaleur ENERGYLINE PRO 15 kW ___ Con\u00e7ue sp\u00e9cifiquement pour une utilisationtoutes saisons, en conditions extr\u00eamesjusqu\u2019\u00e0 -12\u00b0C Le [&hellip;]<\/p>\n","protected":false},"featured_media":1253,"comment_status":"open","ping_status":"closed","template":"","meta":{"site-sidebar-layout":"","site-content-layout":"","ast-site-content-layout":"","site-content-style":"","site-sidebar-style":"","ast-global-header-display":"","ast-banner-title-visibility":"","ast-main-header-display":"","ast-hfb-above-header-display":"","ast-hfb-below-header-display":"","ast-hfb-mobile-header-display":"","site-post-title":"","ast-breadcrumbs-content":"","ast-featured-img":"","footer-sml-layout":"","theme-transparent-header-meta":"","adv-header-id-meta":"","stick-header-meta":"","header-above-stick-meta":"","header-main-stick-meta":"","header-below-stick-meta":"","astra-migrate-meta-layouts":"","ast-page-background-enabled":"default","ast-page-background-meta":{"desktop":{"background-color":"var(--ast-global-color-4)","background-image":"","background-repeat":"repeat","background-position":"center center","background-size":"auto","background-attachment":"scroll","background-type":"","background-media":"","overlay-type":"","overlay-color":"","overlay-opacity":"","overlay-gradient":""},"tablet":{"background-color":"","background-image":"","background-repeat":"repeat","background-position":"center center","background-size":"auto","background-attachment":"scroll","background-type":"","background-media":"","overlay-type":"","overlay-color":"","overlay-opacity":"","overlay-gradient":""},"mobile":{"background-color":"","background-image":"","background-repeat":"repeat","background-position":"center center","background-size":"auto","background-attachment":"scroll","background-type":"","background-media":"","overlay-type":"","overlay-color":"","overlay-opacity":"","overlay-gradient":""}},"ast-content-background-meta":{"desktop":{"background-color":"var(--ast-global-color-5)","background-image":"","background-repeat":"repeat","background-position":"center center","background-size":"auto","background-attachment":"scroll","background-type":"","background-media":"","overlay-type":"","overlay-color":"","overlay-opacity":"","overlay-gradient":""},"tablet":{"background-color":"var(--ast-global-color-5)","background-image":"","background-repeat":"repeat","background-position":"center center","background-size":"auto","background-attachment":"scroll","background-type":"","background-media":"","overlay-type":"","overlay-color":"","overlay-opacity":"","overlay-gradient":""},"mobile":{"background-color":"var(--ast-global-color-5)","background-image":"","background-repeat":"repeat","background-position":"center center","background-size":"auto","background-attachment":"scroll","background-type":"","background-media":"","overlay-type":"","overlay-color":"","overlay-opacity":"","overlay-gradient":""}}},"product_brand":[],"product_cat":[26],"product_tag":[],"class_list":{"0":"post-1270","1":"product","2":"type-product","3":"status-publish","4":"has-post-thumbnail","6":"product_cat-pompes-a-chaleur","7":"desktop-align-left","8":"tablet-align-left","9":"mobile-align-left","11":"first","12":"instock","13":"shipping-taxable","14":"purchasable","15":"product-type-simple"},"jetpack_sharing_enabled":true,"_links":{"self":[{"href":"https:\/\/chocpiscine.com\/index.php?rest_route=\/wp\/v2\/product\/1270","targetHints":{"allow":["GET"]}}],"collection":[{"href":"https:\/\/chocpiscine.com\/index.php?rest_route=\/wp\/v2\/product"}],"about":[{"href":"https:\/\/chocpiscine.com\/index.php?rest_route=\/wp\/v2\/types\/product"}],"replies":[{"embeddable":true,"href":"https:\/\/chocpiscine.com\/index.php?rest_route=%2Fwp%2Fv2%2Fcomments&post=1270"}],"wp:featuredmedia":[{"embeddable":true,"href":"https:\/\/chocpiscine.com\/index.php?rest_route=\/wp\/v2\/media\/1253"}],"wp:attachment":[{"href":"https:\/\/chocpiscine.com\/index.php?rest_route=%2Fwp%2Fv2%2Fmedia&parent=1270"}],"wp:term":[{"taxonomy":"product_brand","embeddable":true,"href":"https:\/\/chocpiscine.com\/index.php?rest_route=%2Fwp%2Fv2%2Fproduct_brand&post=1270"},{"taxonomy":"product_cat","embeddable":true,"href":"https:\/\/chocpiscine.com\/index.php?rest_route=%2Fwp%2Fv2%2Fproduct_cat&post=1270"},{"taxonomy":"product_tag","embeddable":true,"href":"https:\/\/chocpiscine.com\/index.php?rest_route=%2Fwp%2Fv2%2Fproduct_tag&post=1270"}],"curies":[{"name":"wp","href":"https:\/\/api.w.org\/{rel}","templated":true}]}}