{"id":1383,"date":"2024-03-27T11:15:07","date_gmt":"2024-03-27T10:15:07","guid":{"rendered":"https:\/\/chocpiscine.com\/?post_type=product&#038;p=1383"},"modified":"2024-03-27T11:15:23","modified_gmt":"2024-03-27T10:15:23","slug":"bonde-de-fond-inox-antivortex-allfit-hugo-lahme","status":"publish","type":"product","link":"https:\/\/chocpiscine.com\/?product=bonde-de-fond-inox-antivortex-allfit-hugo-lahme","title":{"rendered":"Bonde de fond INOX ANTIVORTEX ALLFIT &#8211; HUGO LAHME"},"content":{"rendered":"<p>Bonde de fond inox 316L \u2013laiton rouge rouge sortie<br \/>\ncoud\u00e9e \u00e0 90 \u00b0. 2 pouces femelle. Couvercle anti-vortex pour plus de s\u00e9curit\u00e9.<\/p>\n<p>Norme bonde de fondEN16713-02<br \/>\n2 bondes de fond install\u00e9es \u00e0 au moins<br \/>\n1 m\u00e8tre de distance l\u2019une de l\u2019autre chacune pouvant supporter l\u2019ensemble du d\u00e9bit<br \/>\nmax recommande a une vitesse de 0,5 m\/s \u00e0 la grille (en g\u00e9n\u00e9ral entre 8-10 m3\/h<br \/>\nmax pour les bondes de fond r\u00e9siden elles) ou installa on d\u2019une bonde an vortex<br \/>\nafi n d\u2019\u00e9viter les risque de noyade par placage.<br \/>\n Rev\u00eatement<br \/>\nb\u00e9ton<\/p>\n<p>Type de pi\u00e8ces \u00e0 sceller<br \/>\nbonde de fond<\/p>\n<p>Finition<br \/>\ninox<br \/>\n R\u00e9f.fabricant : 2015020<\/p>\n","protected":false},"excerpt":{"rendered":"<p>Bonde de fond inox 316L \u2013laiton rouge rouge sortie coud\u00e9e \u00e0 90 \u00b0. 2 pouces femelle. Couvercle anti-vortex pour plus [&hellip;]<\/p>\n","protected":false},"featured_media":1413,"comment_status":"open","ping_status":"closed","template":"","meta":{"site-sidebar-layout":"","site-content-layout":"","ast-site-content-layout":"","site-content-style":"","site-sidebar-style":"","ast-global-header-display":"","ast-banner-title-visibility":"","ast-main-header-display":"","ast-hfb-above-header-display":"","ast-hfb-below-header-display":"","ast-hfb-mobile-header-display":"","site-post-title":"","ast-breadcrumbs-content":"","ast-featured-img":"","footer-sml-layout":"","theme-transparent-header-meta":"","adv-header-id-meta":"","stick-header-meta":"","header-above-stick-meta":"","header-main-stick-meta":"","header-below-stick-meta":"","astra-migrate-meta-layouts":"","ast-page-background-enabled":"default","ast-page-background-meta":{"desktop":{"background-color":"var(--ast-global-color-4)","background-image":"","background-repeat":"repeat","background-position":"center center","background-size":"auto","background-attachment":"scroll","background-type":"","background-media":"","overlay-type":"","overlay-color":"","overlay-opacity":"","overlay-gradient":""},"tablet":{"background-color":"","background-image":"","background-repeat":"repeat","background-position":"center center","background-size":"auto","background-attachment":"scroll","background-type":"","background-media":"","overlay-type":"","overlay-color":"","overlay-opacity":"","overlay-gradient":""},"mobile":{"background-color":"","background-image":"","background-repeat":"repeat","background-position":"center center","background-size":"auto","background-attachment":"scroll","background-type":"","background-media":"","overlay-type":"","overlay-color":"","overlay-opacity":"","overlay-gradient":""}},"ast-content-background-meta":{"desktop":{"background-color":"var(--ast-global-color-5)","background-image":"","background-repeat":"repeat","background-position":"center center","background-size":"auto","background-attachment":"scroll","background-type":"","background-media":"","overlay-type":"","overlay-color":"","overlay-opacity":"","overlay-gradient":""},"tablet":{"background-color":"var(--ast-global-color-5)","background-image":"","background-repeat":"repeat","background-position":"center center","background-size":"auto","background-attachment":"scroll","background-type":"","background-media":"","overlay-type":"","overlay-color":"","overlay-opacity":"","overlay-gradient":""},"mobile":{"background-color":"var(--ast-global-color-5)","background-image":"","background-repeat":"repeat","background-position":"center center","background-size":"auto","background-attachment":"scroll","background-type":"","background-media":"","overlay-type":"","overlay-color":"","overlay-opacity":"","overlay-gradient":""}}},"product_brand":[],"product_cat":[27],"product_tag":[],"class_list":{"0":"post-1383","1":"product","2":"type-product","3":"status-publish","4":"has-post-thumbnail","6":"product_cat-pieces-sceller-piscine","7":"desktop-align-left","8":"tablet-align-left","9":"mobile-align-left","11":"first","12":"instock","13":"shipping-taxable","14":"purchasable","15":"product-type-simple"},"jetpack_sharing_enabled":true,"_links":{"self":[{"href":"https:\/\/chocpiscine.com\/index.php?rest_route=\/wp\/v2\/product\/1383","targetHints":{"allow":["GET"]}}],"collection":[{"href":"https:\/\/chocpiscine.com\/index.php?rest_route=\/wp\/v2\/product"}],"about":[{"href":"https:\/\/chocpiscine.com\/index.php?rest_route=\/wp\/v2\/types\/product"}],"replies":[{"embeddable":true,"href":"https:\/\/chocpiscine.com\/index.php?rest_route=%2Fwp%2Fv2%2Fcomments&post=1383"}],"wp:featuredmedia":[{"embeddable":true,"href":"https:\/\/chocpiscine.com\/index.php?rest_route=\/wp\/v2\/media\/1413"}],"wp:attachment":[{"href":"https:\/\/chocpiscine.com\/index.php?rest_route=%2Fwp%2Fv2%2Fmedia&parent=1383"}],"wp:term":[{"taxonomy":"product_brand","embeddable":true,"href":"https:\/\/chocpiscine.com\/index.php?rest_route=%2Fwp%2Fv2%2Fproduct_brand&post=1383"},{"taxonomy":"product_cat","embeddable":true,"href":"https:\/\/chocpiscine.com\/index.php?rest_route=%2Fwp%2Fv2%2Fproduct_cat&post=1383"},{"taxonomy":"product_tag","embeddable":true,"href":"https:\/\/chocpiscine.com\/index.php?rest_route=%2Fwp%2Fv2%2Fproduct_tag&post=1383"}],"curies":[{"name":"wp","href":"https:\/\/api.w.org\/{rel}","templated":true}]}}