{"id":1444,"date":"2024-03-27T11:15:28","date_gmt":"2024-03-27T10:15:28","guid":{"rendered":"https:\/\/chocpiscine.com\/?post_type=product&#038;p=1444"},"modified":"2024-03-27T11:15:45","modified_gmt":"2024-03-27T10:15:45","slug":"buse-de-fond-inox-beton-auto-ajustable-pahlen-pahlen","status":"publish","type":"product","link":"https:\/\/chocpiscine.com\/?product=buse-de-fond-inox-beton-auto-ajustable-pahlen-pahlen","title":{"rendered":"Buse de fond INOX BETON auto-ajustable PAHLEN &#8211; PAHLEN"},"content":{"rendered":"<p>Buse de fond en inox aisi 316l, sp\u00e9cialement adaptepour piscine miroir, fontaine.<br \/>\nD\u00e9bit reglable8 positions &#8211; Auto-nivelable. Montage pour piscine b\u00e9ton, supportd\u2019ancrage sp\u00e9cialement con\u00e7u pour se fixer a l\u2019interieur des tuyauxPVC PN10\/16 de diametre ext\u00e9rieur 50 et 63.<br \/>\nDiam\u00e8tre int\u00e9rieurminimum 45,2 mm &#8211; Diam\u00e8tre int\u00e9rieur maximum 57 mm.<br \/>\nAjustable de 5 m\u00b3\/h a 15 m\u00b3\/h<br \/>\nNORME<br \/>\n1 buse pour 6 m2(profondeur moins 1,35 m)<br \/>\n1 buse pour 8m2 si plus de 1,35 de profondeur<br \/>\n Rev\u00eatement<br \/>\nb\u00e9ton<\/p>\n<p>Type de pi\u00e8ces \u00e0 sceller<br \/>\nbuse de fond<\/p>\n<p>Finition<br \/>\ninox<br \/>\n R\u00e9f.fabricant : 126110<\/p>\n","protected":false},"excerpt":{"rendered":"<p>Buse de fond en inox aisi 316l, sp\u00e9cialement adaptepour piscine miroir, fontaine. D\u00e9bit reglable8 positions &#8211; Auto-nivelable. Montage pour piscine [&hellip;]<\/p>\n","protected":false},"featured_media":1474,"comment_status":"open","ping_status":"closed","template":"","meta":{"site-sidebar-layout":"","site-content-layout":"","ast-site-content-layout":"","site-content-style":"","site-sidebar-style":"","ast-global-header-display":"","ast-banner-title-visibility":"","ast-main-header-display":"","ast-hfb-above-header-display":"","ast-hfb-below-header-display":"","ast-hfb-mobile-header-display":"","site-post-title":"","ast-breadcrumbs-content":"","ast-featured-img":"","footer-sml-layout":"","theme-transparent-header-meta":"","adv-header-id-meta":"","stick-header-meta":"","header-above-stick-meta":"","header-main-stick-meta":"","header-below-stick-meta":"","astra-migrate-meta-layouts":"","ast-page-background-enabled":"default","ast-page-background-meta":{"desktop":{"background-color":"var(--ast-global-color-4)","background-image":"","background-repeat":"repeat","background-position":"center center","background-size":"auto","background-attachment":"scroll","background-type":"","background-media":"","overlay-type":"","overlay-color":"","overlay-opacity":"","overlay-gradient":""},"tablet":{"background-color":"","background-image":"","background-repeat":"repeat","background-position":"center center","background-size":"auto","background-attachment":"scroll","background-type":"","background-media":"","overlay-type":"","overlay-color":"","overlay-opacity":"","overlay-gradient":""},"mobile":{"background-color":"","background-image":"","background-repeat":"repeat","background-position":"center center","background-size":"auto","background-attachment":"scroll","background-type":"","background-media":"","overlay-type":"","overlay-color":"","overlay-opacity":"","overlay-gradient":""}},"ast-content-background-meta":{"desktop":{"background-color":"var(--ast-global-color-5)","background-image":"","background-repeat":"repeat","background-position":"center center","background-size":"auto","background-attachment":"scroll","background-type":"","background-media":"","overlay-type":"","overlay-color":"","overlay-opacity":"","overlay-gradient":""},"tablet":{"background-color":"var(--ast-global-color-5)","background-image":"","background-repeat":"repeat","background-position":"center center","background-size":"auto","background-attachment":"scroll","background-type":"","background-media":"","overlay-type":"","overlay-color":"","overlay-opacity":"","overlay-gradient":""},"mobile":{"background-color":"var(--ast-global-color-5)","background-image":"","background-repeat":"repeat","background-position":"center center","background-size":"auto","background-attachment":"scroll","background-type":"","background-media":"","overlay-type":"","overlay-color":"","overlay-opacity":"","overlay-gradient":""}}},"product_brand":[],"product_cat":[27],"product_tag":[],"class_list":{"0":"post-1444","1":"product","2":"type-product","3":"status-publish","4":"has-post-thumbnail","6":"product_cat-pieces-sceller-piscine","7":"desktop-align-left","8":"tablet-align-left","9":"mobile-align-left","11":"first","12":"instock","13":"shipping-taxable","14":"purchasable","15":"product-type-simple"},"jetpack_sharing_enabled":true,"_links":{"self":[{"href":"https:\/\/chocpiscine.com\/index.php?rest_route=\/wp\/v2\/product\/1444","targetHints":{"allow":["GET"]}}],"collection":[{"href":"https:\/\/chocpiscine.com\/index.php?rest_route=\/wp\/v2\/product"}],"about":[{"href":"https:\/\/chocpiscine.com\/index.php?rest_route=\/wp\/v2\/types\/product"}],"replies":[{"embeddable":true,"href":"https:\/\/chocpiscine.com\/index.php?rest_route=%2Fwp%2Fv2%2Fcomments&post=1444"}],"wp:featuredmedia":[{"embeddable":true,"href":"https:\/\/chocpiscine.com\/index.php?rest_route=\/wp\/v2\/media\/1474"}],"wp:attachment":[{"href":"https:\/\/chocpiscine.com\/index.php?rest_route=%2Fwp%2Fv2%2Fmedia&parent=1444"}],"wp:term":[{"taxonomy":"product_brand","embeddable":true,"href":"https:\/\/chocpiscine.com\/index.php?rest_route=%2Fwp%2Fv2%2Fproduct_brand&post=1444"},{"taxonomy":"product_cat","embeddable":true,"href":"https:\/\/chocpiscine.com\/index.php?rest_route=%2Fwp%2Fv2%2Fproduct_cat&post=1444"},{"taxonomy":"product_tag","embeddable":true,"href":"https:\/\/chocpiscine.com\/index.php?rest_route=%2Fwp%2Fv2%2Fproduct_tag&post=1444"}],"curies":[{"name":"wp","href":"https:\/\/api.w.org\/{rel}","templated":true}]}}