{"id":1561,"date":"2024-03-27T11:16:09","date_gmt":"2024-03-27T10:16:09","guid":{"rendered":"https:\/\/chocpiscine.com\/?post_type=product&#038;p=1561"},"modified":"2024-03-27T11:16:25","modified_gmt":"2024-03-27T10:16:25","slug":"colle-pvc-gebsoplast-gel-plus-500-ml-geb","status":"publish","type":"product","link":"https:\/\/chocpiscine.com\/?product=colle-pvc-gebsoplast-gel-plus-500-ml-geb","title":{"rendered":"Colle PVC GEBSOPLAST GEL PLUS &#8211; 500 mL &#8211; GEB"},"content":{"rendered":"<p>Pour l&#8217;assemblage d&#8217;\u00e9lements de canalisation en PVC rigide non pastifi\u00e9 (PVC-u) destin\u00e9s \u00e0 l&#8217;adduction sous pression d\u2019eau potable froide ou chaude.<\/p>\n<p>Collage de canalisations d&#8217;\u00e9vacuation des eaux sanitaires ou us\u00e9es (lave-vaisselle et lave-linge), canalisation d&#8217;eaux de vannes, de descentes d&#8217;eau pluviales&#8230;<br \/>\n Compatibilit\u00e9 eau potable<br \/>\noui<\/p>\n<p>Plage de temp\u00e9ratures d&#8217;utilisation<br \/>\n5 \u00e0 35 \u00b0C<\/p>\n<p>Temps de prise<br \/>\nde 1 \u00e0 24 h<\/p>\n<p>Usage<br \/>\ncolle pour assemblage d&#8217;\u00e9l\u00e9ments de canalisation en PVC-U<\/p>\n<p>Contenance<br \/>\n500 mL<\/p>\n<p>Type de conditionnement<br \/>\nbo\u00eete<br \/>\n R\u00e9f.fabricant : 504749<\/p>\n","protected":false},"excerpt":{"rendered":"<p>Pour l&#8217;assemblage d&#8217;\u00e9lements de canalisation en PVC rigide non pastifi\u00e9 (PVC-u) destin\u00e9s \u00e0 l&#8217;adduction sous pression d\u2019eau potable froide ou [&hellip;]<\/p>\n","protected":false},"featured_media":1589,"comment_status":"open","ping_status":"closed","template":"","meta":{"site-sidebar-layout":"","site-content-layout":"","ast-site-content-layout":"","site-content-style":"","site-sidebar-style":"","ast-global-header-display":"","ast-banner-title-visibility":"","ast-main-header-display":"","ast-hfb-above-header-display":"","ast-hfb-below-header-display":"","ast-hfb-mobile-header-display":"","site-post-title":"","ast-breadcrumbs-content":"","ast-featured-img":"","footer-sml-layout":"","theme-transparent-header-meta":"","adv-header-id-meta":"","stick-header-meta":"","header-above-stick-meta":"","header-main-stick-meta":"","header-below-stick-meta":"","astra-migrate-meta-layouts":"","ast-page-background-enabled":"default","ast-page-background-meta":{"desktop":{"background-color":"var(--ast-global-color-4)","background-image":"","background-repeat":"repeat","background-position":"center center","background-size":"auto","background-attachment":"scroll","background-type":"","background-media":"","overlay-type":"","overlay-color":"","overlay-opacity":"","overlay-gradient":""},"tablet":{"background-color":"","background-image":"","background-repeat":"repeat","background-position":"center center","background-size":"auto","background-attachment":"scroll","background-type":"","background-media":"","overlay-type":"","overlay-color":"","overlay-opacity":"","overlay-gradient":""},"mobile":{"background-color":"","background-image":"","background-repeat":"repeat","background-position":"center center","background-size":"auto","background-attachment":"scroll","background-type":"","background-media":"","overlay-type":"","overlay-color":"","overlay-opacity":"","overlay-gradient":""}},"ast-content-background-meta":{"desktop":{"background-color":"var(--ast-global-color-5)","background-image":"","background-repeat":"repeat","background-position":"center center","background-size":"auto","background-attachment":"scroll","background-type":"","background-media":"","overlay-type":"","overlay-color":"","overlay-opacity":"","overlay-gradient":""},"tablet":{"background-color":"var(--ast-global-color-5)","background-image":"","background-repeat":"repeat","background-position":"center center","background-size":"auto","background-attachment":"scroll","background-type":"","background-media":"","overlay-type":"","overlay-color":"","overlay-opacity":"","overlay-gradient":""},"mobile":{"background-color":"var(--ast-global-color-5)","background-image":"","background-repeat":"repeat","background-position":"center center","background-size":"auto","background-attachment":"scroll","background-type":"","background-media":"","overlay-type":"","overlay-color":"","overlay-opacity":"","overlay-gradient":""}}},"product_brand":[],"product_cat":[35],"product_tag":[],"class_list":{"0":"post-1561","1":"product","2":"type-product","3":"status-publish","4":"has-post-thumbnail","6":"product_cat-colles-pvc-piscine","7":"desktop-align-left","8":"tablet-align-left","9":"mobile-align-left","11":"first","12":"instock","13":"shipping-taxable","14":"purchasable","15":"product-type-simple"},"jetpack_sharing_enabled":true,"_links":{"self":[{"href":"https:\/\/chocpiscine.com\/index.php?rest_route=\/wp\/v2\/product\/1561","targetHints":{"allow":["GET"]}}],"collection":[{"href":"https:\/\/chocpiscine.com\/index.php?rest_route=\/wp\/v2\/product"}],"about":[{"href":"https:\/\/chocpiscine.com\/index.php?rest_route=\/wp\/v2\/types\/product"}],"replies":[{"embeddable":true,"href":"https:\/\/chocpiscine.com\/index.php?rest_route=%2Fwp%2Fv2%2Fcomments&post=1561"}],"wp:featuredmedia":[{"embeddable":true,"href":"https:\/\/chocpiscine.com\/index.php?rest_route=\/wp\/v2\/media\/1589"}],"wp:attachment":[{"href":"https:\/\/chocpiscine.com\/index.php?rest_route=%2Fwp%2Fv2%2Fmedia&parent=1561"}],"wp:term":[{"taxonomy":"product_brand","embeddable":true,"href":"https:\/\/chocpiscine.com\/index.php?rest_route=%2Fwp%2Fv2%2Fproduct_brand&post=1561"},{"taxonomy":"product_cat","embeddable":true,"href":"https:\/\/chocpiscine.com\/index.php?rest_route=%2Fwp%2Fv2%2Fproduct_cat&post=1561"},{"taxonomy":"product_tag","embeddable":true,"href":"https:\/\/chocpiscine.com\/index.php?rest_route=%2Fwp%2Fv2%2Fproduct_tag&post=1561"}],"curies":[{"name":"wp","href":"https:\/\/api.w.org\/{rel}","templated":true}]}}