{"id":1838,"date":"2024-03-27T11:17:47","date_gmt":"2024-03-27T10:17:47","guid":{"rendered":"https:\/\/chocpiscine.com\/?post_type=product&#038;p=1838"},"modified":"2024-03-27T11:17:50","modified_gmt":"2024-03-27T10:17:50","slug":"coffret-de-filtration-filterbox-full-flowdians","status":"publish","type":"product","link":"https:\/\/chocpiscine.com\/?product=coffret-de-filtration-filterbox-full-flowdians","title":{"rendered":"Coffret de filtration FILTERBOX FULL &#8211; FLOWDIANS"},"content":{"rendered":"<p>Coffret \u00e9lectrique piscine \u00e9quip\u00e9 d\u2019un bornier de raccordement industriel.<br \/>\nLivr\u00e9 avec une notice clair pour faciliter le c\u00e2blage<br \/>\nLe coffret FILTERBOX EASY est compos\u00e9 de :<br \/>\nInterrupteur diff\u00e9rentiel 30 mA &#8211; 40 A, disjoncteur courbe D16 pour PAC, disjoncteur C10 non asservi pour le branchement des remplissages auto ou volet, d\u2019un disjoncteur moteur 4-6,3 A, de 2 disjoncteurs C6 asservis \u00e0 la filtration, d\u2019un transfo 100VA.<br \/>\nC\u00e2blage simplifi\u00e9 pour le branchement du\/des projecteur(s), des t\u00e9l\u00e9commandes d\u2019\u00e9clairage de type BRIORC ou BRIOWIL et pour le branchement des r\u00e9gulations de niveau ou coffret hors gel par les bornes ABCD. Ce coffret est uniquement monophas\u00e9.<br \/>\n Type de commande<br \/>\nprotection pompe \u00e0 chaleur<\/p>\n<p>Filtration thermo r\u00e9gul\u00e9e<br \/>\nnon<\/p>\n<p>Mod\u00e8le<br \/>\nFilterbox full<\/p>\n<p>Commande surpresseur<br \/>\nnon<\/p>\n<p>Tension<br \/>\nmonophas\u00e9<\/p>\n<p>Nombre de projecteurs<br \/>\n1<\/p>\n<p>Type de coffret<br \/>\nmultifonctions modulaire<\/p>\n<p>\u00c9quip\u00e9 d&#8217;un transformateur<br \/>\noui<\/p>\n<p>Disjoncteur inclus<br \/>\noui<br \/>\n R\u00e9f.fabricant : PF10D472<\/p>\n","protected":false},"excerpt":{"rendered":"<p>Coffret \u00e9lectrique piscine \u00e9quip\u00e9 d\u2019un bornier de raccordement industriel. Livr\u00e9 avec une notice clair pour faciliter le c\u00e2blage Le coffret [&hellip;]<\/p>\n","protected":false},"featured_media":1864,"comment_status":"open","ping_status":"closed","template":"","meta":{"site-sidebar-layout":"","site-content-layout":"","ast-site-content-layout":"","site-content-style":"","site-sidebar-style":"","ast-global-header-display":"","ast-banner-title-visibility":"","ast-main-header-display":"","ast-hfb-above-header-display":"","ast-hfb-below-header-display":"","ast-hfb-mobile-header-display":"","site-post-title":"","ast-breadcrumbs-content":"","ast-featured-img":"","footer-sml-layout":"","theme-transparent-header-meta":"","adv-header-id-meta":"","stick-header-meta":"","header-above-stick-meta":"","header-main-stick-meta":"","header-below-stick-meta":"","astra-migrate-meta-layouts":"","ast-page-background-enabled":"default","ast-page-background-meta":{"desktop":{"background-color":"var(--ast-global-color-4)","background-image":"","background-repeat":"repeat","background-position":"center center","background-size":"auto","background-attachment":"scroll","background-type":"","background-media":"","overlay-type":"","overlay-color":"","overlay-opacity":"","overlay-gradient":""},"tablet":{"background-color":"","background-image":"","background-repeat":"repeat","background-position":"center center","background-size":"auto","background-attachment":"scroll","background-type":"","background-media":"","overlay-type":"","overlay-color":"","overlay-opacity":"","overlay-gradient":""},"mobile":{"background-color":"","background-image":"","background-repeat":"repeat","background-position":"center center","background-size":"auto","background-attachment":"scroll","background-type":"","background-media":"","overlay-type":"","overlay-color":"","overlay-opacity":"","overlay-gradient":""}},"ast-content-background-meta":{"desktop":{"background-color":"var(--ast-global-color-5)","background-image":"","background-repeat":"repeat","background-position":"center center","background-size":"auto","background-attachment":"scroll","background-type":"","background-media":"","overlay-type":"","overlay-color":"","overlay-opacity":"","overlay-gradient":""},"tablet":{"background-color":"var(--ast-global-color-5)","background-image":"","background-repeat":"repeat","background-position":"center center","background-size":"auto","background-attachment":"scroll","background-type":"","background-media":"","overlay-type":"","overlay-color":"","overlay-opacity":"","overlay-gradient":""},"mobile":{"background-color":"var(--ast-global-color-5)","background-image":"","background-repeat":"repeat","background-position":"center center","background-size":"auto","background-attachment":"scroll","background-type":"","background-media":"","overlay-type":"","overlay-color":"","overlay-opacity":"","overlay-gradient":""}}},"product_brand":[],"product_cat":[46],"product_tag":[],"class_list":{"0":"post-1838","1":"product","2":"type-product","3":"status-publish","4":"has-post-thumbnail","6":"product_cat-coffrets-commande-protection-piscine","7":"desktop-align-left","8":"tablet-align-left","9":"mobile-align-left","11":"first","12":"instock","13":"shipping-taxable","14":"purchasable","15":"product-type-simple"},"jetpack_sharing_enabled":true,"_links":{"self":[{"href":"https:\/\/chocpiscine.com\/index.php?rest_route=\/wp\/v2\/product\/1838","targetHints":{"allow":["GET"]}}],"collection":[{"href":"https:\/\/chocpiscine.com\/index.php?rest_route=\/wp\/v2\/product"}],"about":[{"href":"https:\/\/chocpiscine.com\/index.php?rest_route=\/wp\/v2\/types\/product"}],"replies":[{"embeddable":true,"href":"https:\/\/chocpiscine.com\/index.php?rest_route=%2Fwp%2Fv2%2Fcomments&post=1838"}],"wp:featuredmedia":[{"embeddable":true,"href":"https:\/\/chocpiscine.com\/index.php?rest_route=\/wp\/v2\/media\/1864"}],"wp:attachment":[{"href":"https:\/\/chocpiscine.com\/index.php?rest_route=%2Fwp%2Fv2%2Fmedia&parent=1838"}],"wp:term":[{"taxonomy":"product_brand","embeddable":true,"href":"https:\/\/chocpiscine.com\/index.php?rest_route=%2Fwp%2Fv2%2Fproduct_brand&post=1838"},{"taxonomy":"product_cat","embeddable":true,"href":"https:\/\/chocpiscine.com\/index.php?rest_route=%2Fwp%2Fv2%2Fproduct_cat&post=1838"},{"taxonomy":"product_tag","embeddable":true,"href":"https:\/\/chocpiscine.com\/index.php?rest_route=%2Fwp%2Fv2%2Fproduct_tag&post=1838"}],"curies":[{"name":"wp","href":"https:\/\/api.w.org\/{rel}","templated":true}]}}