{"id":1860,"date":"2024-03-27T11:17:48","date_gmt":"2024-03-27T10:17:48","guid":{"rendered":"https:\/\/chocpiscine.com\/?post_type=product&#038;p=1860"},"modified":"2024-03-27T11:18:06","modified_gmt":"2024-03-27T10:18:06","slug":"coffret-electrique-regulateur-de-niveau-regul2fj-wa-conception","status":"publish","type":"product","link":"https:\/\/chocpiscine.com\/?product=coffret-electrique-regulateur-de-niveau-regul2fj-wa-conception","title":{"rendered":"Coffret \u00e9lectrique r\u00e9gulateur de niveau REGUL2FJ &#8211; WA CONCEPTION"},"content":{"rendered":"<p>Coffret de r\u00e9gulation pr\u00e9conis\u00e9 dans un bac tampon\u00a0d\u2019une hauteur inf\u00e9rieure \u00e0 80cm.<br \/>\nS\u00e9curit\u00e9 manque d\u2019eau.<br \/>\nRemplissage sur le m\u00eame niveau (zone de s\u00e9curit\u00e9 pompe niveau bas).<br \/>\nRemise en route pompe niveau haut (zone de s\u00e9curit\u00e9 pompe niveau haut).<br \/>\nCoffret de r\u00e9gulation 2 fonctions &#8211; 5 sondes.<br \/>\n Type de commande<br \/>\nr\u00e9gulation niveau d&#8217;eau<\/p>\n<p>Filtration thermo r\u00e9gul\u00e9e<br \/>\nnon<\/p>\n<p>Mod\u00e8le<br \/>\nREGUL2FJ<br \/>\nREGUL3<\/p>\n<p>Commande surpresseur<br \/>\nnon<\/p>\n<p>Tension<br \/>\nmonophas\u00e9<\/p>\n<p>Type de coffret<br \/>\nniveau d&#8217;eau<\/p>\n<p>\u00c9quip\u00e9 d&#8217;un transformateur<br \/>\nnon<\/p>\n<p>Disjoncteur inclus<br \/>\nnon<br \/>\n R\u00e9f.fabricant : REGUL 2FJ 5S<\/p>\n","protected":false},"excerpt":{"rendered":"<p>Coffret de r\u00e9gulation pr\u00e9conis\u00e9 dans un bac tampon\u00a0d\u2019une hauteur inf\u00e9rieure \u00e0 80cm. S\u00e9curit\u00e9 manque d\u2019eau. Remplissage sur le m\u00eame niveau [&hellip;]<\/p>\n","protected":false},"featured_media":1886,"comment_status":"open","ping_status":"closed","template":"","meta":{"site-sidebar-layout":"","site-content-layout":"","ast-site-content-layout":"","site-content-style":"","site-sidebar-style":"","ast-global-header-display":"","ast-banner-title-visibility":"","ast-main-header-display":"","ast-hfb-above-header-display":"","ast-hfb-below-header-display":"","ast-hfb-mobile-header-display":"","site-post-title":"","ast-breadcrumbs-content":"","ast-featured-img":"","footer-sml-layout":"","theme-transparent-header-meta":"","adv-header-id-meta":"","stick-header-meta":"","header-above-stick-meta":"","header-main-stick-meta":"","header-below-stick-meta":"","astra-migrate-meta-layouts":"","ast-page-background-enabled":"default","ast-page-background-meta":{"desktop":{"background-color":"var(--ast-global-color-4)","background-image":"","background-repeat":"repeat","background-position":"center center","background-size":"auto","background-attachment":"scroll","background-type":"","background-media":"","overlay-type":"","overlay-color":"","overlay-opacity":"","overlay-gradient":""},"tablet":{"background-color":"","background-image":"","background-repeat":"repeat","background-position":"center center","background-size":"auto","background-attachment":"scroll","background-type":"","background-media":"","overlay-type":"","overlay-color":"","overlay-opacity":"","overlay-gradient":""},"mobile":{"background-color":"","background-image":"","background-repeat":"repeat","background-position":"center center","background-size":"auto","background-attachment":"scroll","background-type":"","background-media":"","overlay-type":"","overlay-color":"","overlay-opacity":"","overlay-gradient":""}},"ast-content-background-meta":{"desktop":{"background-color":"var(--ast-global-color-5)","background-image":"","background-repeat":"repeat","background-position":"center center","background-size":"auto","background-attachment":"scroll","background-type":"","background-media":"","overlay-type":"","overlay-color":"","overlay-opacity":"","overlay-gradient":""},"tablet":{"background-color":"var(--ast-global-color-5)","background-image":"","background-repeat":"repeat","background-position":"center center","background-size":"auto","background-attachment":"scroll","background-type":"","background-media":"","overlay-type":"","overlay-color":"","overlay-opacity":"","overlay-gradient":""},"mobile":{"background-color":"var(--ast-global-color-5)","background-image":"","background-repeat":"repeat","background-position":"center center","background-size":"auto","background-attachment":"scroll","background-type":"","background-media":"","overlay-type":"","overlay-color":"","overlay-opacity":"","overlay-gradient":""}}},"product_brand":[],"product_cat":[47],"product_tag":[],"class_list":{"0":"post-1860","1":"product","2":"type-product","3":"status-publish","4":"has-post-thumbnail","6":"product_cat-coffrets-regulation-niveau","7":"desktop-align-left","8":"tablet-align-left","9":"mobile-align-left","11":"first","12":"instock","13":"shipping-taxable","14":"purchasable","15":"product-type-simple"},"jetpack_sharing_enabled":true,"_links":{"self":[{"href":"https:\/\/chocpiscine.com\/index.php?rest_route=\/wp\/v2\/product\/1860","targetHints":{"allow":["GET"]}}],"collection":[{"href":"https:\/\/chocpiscine.com\/index.php?rest_route=\/wp\/v2\/product"}],"about":[{"href":"https:\/\/chocpiscine.com\/index.php?rest_route=\/wp\/v2\/types\/product"}],"replies":[{"embeddable":true,"href":"https:\/\/chocpiscine.com\/index.php?rest_route=%2Fwp%2Fv2%2Fcomments&post=1860"}],"wp:featuredmedia":[{"embeddable":true,"href":"https:\/\/chocpiscine.com\/index.php?rest_route=\/wp\/v2\/media\/1886"}],"wp:attachment":[{"href":"https:\/\/chocpiscine.com\/index.php?rest_route=%2Fwp%2Fv2%2Fmedia&parent=1860"}],"wp:term":[{"taxonomy":"product_brand","embeddable":true,"href":"https:\/\/chocpiscine.com\/index.php?rest_route=%2Fwp%2Fv2%2Fproduct_brand&post=1860"},{"taxonomy":"product_cat","embeddable":true,"href":"https:\/\/chocpiscine.com\/index.php?rest_route=%2Fwp%2Fv2%2Fproduct_cat&post=1860"},{"taxonomy":"product_tag","embeddable":true,"href":"https:\/\/chocpiscine.com\/index.php?rest_route=%2Fwp%2Fv2%2Fproduct_tag&post=1860"}],"curies":[{"name":"wp","href":"https:\/\/api.w.org\/{rel}","templated":true}]}}