{"id":1903,"date":"2024-03-27T11:18:09","date_gmt":"2024-03-27T10:18:09","guid":{"rendered":"https:\/\/chocpiscine.com\/?post_type=product&#038;p=1903"},"modified":"2024-03-27T11:18:20","modified_gmt":"2024-03-27T10:18:20","slug":"regulateur-de-niveau-regul-electronique","status":"publish","type":"product","link":"https:\/\/chocpiscine.com\/?product=regulateur-de-niveau-regul-electronique","title":{"rendered":"R\u00e9gulateur de niveau &#8211; REGUL ELECTRONIQUE"},"content":{"rendered":"<p>Le NIVEAU commande l\u2019\u00e9lectrovanne le temps n\u00e9cessaire au remplissage.<\/p>\n<p>D\u00e9tection de la pr\u00e9sence et mesure de la temp\u00e9rature de l\u2019eau sans contact \u00e9lectrique.<br \/>\nD\u00e9tection d\u2019anomalie de remplissage avec voyant d\u2019alerte.<br \/>\nD\u00e9tection de d\u00e9faut de la sonde.<br \/>\nFonction hors-gel avec voyant d\u2019avertissement.<br \/>\nGlissi\u00e8re de r\u00e9glage de la sonde.<br \/>\nS\u00e9curit\u00e9 remplissage programmable de 2 \u00e0 4 h en mode piscine et 5, 10 ,15 mn en mode spa.<br \/>\nD\u00e9tection de niveau : 1.<br \/>\nDimensions en mm : 180 x 130 x 60.<br \/>\nIP65.<br \/>\n Type de commande<br \/>\nr\u00e9gulation de niveau<\/p>\n<p>Filtration thermo r\u00e9gul\u00e9e<br \/>\nnon<\/p>\n<p>Mod\u00e8le<br \/>\nniveau<\/p>\n<p>Commande surpresseur<br \/>\nnon<\/p>\n<p>Tension<br \/>\nmonophas\u00e9<\/p>\n<p>Type de coffret<br \/>\nniveau d&#8217;eau<\/p>\n<p>\u00c9quip\u00e9 d&#8217;un transformateur<br \/>\nnon<\/p>\n<p>Disjoncteur inclus<br \/>\nnon<br \/>\n R\u00e9f.fabricant : NIVEAU<\/p>\n","protected":false},"excerpt":{"rendered":"<p>Le NIVEAU commande l\u2019\u00e9lectrovanne le temps n\u00e9cessaire au remplissage. D\u00e9tection de la pr\u00e9sence et mesure de la temp\u00e9rature de l\u2019eau [&hellip;]<\/p>\n","protected":false},"featured_media":1933,"comment_status":"open","ping_status":"closed","template":"","meta":{"site-sidebar-layout":"","site-content-layout":"","ast-site-content-layout":"","site-content-style":"","site-sidebar-style":"","ast-global-header-display":"","ast-banner-title-visibility":"","ast-main-header-display":"","ast-hfb-above-header-display":"","ast-hfb-below-header-display":"","ast-hfb-mobile-header-display":"","site-post-title":"","ast-breadcrumbs-content":"","ast-featured-img":"","footer-sml-layout":"","theme-transparent-header-meta":"","adv-header-id-meta":"","stick-header-meta":"","header-above-stick-meta":"","header-main-stick-meta":"","header-below-stick-meta":"","astra-migrate-meta-layouts":"","ast-page-background-enabled":"default","ast-page-background-meta":{"desktop":{"background-color":"var(--ast-global-color-4)","background-image":"","background-repeat":"repeat","background-position":"center center","background-size":"auto","background-attachment":"scroll","background-type":"","background-media":"","overlay-type":"","overlay-color":"","overlay-opacity":"","overlay-gradient":""},"tablet":{"background-color":"","background-image":"","background-repeat":"repeat","background-position":"center center","background-size":"auto","background-attachment":"scroll","background-type":"","background-media":"","overlay-type":"","overlay-color":"","overlay-opacity":"","overlay-gradient":""},"mobile":{"background-color":"","background-image":"","background-repeat":"repeat","background-position":"center center","background-size":"auto","background-attachment":"scroll","background-type":"","background-media":"","overlay-type":"","overlay-color":"","overlay-opacity":"","overlay-gradient":""}},"ast-content-background-meta":{"desktop":{"background-color":"var(--ast-global-color-5)","background-image":"","background-repeat":"repeat","background-position":"center center","background-size":"auto","background-attachment":"scroll","background-type":"","background-media":"","overlay-type":"","overlay-color":"","overlay-opacity":"","overlay-gradient":""},"tablet":{"background-color":"var(--ast-global-color-5)","background-image":"","background-repeat":"repeat","background-position":"center center","background-size":"auto","background-attachment":"scroll","background-type":"","background-media":"","overlay-type":"","overlay-color":"","overlay-opacity":"","overlay-gradient":""},"mobile":{"background-color":"var(--ast-global-color-5)","background-image":"","background-repeat":"repeat","background-position":"center center","background-size":"auto","background-attachment":"scroll","background-type":"","background-media":"","overlay-type":"","overlay-color":"","overlay-opacity":"","overlay-gradient":""}}},"product_brand":[],"product_cat":[47],"product_tag":[],"class_list":{"0":"post-1903","1":"product","2":"type-product","3":"status-publish","4":"has-post-thumbnail","6":"product_cat-coffrets-regulation-niveau","7":"desktop-align-left","8":"tablet-align-left","9":"mobile-align-left","11":"first","12":"instock","13":"shipping-taxable","14":"purchasable","15":"product-type-simple"},"jetpack_sharing_enabled":true,"_links":{"self":[{"href":"https:\/\/chocpiscine.com\/index.php?rest_route=\/wp\/v2\/product\/1903","targetHints":{"allow":["GET"]}}],"collection":[{"href":"https:\/\/chocpiscine.com\/index.php?rest_route=\/wp\/v2\/product"}],"about":[{"href":"https:\/\/chocpiscine.com\/index.php?rest_route=\/wp\/v2\/types\/product"}],"replies":[{"embeddable":true,"href":"https:\/\/chocpiscine.com\/index.php?rest_route=%2Fwp%2Fv2%2Fcomments&post=1903"}],"wp:featuredmedia":[{"embeddable":true,"href":"https:\/\/chocpiscine.com\/index.php?rest_route=\/wp\/v2\/media\/1933"}],"wp:attachment":[{"href":"https:\/\/chocpiscine.com\/index.php?rest_route=%2Fwp%2Fv2%2Fmedia&parent=1903"}],"wp:term":[{"taxonomy":"product_brand","embeddable":true,"href":"https:\/\/chocpiscine.com\/index.php?rest_route=%2Fwp%2Fv2%2Fproduct_brand&post=1903"},{"taxonomy":"product_cat","embeddable":true,"href":"https:\/\/chocpiscine.com\/index.php?rest_route=%2Fwp%2Fv2%2Fproduct_cat&post=1903"},{"taxonomy":"product_tag","embeddable":true,"href":"https:\/\/chocpiscine.com\/index.php?rest_route=%2Fwp%2Fv2%2Fproduct_tag&post=1903"}],"curies":[{"name":"wp","href":"https:\/\/api.w.org\/{rel}","templated":true}]}}