{"id":2120,"date":"2024-03-27T11:19:35","date_gmt":"2024-03-27T10:19:35","guid":{"rendered":"https:\/\/chocpiscine.com\/?post_type=product&#038;p=2120"},"modified":"2024-03-27T11:19:41","modified_gmt":"2024-03-27T10:19:41","slug":"pompe-vitesse-variable-super-pump-monophasee-1cv-hayward","status":"publish","type":"product","link":"https:\/\/chocpiscine.com\/?product=pompe-vitesse-variable-super-pump-monophasee-1cv-hayward","title":{"rendered":"Pompe vitesse variable SUPER PUMP monophas\u00e9e &#8211; 1CV &#8211; HAYWARD"},"content":{"rendered":"<p>Pompe \u00e0 vitesse variable permettant de s\u00e9lectionner une vitesse ou un d\u00e9bit extr\u00eamement pr\u00e9cis pour convenir parfaitement \u00e0 vos besoins \u00e0 n\u2019importe quel moment de la journ\u00e9e et de la nuit.<br \/>\nRendement \u00e9nerg\u00e9tique incomparable.<br \/>\nPompe \u00e9conomique et \u00e9cologique pour la r\u00e9novation et la construction.<br \/>\nMoteur \u00e0 aimant permanent pour une plus grande efficacit\u00e9.<br \/>\nPompe silencieuse.<br \/>\nNouveau Driver : avec possibilit\u00e9 d\u2019augmenter la vitesse de la pompe toutes les 1, 2 ou 3 heures pour acc\u00e9l\u00e9rer l\u2019\u00e9cumage en surface.<br \/>\nPossibilit\u00e9 de r\u00e9glage jusqu&#8217;\u00e0 5 programmes journaliers.<br \/>\nAffichage digital de la consommation.<br \/>\n Type de pompe<br \/>\nfiltration<\/p>\n<p>Mod\u00e8le<br \/>\nSuper Pump Pro<\/p>\n<p>Type de bassin<br \/>\nr\u00e9sidentiel<\/p>\n<p>Compatible au sel<br \/>\noui<\/p>\n<p>D\u00e9bit de la pompe<br \/>\n16,5 m\u00b3\/h<\/p>\n<p>Tension<br \/>\n230 V<\/p>\n<p>Courant<br \/>\nmonophas\u00e9<\/p>\n<p>Vitesse variable<br \/>\noui<\/p>\n<p>Puissance<br \/>\n1 kW<\/p>\n<p>Diam\u00e8tre de raccordement<br \/>\n2&#8243;<br \/>\n R\u00e9f.fabricant : SP2611VSTD<\/p>\n","protected":false},"excerpt":{"rendered":"<p>Pompe \u00e0 vitesse variable permettant de s\u00e9lectionner une vitesse ou un d\u00e9bit extr\u00eamement pr\u00e9cis pour convenir parfaitement \u00e0 vos besoins [&hellip;]<\/p>\n","protected":false},"featured_media":2148,"comment_status":"open","ping_status":"closed","template":"","meta":{"site-sidebar-layout":"","site-content-layout":"","ast-site-content-layout":"","site-content-style":"","site-sidebar-style":"","ast-global-header-display":"","ast-banner-title-visibility":"","ast-main-header-display":"","ast-hfb-above-header-display":"","ast-hfb-below-header-display":"","ast-hfb-mobile-header-display":"","site-post-title":"","ast-breadcrumbs-content":"","ast-featured-img":"","footer-sml-layout":"","theme-transparent-header-meta":"","adv-header-id-meta":"","stick-header-meta":"","header-above-stick-meta":"","header-main-stick-meta":"","header-below-stick-meta":"","astra-migrate-meta-layouts":"","ast-page-background-enabled":"default","ast-page-background-meta":{"desktop":{"background-color":"var(--ast-global-color-4)","background-image":"","background-repeat":"repeat","background-position":"center center","background-size":"auto","background-attachment":"scroll","background-type":"","background-media":"","overlay-type":"","overlay-color":"","overlay-opacity":"","overlay-gradient":""},"tablet":{"background-color":"","background-image":"","background-repeat":"repeat","background-position":"center center","background-size":"auto","background-attachment":"scroll","background-type":"","background-media":"","overlay-type":"","overlay-color":"","overlay-opacity":"","overlay-gradient":""},"mobile":{"background-color":"","background-image":"","background-repeat":"repeat","background-position":"center center","background-size":"auto","background-attachment":"scroll","background-type":"","background-media":"","overlay-type":"","overlay-color":"","overlay-opacity":"","overlay-gradient":""}},"ast-content-background-meta":{"desktop":{"background-color":"var(--ast-global-color-5)","background-image":"","background-repeat":"repeat","background-position":"center center","background-size":"auto","background-attachment":"scroll","background-type":"","background-media":"","overlay-type":"","overlay-color":"","overlay-opacity":"","overlay-gradient":""},"tablet":{"background-color":"var(--ast-global-color-5)","background-image":"","background-repeat":"repeat","background-position":"center center","background-size":"auto","background-attachment":"scroll","background-type":"","background-media":"","overlay-type":"","overlay-color":"","overlay-opacity":"","overlay-gradient":""},"mobile":{"background-color":"var(--ast-global-color-5)","background-image":"","background-repeat":"repeat","background-position":"center center","background-size":"auto","background-attachment":"scroll","background-type":"","background-media":"","overlay-type":"","overlay-color":"","overlay-opacity":"","overlay-gradient":""}}},"product_brand":[],"product_cat":[49],"product_tag":[],"class_list":{"0":"post-2120","1":"product","2":"type-product","3":"status-publish","4":"has-post-thumbnail","6":"product_cat-pompes-piscine","7":"desktop-align-left","8":"tablet-align-left","9":"mobile-align-left","11":"first","12":"instock","13":"shipping-taxable","14":"purchasable","15":"product-type-simple"},"jetpack_sharing_enabled":true,"_links":{"self":[{"href":"https:\/\/chocpiscine.com\/index.php?rest_route=\/wp\/v2\/product\/2120","targetHints":{"allow":["GET"]}}],"collection":[{"href":"https:\/\/chocpiscine.com\/index.php?rest_route=\/wp\/v2\/product"}],"about":[{"href":"https:\/\/chocpiscine.com\/index.php?rest_route=\/wp\/v2\/types\/product"}],"replies":[{"embeddable":true,"href":"https:\/\/chocpiscine.com\/index.php?rest_route=%2Fwp%2Fv2%2Fcomments&post=2120"}],"wp:featuredmedia":[{"embeddable":true,"href":"https:\/\/chocpiscine.com\/index.php?rest_route=\/wp\/v2\/media\/2148"}],"wp:attachment":[{"href":"https:\/\/chocpiscine.com\/index.php?rest_route=%2Fwp%2Fv2%2Fmedia&parent=2120"}],"wp:term":[{"taxonomy":"product_brand","embeddable":true,"href":"https:\/\/chocpiscine.com\/index.php?rest_route=%2Fwp%2Fv2%2Fproduct_brand&post=2120"},{"taxonomy":"product_cat","embeddable":true,"href":"https:\/\/chocpiscine.com\/index.php?rest_route=%2Fwp%2Fv2%2Fproduct_cat&post=2120"},{"taxonomy":"product_tag","embeddable":true,"href":"https:\/\/chocpiscine.com\/index.php?rest_route=%2Fwp%2Fv2%2Fproduct_tag&post=2120"}],"curies":[{"name":"wp","href":"https:\/\/api.w.org\/{rel}","templated":true}]}}