{"id":2194,"date":"2024-03-27T11:19:58","date_gmt":"2024-03-27T10:19:58","guid":{"rendered":"https:\/\/chocpiscine.com\/?post_type=product&#038;p=2194"},"modified":"2024-03-27T11:20:14","modified_gmt":"2024-03-27T10:20:14","slug":"pompe-s5p2r-vs2-vitesse-variable-pentair","status":"publish","type":"product","link":"https:\/\/chocpiscine.com\/?product=pompe-s5p2r-vs2-vitesse-variable-pentair","title":{"rendered":"Pompe S5P2R VS2 vitesse variable &#8211; PENTAIR"},"content":{"rendered":"<p>Elle est id\u00e9ale pour des piscines traditionnelles neuves ou existantes n\u00e9cessitant une puissance jusqu\u2019\u00e0 1,5 CV.<br \/>\nPour des piscines de 80 m3.<br \/>\nMoteur \u00e0 bride carr\u00e9e TEFC \u00e0 tr\u00e8s haut rendement \u00e9nerg\u00e9tique.<br \/>\nPompe autonome gr\u00e2ce \u00e0 son timer int\u00e9gr\u00e9 mais aussi pilotable par tous les syst\u00e8mes d\u2019automatisation.<br \/>\nConnexions \u00e9lectriques faciles d\u2019acc\u00e8s pour une installation simple.<br \/>\nCompatible eau sal\u00e9e, jusqu\u2019\u00e0 0,4 % de concentration en sel, soit 4 g\/litre.<br \/>\nTrois r\u00e9glages de vitesse de fonctionnement, avec fonction \u00aboverride\u00bb (3100 tr\/min).<br \/>\nGarantie 3 ans Type de pompe<br \/>\nfiltration<\/p>\n<p>Mod\u00e8le<br \/>\nSta Rite S5P2R<\/p>\n<p>Type de bassin<br \/>\nr\u00e9sidentiel<\/p>\n<p>Compatible au sel<br \/>\noui<\/p>\n<p>D\u00e9bit de la pompe<br \/>\n18 m\u00b3\/h<\/p>\n<p>Tension<br \/>\n230 V<\/p>\n<p>Courant<br \/>\nmonophas\u00e9<\/p>\n<p>Vitesse variable<br \/>\noui<\/p>\n<p>Puissance<br \/>\n1.5 kW<\/p>\n<p>Diam\u00e8tre de raccordement<br \/>\n1&#8243;1\/2<br \/>\n R\u00e9f.fabricant : S5P2R-VS2<\/p>\n","protected":false},"excerpt":{"rendered":"<p>Elle est id\u00e9ale pour des piscines traditionnelles neuves ou existantes n\u00e9cessitant une puissance jusqu\u2019\u00e0 1,5 CV. Pour des piscines de [&hellip;]<\/p>\n","protected":false},"featured_media":2224,"comment_status":"open","ping_status":"closed","template":"","meta":{"site-sidebar-layout":"","site-content-layout":"","ast-site-content-layout":"","site-content-style":"","site-sidebar-style":"","ast-global-header-display":"","ast-banner-title-visibility":"","ast-main-header-display":"","ast-hfb-above-header-display":"","ast-hfb-below-header-display":"","ast-hfb-mobile-header-display":"","site-post-title":"","ast-breadcrumbs-content":"","ast-featured-img":"","footer-sml-layout":"","theme-transparent-header-meta":"","adv-header-id-meta":"","stick-header-meta":"","header-above-stick-meta":"","header-main-stick-meta":"","header-below-stick-meta":"","astra-migrate-meta-layouts":"","ast-page-background-enabled":"default","ast-page-background-meta":{"desktop":{"background-color":"var(--ast-global-color-4)","background-image":"","background-repeat":"repeat","background-position":"center center","background-size":"auto","background-attachment":"scroll","background-type":"","background-media":"","overlay-type":"","overlay-color":"","overlay-opacity":"","overlay-gradient":""},"tablet":{"background-color":"","background-image":"","background-repeat":"repeat","background-position":"center center","background-size":"auto","background-attachment":"scroll","background-type":"","background-media":"","overlay-type":"","overlay-color":"","overlay-opacity":"","overlay-gradient":""},"mobile":{"background-color":"","background-image":"","background-repeat":"repeat","background-position":"center center","background-size":"auto","background-attachment":"scroll","background-type":"","background-media":"","overlay-type":"","overlay-color":"","overlay-opacity":"","overlay-gradient":""}},"ast-content-background-meta":{"desktop":{"background-color":"var(--ast-global-color-5)","background-image":"","background-repeat":"repeat","background-position":"center center","background-size":"auto","background-attachment":"scroll","background-type":"","background-media":"","overlay-type":"","overlay-color":"","overlay-opacity":"","overlay-gradient":""},"tablet":{"background-color":"var(--ast-global-color-5)","background-image":"","background-repeat":"repeat","background-position":"center center","background-size":"auto","background-attachment":"scroll","background-type":"","background-media":"","overlay-type":"","overlay-color":"","overlay-opacity":"","overlay-gradient":""},"mobile":{"background-color":"var(--ast-global-color-5)","background-image":"","background-repeat":"repeat","background-position":"center center","background-size":"auto","background-attachment":"scroll","background-type":"","background-media":"","overlay-type":"","overlay-color":"","overlay-opacity":"","overlay-gradient":""}}},"product_brand":[],"product_cat":[49],"product_tag":[],"class_list":{"0":"post-2194","1":"product","2":"type-product","3":"status-publish","4":"has-post-thumbnail","6":"product_cat-pompes-piscine","7":"desktop-align-left","8":"tablet-align-left","9":"mobile-align-left","11":"first","12":"instock","13":"shipping-taxable","14":"purchasable","15":"product-type-simple"},"jetpack_sharing_enabled":true,"_links":{"self":[{"href":"https:\/\/chocpiscine.com\/index.php?rest_route=\/wp\/v2\/product\/2194","targetHints":{"allow":["GET"]}}],"collection":[{"href":"https:\/\/chocpiscine.com\/index.php?rest_route=\/wp\/v2\/product"}],"about":[{"href":"https:\/\/chocpiscine.com\/index.php?rest_route=\/wp\/v2\/types\/product"}],"replies":[{"embeddable":true,"href":"https:\/\/chocpiscine.com\/index.php?rest_route=%2Fwp%2Fv2%2Fcomments&post=2194"}],"wp:featuredmedia":[{"embeddable":true,"href":"https:\/\/chocpiscine.com\/index.php?rest_route=\/wp\/v2\/media\/2224"}],"wp:attachment":[{"href":"https:\/\/chocpiscine.com\/index.php?rest_route=%2Fwp%2Fv2%2Fmedia&parent=2194"}],"wp:term":[{"taxonomy":"product_brand","embeddable":true,"href":"https:\/\/chocpiscine.com\/index.php?rest_route=%2Fwp%2Fv2%2Fproduct_brand&post=2194"},{"taxonomy":"product_cat","embeddable":true,"href":"https:\/\/chocpiscine.com\/index.php?rest_route=%2Fwp%2Fv2%2Fproduct_cat&post=2194"},{"taxonomy":"product_tag","embeddable":true,"href":"https:\/\/chocpiscine.com\/index.php?rest_route=%2Fwp%2Fv2%2Fproduct_tag&post=2194"}],"curies":[{"name":"wp","href":"https:\/\/api.w.org\/{rel}","templated":true}]}}