{"id":2196,"date":"2024-03-27T11:19:58","date_gmt":"2024-03-27T10:19:58","guid":{"rendered":"https:\/\/chocpiscine.com\/?post_type=product&#038;p=2196"},"modified":"2024-03-27T11:20:15","modified_gmt":"2024-03-27T10:20:15","slug":"booster-ultraflow-vs-monophase-1-1kw-pentair","status":"publish","type":"product","link":"https:\/\/chocpiscine.com\/?product=booster-ultraflow-vs-monophase-1-1kw-pentair","title":{"rendered":"Booster ULTRAFLOW VS monophas\u00e9 &#8211; 1.1kW &#8211; PENTAIR"},"content":{"rendered":"<p>\u00c9conomie d\u2019\u00e9nergie jusqu\u2019\u00e0 80 %, tout en restant hyper silencieux \u00e0 faible r\u00e9gime.<br \/>\nMoteur de 1,5 CV \u00e0 aimant permanent, id\u00e9al pour piscines standard.<br \/>\nAcc\u00e8s facile au terminal de connexion.<br \/>\nMinuterie interne.<br \/>\n3 vitesses\/plages programmables et mode manuel ajustable.<br \/>\nInterface utilisateur graphique simple, intuitive et conviviale.<br \/>\n Type de pompe<br \/>\nfiltration<\/p>\n<p>Mod\u00e8le<br \/>\nUltra Flow<\/p>\n<p>Type de bassin<br \/>\nr\u00e9sidentiel<\/p>\n<p>Compatible au sel<br \/>\noui<\/p>\n<p>D\u00e9bit de la pompe<br \/>\n22 m\u00b3\/h<\/p>\n<p>Tension<br \/>\n230 V<\/p>\n<p>Courant<br \/>\nmonophas\u00e9<\/p>\n<p>Vitesse variable<br \/>\noui<\/p>\n<p>Puissance<br \/>\n1.5 kW<\/p>\n<p>Diam\u00e8tre de raccordement<br \/>\n2&#8243;<br \/>\n R\u00e9f.fabricant : UFL-CVS<\/p>\n","protected":false},"excerpt":{"rendered":"<p>\u00c9conomie d\u2019\u00e9nergie jusqu\u2019\u00e0 80 %, tout en restant hyper silencieux \u00e0 faible r\u00e9gime. Moteur de 1,5 CV \u00e0 aimant permanent, [&hellip;]<\/p>\n","protected":false},"featured_media":2226,"comment_status":"open","ping_status":"closed","template":"","meta":{"site-sidebar-layout":"","site-content-layout":"","ast-site-content-layout":"","site-content-style":"","site-sidebar-style":"","ast-global-header-display":"","ast-banner-title-visibility":"","ast-main-header-display":"","ast-hfb-above-header-display":"","ast-hfb-below-header-display":"","ast-hfb-mobile-header-display":"","site-post-title":"","ast-breadcrumbs-content":"","ast-featured-img":"","footer-sml-layout":"","theme-transparent-header-meta":"","adv-header-id-meta":"","stick-header-meta":"","header-above-stick-meta":"","header-main-stick-meta":"","header-below-stick-meta":"","astra-migrate-meta-layouts":"","ast-page-background-enabled":"default","ast-page-background-meta":{"desktop":{"background-color":"var(--ast-global-color-4)","background-image":"","background-repeat":"repeat","background-position":"center center","background-size":"auto","background-attachment":"scroll","background-type":"","background-media":"","overlay-type":"","overlay-color":"","overlay-opacity":"","overlay-gradient":""},"tablet":{"background-color":"","background-image":"","background-repeat":"repeat","background-position":"center center","background-size":"auto","background-attachment":"scroll","background-type":"","background-media":"","overlay-type":"","overlay-color":"","overlay-opacity":"","overlay-gradient":""},"mobile":{"background-color":"","background-image":"","background-repeat":"repeat","background-position":"center center","background-size":"auto","background-attachment":"scroll","background-type":"","background-media":"","overlay-type":"","overlay-color":"","overlay-opacity":"","overlay-gradient":""}},"ast-content-background-meta":{"desktop":{"background-color":"var(--ast-global-color-5)","background-image":"","background-repeat":"repeat","background-position":"center center","background-size":"auto","background-attachment":"scroll","background-type":"","background-media":"","overlay-type":"","overlay-color":"","overlay-opacity":"","overlay-gradient":""},"tablet":{"background-color":"var(--ast-global-color-5)","background-image":"","background-repeat":"repeat","background-position":"center center","background-size":"auto","background-attachment":"scroll","background-type":"","background-media":"","overlay-type":"","overlay-color":"","overlay-opacity":"","overlay-gradient":""},"mobile":{"background-color":"var(--ast-global-color-5)","background-image":"","background-repeat":"repeat","background-position":"center center","background-size":"auto","background-attachment":"scroll","background-type":"","background-media":"","overlay-type":"","overlay-color":"","overlay-opacity":"","overlay-gradient":""}}},"product_brand":[],"product_cat":[49],"product_tag":[],"class_list":{"0":"post-2196","1":"product","2":"type-product","3":"status-publish","4":"has-post-thumbnail","6":"product_cat-pompes-piscine","7":"desktop-align-left","8":"tablet-align-left","9":"mobile-align-left","11":"first","12":"instock","13":"shipping-taxable","14":"purchasable","15":"product-type-simple"},"jetpack_sharing_enabled":true,"_links":{"self":[{"href":"https:\/\/chocpiscine.com\/index.php?rest_route=\/wp\/v2\/product\/2196","targetHints":{"allow":["GET"]}}],"collection":[{"href":"https:\/\/chocpiscine.com\/index.php?rest_route=\/wp\/v2\/product"}],"about":[{"href":"https:\/\/chocpiscine.com\/index.php?rest_route=\/wp\/v2\/types\/product"}],"replies":[{"embeddable":true,"href":"https:\/\/chocpiscine.com\/index.php?rest_route=%2Fwp%2Fv2%2Fcomments&post=2196"}],"wp:featuredmedia":[{"embeddable":true,"href":"https:\/\/chocpiscine.com\/index.php?rest_route=\/wp\/v2\/media\/2226"}],"wp:attachment":[{"href":"https:\/\/chocpiscine.com\/index.php?rest_route=%2Fwp%2Fv2%2Fmedia&parent=2196"}],"wp:term":[{"taxonomy":"product_brand","embeddable":true,"href":"https:\/\/chocpiscine.com\/index.php?rest_route=%2Fwp%2Fv2%2Fproduct_brand&post=2196"},{"taxonomy":"product_cat","embeddable":true,"href":"https:\/\/chocpiscine.com\/index.php?rest_route=%2Fwp%2Fv2%2Fproduct_cat&post=2196"},{"taxonomy":"product_tag","embeddable":true,"href":"https:\/\/chocpiscine.com\/index.php?rest_route=%2Fwp%2Fv2%2Fproduct_tag&post=2196"}],"curies":[{"name":"wp","href":"https:\/\/api.w.org\/{rel}","templated":true}]}}