{"id":2251,"date":"2024-03-27T11:20:18","date_gmt":"2024-03-27T10:20:18","guid":{"rendered":"https:\/\/chocpiscine.com\/?post_type=product&#038;p=2251"},"modified":"2024-03-27T11:20:33","modified_gmt":"2024-03-27T10:20:33","slug":"pompe-piscine-kse-vs-150-monophasee-2kw-hayward","status":"publish","type":"product","link":"https:\/\/chocpiscine.com\/?product=pompe-piscine-kse-vs-150-monophasee-2kw-hayward","title":{"rendered":"Pompe piscine KSE VS 150 monophas\u00e9e &#8211; 2kW &#8211; HAYWARD"},"content":{"rendered":"<p>Pompe \u00e0 vitesse variable, haute performance quelle que soit l\u2019application, optimisation de la consommation<\/p>\n<p>5 programmes, 3 vitesses pr\u00e9s\u00e9lectionn\u00e9es<br \/>\nFonctionnement ultrasilencieux<br \/>\nCouvercle de pr\u00e9filtre transparent, acc\u00e8s simple et rapide Turbine en Noryl\u00ae insensible \u00e0 la corrosion pour une grande durabilit\u00e9<br \/>\nDouble purge \u00e0 ouverture facile sans outillage<br \/>\nConnexions : fournie avec des unions \u00e0 coller de \u00d8 50 et \u00d8 63 mm.<br \/>\nCompatible avec l\u2019eau sal\u00e9 soit 4g\/l maxi<br \/>\nUsage : piscines r\u00e9sidentielles jusqu\u2019\u00e0 126 m3<br \/>\n Type de pompe<br \/>\nfiltration<\/p>\n<p>Mod\u00e8le<br \/>\nKripsol KS<\/p>\n<p>Type de bassin<br \/>\nr\u00e9sidentiel<\/p>\n<p>Compatible au sel<br \/>\noui<\/p>\n<p>D\u00e9bit de la pompe<br \/>\n26 m\u00b3\/h<\/p>\n<p>Tension<br \/>\n230 V<\/p>\n<p>Courant<br \/>\nmonophas\u00e9<\/p>\n<p>Vitesse variable<br \/>\noui<\/p>\n<p>Puissance<br \/>\n2 kW<\/p>\n<p>Diam\u00e8tre de raccordement<br \/>\n63 mm<br \/>\n R\u00e9f.fabricant : 10904101520<\/p>\n","protected":false},"excerpt":{"rendered":"<p>Pompe \u00e0 vitesse variable, haute performance quelle que soit l\u2019application, optimisation de la consommation 5 programmes, 3 vitesses pr\u00e9s\u00e9lectionn\u00e9es Fonctionnement [&hellip;]<\/p>\n","protected":false},"featured_media":2281,"comment_status":"open","ping_status":"closed","template":"","meta":{"site-sidebar-layout":"","site-content-layout":"","ast-site-content-layout":"","site-content-style":"","site-sidebar-style":"","ast-global-header-display":"","ast-banner-title-visibility":"","ast-main-header-display":"","ast-hfb-above-header-display":"","ast-hfb-below-header-display":"","ast-hfb-mobile-header-display":"","site-post-title":"","ast-breadcrumbs-content":"","ast-featured-img":"","footer-sml-layout":"","theme-transparent-header-meta":"","adv-header-id-meta":"","stick-header-meta":"","header-above-stick-meta":"","header-main-stick-meta":"","header-below-stick-meta":"","astra-migrate-meta-layouts":"","ast-page-background-enabled":"default","ast-page-background-meta":{"desktop":{"background-color":"var(--ast-global-color-4)","background-image":"","background-repeat":"repeat","background-position":"center center","background-size":"auto","background-attachment":"scroll","background-type":"","background-media":"","overlay-type":"","overlay-color":"","overlay-opacity":"","overlay-gradient":""},"tablet":{"background-color":"","background-image":"","background-repeat":"repeat","background-position":"center center","background-size":"auto","background-attachment":"scroll","background-type":"","background-media":"","overlay-type":"","overlay-color":"","overlay-opacity":"","overlay-gradient":""},"mobile":{"background-color":"","background-image":"","background-repeat":"repeat","background-position":"center center","background-size":"auto","background-attachment":"scroll","background-type":"","background-media":"","overlay-type":"","overlay-color":"","overlay-opacity":"","overlay-gradient":""}},"ast-content-background-meta":{"desktop":{"background-color":"var(--ast-global-color-5)","background-image":"","background-repeat":"repeat","background-position":"center center","background-size":"auto","background-attachment":"scroll","background-type":"","background-media":"","overlay-type":"","overlay-color":"","overlay-opacity":"","overlay-gradient":""},"tablet":{"background-color":"var(--ast-global-color-5)","background-image":"","background-repeat":"repeat","background-position":"center center","background-size":"auto","background-attachment":"scroll","background-type":"","background-media":"","overlay-type":"","overlay-color":"","overlay-opacity":"","overlay-gradient":""},"mobile":{"background-color":"var(--ast-global-color-5)","background-image":"","background-repeat":"repeat","background-position":"center center","background-size":"auto","background-attachment":"scroll","background-type":"","background-media":"","overlay-type":"","overlay-color":"","overlay-opacity":"","overlay-gradient":""}}},"product_brand":[],"product_cat":[49],"product_tag":[],"class_list":{"0":"post-2251","1":"product","2":"type-product","3":"status-publish","4":"has-post-thumbnail","6":"product_cat-pompes-piscine","7":"desktop-align-left","8":"tablet-align-left","9":"mobile-align-left","11":"first","12":"instock","13":"shipping-taxable","14":"purchasable","15":"product-type-simple"},"jetpack_sharing_enabled":true,"_links":{"self":[{"href":"https:\/\/chocpiscine.com\/index.php?rest_route=\/wp\/v2\/product\/2251","targetHints":{"allow":["GET"]}}],"collection":[{"href":"https:\/\/chocpiscine.com\/index.php?rest_route=\/wp\/v2\/product"}],"about":[{"href":"https:\/\/chocpiscine.com\/index.php?rest_route=\/wp\/v2\/types\/product"}],"replies":[{"embeddable":true,"href":"https:\/\/chocpiscine.com\/index.php?rest_route=%2Fwp%2Fv2%2Fcomments&post=2251"}],"wp:featuredmedia":[{"embeddable":true,"href":"https:\/\/chocpiscine.com\/index.php?rest_route=\/wp\/v2\/media\/2281"}],"wp:attachment":[{"href":"https:\/\/chocpiscine.com\/index.php?rest_route=%2Fwp%2Fv2%2Fmedia&parent=2251"}],"wp:term":[{"taxonomy":"product_brand","embeddable":true,"href":"https:\/\/chocpiscine.com\/index.php?rest_route=%2Fwp%2Fv2%2Fproduct_brand&post=2251"},{"taxonomy":"product_cat","embeddable":true,"href":"https:\/\/chocpiscine.com\/index.php?rest_route=%2Fwp%2Fv2%2Fproduct_cat&post=2251"},{"taxonomy":"product_tag","embeddable":true,"href":"https:\/\/chocpiscine.com\/index.php?rest_route=%2Fwp%2Fv2%2Fproduct_tag&post=2251"}],"curies":[{"name":"wp","href":"https:\/\/api.w.org\/{rel}","templated":true}]}}