{"id":2291,"date":"2024-03-27T11:20:36","date_gmt":"2024-03-27T10:20:36","guid":{"rendered":"https:\/\/chocpiscine.com\/?post_type=product&#038;p=2291"},"modified":"2024-03-27T11:20:41","modified_gmt":"2024-03-27T10:20:41","slug":"coffret-soleo-vs-pentair","status":"publish","type":"product","link":"https:\/\/chocpiscine.com\/?product=coffret-soleo-vs-pentair","title":{"rendered":"Coffret SOLEO VS &#8211; PENTAIR"},"content":{"rendered":"<p>Syst\u00e8me d\u2019automatisation complet avec contr\u00f4le local.<\/p>\n<p>Contr\u00f4le et diagnostic avanc\u00e9s des IntelliFlo VS2, VSF et VSD2.<br \/>\nContr\u00f4le de pompes \u00e0 vitesses variables.<br \/>\nProgrammation des contre-lavages et contr\u00f4le de vannes automatiques telles que Pentair ProValve. (fourni s\u00e9par\u00e9ment)<br \/>\nContr\u00f4le de l\u2019\u00e9lectrolyseur ou de la pompe doseuse (fourni s\u00e9par\u00e9ment) par r\u00e9gulation du Redox.<br \/>\nContr\u00f4le et diagnostic avanc\u00e9s de l\u2019lntelliChlor.<br \/>\nAjustement de la consigne de pH et affichage digital de la valeur r\u00e9elle sur l\u2019appareil.<br \/>\nAjustement de la consigne RedOx et affichage digital de la valeur r\u00e9elle en mV sur l\u2019appareil.<br \/>\nPilotage de la pompe \u00e0 chaleur.<\/p>\n<p> Type de commande<br \/>\nconnect\u00e9<\/p>\n<p>Filtration thermo r\u00e9gul\u00e9e<br \/>\nnon<\/p>\n<p>Mod\u00e8le<br \/>\nSol\u00e9o<\/p>\n<p>Commande surpresseur<br \/>\noui<\/p>\n<p>Tension<br \/>\nmonophas\u00e9<\/p>\n<p>Nombre de projecteurs<br \/>\n0<\/p>\n<p>Type de coffret<br \/>\nconnect\u00e9<\/p>\n<p>\u00c9quip\u00e9 d&#8217;un transformateur<br \/>\nnon<\/p>\n<p>Disjoncteur inclus<br \/>\nnon<br \/>\n R\u00e9f.fabricant : SB-PF-ENS-005D<\/p>\n","protected":false},"excerpt":{"rendered":"<p>Syst\u00e8me d\u2019automatisation complet avec contr\u00f4le local. Contr\u00f4le et diagnostic avanc\u00e9s des IntelliFlo VS2, VSF et VSD2. Contr\u00f4le de pompes \u00e0 [&hellip;]<\/p>\n","protected":false},"featured_media":2321,"comment_status":"open","ping_status":"closed","template":"","meta":{"site-sidebar-layout":"","site-content-layout":"","ast-site-content-layout":"","site-content-style":"","site-sidebar-style":"","ast-global-header-display":"","ast-banner-title-visibility":"","ast-main-header-display":"","ast-hfb-above-header-display":"","ast-hfb-below-header-display":"","ast-hfb-mobile-header-display":"","site-post-title":"","ast-breadcrumbs-content":"","ast-featured-img":"","footer-sml-layout":"","theme-transparent-header-meta":"","adv-header-id-meta":"","stick-header-meta":"","header-above-stick-meta":"","header-main-stick-meta":"","header-below-stick-meta":"","astra-migrate-meta-layouts":"","ast-page-background-enabled":"default","ast-page-background-meta":{"desktop":{"background-color":"var(--ast-global-color-4)","background-image":"","background-repeat":"repeat","background-position":"center center","background-size":"auto","background-attachment":"scroll","background-type":"","background-media":"","overlay-type":"","overlay-color":"","overlay-opacity":"","overlay-gradient":""},"tablet":{"background-color":"","background-image":"","background-repeat":"repeat","background-position":"center center","background-size":"auto","background-attachment":"scroll","background-type":"","background-media":"","overlay-type":"","overlay-color":"","overlay-opacity":"","overlay-gradient":""},"mobile":{"background-color":"","background-image":"","background-repeat":"repeat","background-position":"center center","background-size":"auto","background-attachment":"scroll","background-type":"","background-media":"","overlay-type":"","overlay-color":"","overlay-opacity":"","overlay-gradient":""}},"ast-content-background-meta":{"desktop":{"background-color":"var(--ast-global-color-5)","background-image":"","background-repeat":"repeat","background-position":"center center","background-size":"auto","background-attachment":"scroll","background-type":"","background-media":"","overlay-type":"","overlay-color":"","overlay-opacity":"","overlay-gradient":""},"tablet":{"background-color":"var(--ast-global-color-5)","background-image":"","background-repeat":"repeat","background-position":"center center","background-size":"auto","background-attachment":"scroll","background-type":"","background-media":"","overlay-type":"","overlay-color":"","overlay-opacity":"","overlay-gradient":""},"mobile":{"background-color":"var(--ast-global-color-5)","background-image":"","background-repeat":"repeat","background-position":"center center","background-size":"auto","background-attachment":"scroll","background-type":"","background-media":"","overlay-type":"","overlay-color":"","overlay-opacity":"","overlay-gradient":""}}},"product_brand":[],"product_cat":[52],"product_tag":[],"class_list":{"0":"post-2291","1":"product","2":"type-product","3":"status-publish","4":"has-post-thumbnail","6":"product_cat-automatisme-piscine","7":"desktop-align-left","8":"tablet-align-left","9":"mobile-align-left","11":"first","12":"instock","13":"shipping-taxable","14":"purchasable","15":"product-type-simple"},"jetpack_sharing_enabled":true,"_links":{"self":[{"href":"https:\/\/chocpiscine.com\/index.php?rest_route=\/wp\/v2\/product\/2291","targetHints":{"allow":["GET"]}}],"collection":[{"href":"https:\/\/chocpiscine.com\/index.php?rest_route=\/wp\/v2\/product"}],"about":[{"href":"https:\/\/chocpiscine.com\/index.php?rest_route=\/wp\/v2\/types\/product"}],"replies":[{"embeddable":true,"href":"https:\/\/chocpiscine.com\/index.php?rest_route=%2Fwp%2Fv2%2Fcomments&post=2291"}],"wp:featuredmedia":[{"embeddable":true,"href":"https:\/\/chocpiscine.com\/index.php?rest_route=\/wp\/v2\/media\/2321"}],"wp:attachment":[{"href":"https:\/\/chocpiscine.com\/index.php?rest_route=%2Fwp%2Fv2%2Fmedia&parent=2291"}],"wp:term":[{"taxonomy":"product_brand","embeddable":true,"href":"https:\/\/chocpiscine.com\/index.php?rest_route=%2Fwp%2Fv2%2Fproduct_brand&post=2291"},{"taxonomy":"product_cat","embeddable":true,"href":"https:\/\/chocpiscine.com\/index.php?rest_route=%2Fwp%2Fv2%2Fproduct_cat&post=2291"},{"taxonomy":"product_tag","embeddable":true,"href":"https:\/\/chocpiscine.com\/index.php?rest_route=%2Fwp%2Fv2%2Fproduct_tag&post=2291"}],"curies":[{"name":"wp","href":"https:\/\/api.w.org\/{rel}","templated":true}]}}