{"id":2333,"date":"2024-03-27T11:20:44","date_gmt":"2024-03-27T10:20:44","guid":{"rendered":"https:\/\/chocpiscine.com\/?post_type=product&#038;p=2333"},"modified":"2024-03-27T11:20:48","modified_gmt":"2024-03-27T10:20:48","slug":"doseur-chlore-cl220-hayward","status":"publish","type":"product","link":"https:\/\/chocpiscine.com\/?product=doseur-chlore-cl220-hayward","title":{"rendered":"Doseur Chlore CL220 &#8211; HAYWARD"},"content":{"rendered":"<p>Soupape de contr\u00f4le externe anti-obturation positif.<br \/>\nNe n\u00e9cessite aucun syst\u00e8me sp\u00e9cial purge d\u2019air.<br \/>\nProduits \u00e0 utiliser\u00a0: pastilles de chlore 200 \/ 250 g.<br \/>\nCapacit\u00e9 stockage\u00a0: 4 kg de chlore.<\/p>\n<p>Un dosage automatique\u00a0:<br \/>\nLe doseur automatique, permet une dissolution plus lente donc plus efficace du chlore dans votre piscine. Ce doseur peut \u00eatre utilis\u00e9 avec les piscines hors-sol ou traditionnelles.<\/p>\n<p>Installation\u00a0:<br \/>\nInstall\u00e9 directement apr\u00e8s votre filtre dans le sens du courant de votre installation en by-pass pour \u00e9viter une dissolution trop rapide des galets.<br \/>\n Type de doseur<br \/>\nm\u00e9canique<\/p>\n<p>Usage<br \/>\nparticulier<\/p>\n<p>Produit chimique dos\u00e9<br \/>\nbrome<\/p>\n<p>Type de raccordement<br \/>\nkit by pass fourni<\/p>\n<p>Diam\u00e8tre de raccordement<br \/>\nby pass<\/p>\n<p>Montage<br \/>\nby pass<\/p>\n<p>Capacit\u00e9 de stockage<br \/>\n4 kg<br \/>\n R\u00e9f.fabricant : CL220EURO<\/p>\n","protected":false},"excerpt":{"rendered":"<p>Soupape de contr\u00f4le externe anti-obturation positif. Ne n\u00e9cessite aucun syst\u00e8me sp\u00e9cial purge d\u2019air. Produits \u00e0 utiliser\u00a0: pastilles de chlore 200 [&hellip;]<\/p>\n","protected":false},"featured_media":2358,"comment_status":"open","ping_status":"closed","template":"","meta":{"site-sidebar-layout":"","site-content-layout":"","ast-site-content-layout":"","site-content-style":"","site-sidebar-style":"","ast-global-header-display":"","ast-banner-title-visibility":"","ast-main-header-display":"","ast-hfb-above-header-display":"","ast-hfb-below-header-display":"","ast-hfb-mobile-header-display":"","site-post-title":"","ast-breadcrumbs-content":"","ast-featured-img":"","footer-sml-layout":"","theme-transparent-header-meta":"","adv-header-id-meta":"","stick-header-meta":"","header-above-stick-meta":"","header-main-stick-meta":"","header-below-stick-meta":"","astra-migrate-meta-layouts":"","ast-page-background-enabled":"default","ast-page-background-meta":{"desktop":{"background-color":"var(--ast-global-color-4)","background-image":"","background-repeat":"repeat","background-position":"center center","background-size":"auto","background-attachment":"scroll","background-type":"","background-media":"","overlay-type":"","overlay-color":"","overlay-opacity":"","overlay-gradient":""},"tablet":{"background-color":"","background-image":"","background-repeat":"repeat","background-position":"center center","background-size":"auto","background-attachment":"scroll","background-type":"","background-media":"","overlay-type":"","overlay-color":"","overlay-opacity":"","overlay-gradient":""},"mobile":{"background-color":"","background-image":"","background-repeat":"repeat","background-position":"center center","background-size":"auto","background-attachment":"scroll","background-type":"","background-media":"","overlay-type":"","overlay-color":"","overlay-opacity":"","overlay-gradient":""}},"ast-content-background-meta":{"desktop":{"background-color":"var(--ast-global-color-5)","background-image":"","background-repeat":"repeat","background-position":"center center","background-size":"auto","background-attachment":"scroll","background-type":"","background-media":"","overlay-type":"","overlay-color":"","overlay-opacity":"","overlay-gradient":""},"tablet":{"background-color":"var(--ast-global-color-5)","background-image":"","background-repeat":"repeat","background-position":"center center","background-size":"auto","background-attachment":"scroll","background-type":"","background-media":"","overlay-type":"","overlay-color":"","overlay-opacity":"","overlay-gradient":""},"mobile":{"background-color":"var(--ast-global-color-5)","background-image":"","background-repeat":"repeat","background-position":"center center","background-size":"auto","background-attachment":"scroll","background-type":"","background-media":"","overlay-type":"","overlay-color":"","overlay-opacity":"","overlay-gradient":""}}},"product_brand":[],"product_cat":[54],"product_tag":[],"class_list":{"0":"post-2333","1":"product","2":"type-product","3":"status-publish","4":"has-post-thumbnail","6":"product_cat-doseurs-chlore-brome","7":"desktop-align-left","8":"tablet-align-left","9":"mobile-align-left","11":"first","12":"instock","13":"shipping-taxable","14":"purchasable","15":"product-type-simple"},"jetpack_sharing_enabled":true,"_links":{"self":[{"href":"https:\/\/chocpiscine.com\/index.php?rest_route=\/wp\/v2\/product\/2333","targetHints":{"allow":["GET"]}}],"collection":[{"href":"https:\/\/chocpiscine.com\/index.php?rest_route=\/wp\/v2\/product"}],"about":[{"href":"https:\/\/chocpiscine.com\/index.php?rest_route=\/wp\/v2\/types\/product"}],"replies":[{"embeddable":true,"href":"https:\/\/chocpiscine.com\/index.php?rest_route=%2Fwp%2Fv2%2Fcomments&post=2333"}],"wp:featuredmedia":[{"embeddable":true,"href":"https:\/\/chocpiscine.com\/index.php?rest_route=\/wp\/v2\/media\/2358"}],"wp:attachment":[{"href":"https:\/\/chocpiscine.com\/index.php?rest_route=%2Fwp%2Fv2%2Fmedia&parent=2333"}],"wp:term":[{"taxonomy":"product_brand","embeddable":true,"href":"https:\/\/chocpiscine.com\/index.php?rest_route=%2Fwp%2Fv2%2Fproduct_brand&post=2333"},{"taxonomy":"product_cat","embeddable":true,"href":"https:\/\/chocpiscine.com\/index.php?rest_route=%2Fwp%2Fv2%2Fproduct_cat&post=2333"},{"taxonomy":"product_tag","embeddable":true,"href":"https:\/\/chocpiscine.com\/index.php?rest_route=%2Fwp%2Fv2%2Fproduct_tag&post=2333"}],"curies":[{"name":"wp","href":"https:\/\/api.w.org\/{rel}","templated":true}]}}