{"id":2338,"date":"2024-03-27T11:20:45","date_gmt":"2024-03-27T10:20:45","guid":{"rendered":"https:\/\/chocpiscine.com\/?post_type=product&#038;p=2338"},"modified":"2024-03-27T11:20:51","modified_gmt":"2024-03-27T10:20:51","slug":"electrolyseur-aquarite-plus-60-m%c2%b3-hayward","status":"publish","type":"product","link":"https:\/\/chocpiscine.com\/?product=electrolyseur-aquarite-plus-60-m%c2%b3-hayward","title":{"rendered":"Electrolyseur AQUARITE PLUS &#8211; 60 m\u00b3 &#8211; HAYWARD"},"content":{"rendered":"<p>\u2022Un bo\u00eetier unique pour l\u2019\u00e9lectrolyse, la r\u00e9gulation et le contr\u00f4le des \u00e9quipements de la piscine(pompe de filtration, pompe \u00e0 chaleur, \u00e9clairage&#8230;)<br \/>\n\u2022Module Wifi \/ Ethernet (en option): gestion \u00e0 distancesimple et sans contrainte<br \/>\n\u2022Traitement au sel inclusavec les cellules T-CELL et sondes pH Hayward\u00ae, r\u00e9f\u00e9rences du march\u00e9<br \/>\n\u2022Une eau propre tout le temps :\u00e9conomie de produits chimiqueset confort de baignade in\u00e9gal\u00e9<br \/>\n\u20225 modes de filtration disponibles (manuel, automatique, intelligent, smart et chauffage) pour une plus grande flexibilit\u00e9 d\u2019utilisation<br \/>\n Taux de sel conseill\u00e9<br \/>\nEntre 2,5 et 4 g\/L<\/p>\n<p>Mod\u00e8le<br \/>\nAquarite Plus<\/p>\n<p>Type de produit<br \/>\n\u00e9lectrolyseur + r\u00e9gulation ph<\/p>\n<p>Option de l&#8217;\u00e9lectrolyseur<br \/>\naffichage sel<\/p>\n<p>Volume maximal de la piscine<br \/>\n60 m\u00b3<\/p>\n<p>Type cellule<br \/>\nen ligne<br \/>\n R\u00e9f.fabricant : AQR-PLUS-T3E<\/p>\n","protected":false},"excerpt":{"rendered":"<p>\u2022Un bo\u00eetier unique pour l\u2019\u00e9lectrolyse, la r\u00e9gulation et le contr\u00f4le des \u00e9quipements de la piscine(pompe de filtration, pompe \u00e0 chaleur, [&hellip;]<\/p>\n","protected":false},"featured_media":2363,"comment_status":"open","ping_status":"closed","template":"","meta":{"site-sidebar-layout":"","site-content-layout":"","ast-site-content-layout":"","site-content-style":"","site-sidebar-style":"","ast-global-header-display":"","ast-banner-title-visibility":"","ast-main-header-display":"","ast-hfb-above-header-display":"","ast-hfb-below-header-display":"","ast-hfb-mobile-header-display":"","site-post-title":"","ast-breadcrumbs-content":"","ast-featured-img":"","footer-sml-layout":"","theme-transparent-header-meta":"","adv-header-id-meta":"","stick-header-meta":"","header-above-stick-meta":"","header-main-stick-meta":"","header-below-stick-meta":"","astra-migrate-meta-layouts":"","ast-page-background-enabled":"default","ast-page-background-meta":{"desktop":{"background-color":"var(--ast-global-color-4)","background-image":"","background-repeat":"repeat","background-position":"center center","background-size":"auto","background-attachment":"scroll","background-type":"","background-media":"","overlay-type":"","overlay-color":"","overlay-opacity":"","overlay-gradient":""},"tablet":{"background-color":"","background-image":"","background-repeat":"repeat","background-position":"center center","background-size":"auto","background-attachment":"scroll","background-type":"","background-media":"","overlay-type":"","overlay-color":"","overlay-opacity":"","overlay-gradient":""},"mobile":{"background-color":"","background-image":"","background-repeat":"repeat","background-position":"center center","background-size":"auto","background-attachment":"scroll","background-type":"","background-media":"","overlay-type":"","overlay-color":"","overlay-opacity":"","overlay-gradient":""}},"ast-content-background-meta":{"desktop":{"background-color":"var(--ast-global-color-5)","background-image":"","background-repeat":"repeat","background-position":"center center","background-size":"auto","background-attachment":"scroll","background-type":"","background-media":"","overlay-type":"","overlay-color":"","overlay-opacity":"","overlay-gradient":""},"tablet":{"background-color":"var(--ast-global-color-5)","background-image":"","background-repeat":"repeat","background-position":"center center","background-size":"auto","background-attachment":"scroll","background-type":"","background-media":"","overlay-type":"","overlay-color":"","overlay-opacity":"","overlay-gradient":""},"mobile":{"background-color":"var(--ast-global-color-5)","background-image":"","background-repeat":"repeat","background-position":"center center","background-size":"auto","background-attachment":"scroll","background-type":"","background-media":"","overlay-type":"","overlay-color":"","overlay-opacity":"","overlay-gradient":""}}},"product_brand":[],"product_cat":[53],"product_tag":[],"class_list":{"0":"post-2338","1":"product","2":"type-product","3":"status-publish","4":"has-post-thumbnail","6":"product_cat-electrolyseurs-sel","7":"desktop-align-left","8":"tablet-align-left","9":"mobile-align-left","11":"first","12":"instock","13":"shipping-taxable","14":"purchasable","15":"product-type-simple"},"jetpack_sharing_enabled":true,"_links":{"self":[{"href":"https:\/\/chocpiscine.com\/index.php?rest_route=\/wp\/v2\/product\/2338","targetHints":{"allow":["GET"]}}],"collection":[{"href":"https:\/\/chocpiscine.com\/index.php?rest_route=\/wp\/v2\/product"}],"about":[{"href":"https:\/\/chocpiscine.com\/index.php?rest_route=\/wp\/v2\/types\/product"}],"replies":[{"embeddable":true,"href":"https:\/\/chocpiscine.com\/index.php?rest_route=%2Fwp%2Fv2%2Fcomments&post=2338"}],"wp:featuredmedia":[{"embeddable":true,"href":"https:\/\/chocpiscine.com\/index.php?rest_route=\/wp\/v2\/media\/2363"}],"wp:attachment":[{"href":"https:\/\/chocpiscine.com\/index.php?rest_route=%2Fwp%2Fv2%2Fmedia&parent=2338"}],"wp:term":[{"taxonomy":"product_brand","embeddable":true,"href":"https:\/\/chocpiscine.com\/index.php?rest_route=%2Fwp%2Fv2%2Fproduct_brand&post=2338"},{"taxonomy":"product_cat","embeddable":true,"href":"https:\/\/chocpiscine.com\/index.php?rest_route=%2Fwp%2Fv2%2Fproduct_cat&post=2338"},{"taxonomy":"product_tag","embeddable":true,"href":"https:\/\/chocpiscine.com\/index.php?rest_route=%2Fwp%2Fv2%2Fproduct_tag&post=2338"}],"curies":[{"name":"wp","href":"https:\/\/api.w.org\/{rel}","templated":true}]}}