{"id":2342,"date":"2024-03-27T11:20:45","date_gmt":"2024-03-27T10:20:45","guid":{"rendered":"https:\/\/chocpiscine.com\/?post_type=product&#038;p=2342"},"modified":"2024-03-27T11:20:53","modified_gmt":"2024-03-27T10:20:53","slug":"electrolyseur-au-sel-aquarite-lt-95-m%c2%b3-hayward","status":"publish","type":"product","link":"https:\/\/chocpiscine.com\/?product=electrolyseur-au-sel-aquarite-lt-95-m%c2%b3-hayward","title":{"rendered":"Electrolyseur au sel AQUARITE LT &#8211; 95 m\u00b3 &#8211; HAYWARD"},"content":{"rendered":"<p>Simple \u00e0 installer, simple \u00e0 utiliser.<br \/>\nD\u00e9tection volet ferm\u00e9 pour une r\u00e9duction instantan\u00e9e de la production de chlore.<br \/>\nLecture du taux de sel.<br \/>\nL\u2019\u00e9lectrolyseur est install\u00e9 directement sur la filtration de la piscine.<\/p>\n<p>Tension d\u2019alimentation\u00a0: 220 V 50\/60 Hz.<br \/>\nSalinit\u00e9\u00a0: 3,2 g\/L.<br \/>\nAffichage\u00a0: 2,8&#8243; TFT &#8211; Multi langues.<br \/>\nDimensions\u00a0: 270 x 220 x 115 mm.<br \/>\nBo\u00eetier \u00e9lectronique\u00a0: Plastique ignifug\u00e9 ABS noir.<br \/>\nCouvercle de protection\u00a0: Plastique ABS blanc.<br \/>\nAuto-nettoyage\u00a0: Par inversion de polarit\u00e9.<br \/>\nTest de salinit\u00e9\u00a0: Mesure du taux de sel instantan\u00e9 en g\/l.<br \/>\nD\u00e9tection volet ferm\u00e9\u00a0: Niveau de production configurable 0-100% en fonction de l&#8217;ouverture ou de la fermeture de la couverture de la piscine.<br \/>\n Taux de sel conseill\u00e9<br \/>\nEntre 2,5 et 4 g\/L<\/p>\n<p>Mod\u00e8le<br \/>\nAquarite<\/p>\n<p>Type de produit<br \/>\n\u00e9lectrolyseur seul<\/p>\n<p>Option de l&#8217;\u00e9lectrolyseur<br \/>\naffichage sel<\/p>\n<p>Volume maximal de la piscine<br \/>\n95 m\u00b3<\/p>\n<p>Type cellule<br \/>\nen ligne<br \/>\n R\u00e9f.fabricant : AQR-LTO-SV22<\/p>\n","protected":false},"excerpt":{"rendered":"<p>Simple \u00e0 installer, simple \u00e0 utiliser. D\u00e9tection volet ferm\u00e9 pour une r\u00e9duction instantan\u00e9e de la production de chlore. Lecture du [&hellip;]<\/p>\n","protected":false},"featured_media":2367,"comment_status":"open","ping_status":"closed","template":"","meta":{"site-sidebar-layout":"","site-content-layout":"","ast-site-content-layout":"","site-content-style":"","site-sidebar-style":"","ast-global-header-display":"","ast-banner-title-visibility":"","ast-main-header-display":"","ast-hfb-above-header-display":"","ast-hfb-below-header-display":"","ast-hfb-mobile-header-display":"","site-post-title":"","ast-breadcrumbs-content":"","ast-featured-img":"","footer-sml-layout":"","theme-transparent-header-meta":"","adv-header-id-meta":"","stick-header-meta":"","header-above-stick-meta":"","header-main-stick-meta":"","header-below-stick-meta":"","astra-migrate-meta-layouts":"","ast-page-background-enabled":"default","ast-page-background-meta":{"desktop":{"background-color":"var(--ast-global-color-4)","background-image":"","background-repeat":"repeat","background-position":"center center","background-size":"auto","background-attachment":"scroll","background-type":"","background-media":"","overlay-type":"","overlay-color":"","overlay-opacity":"","overlay-gradient":""},"tablet":{"background-color":"","background-image":"","background-repeat":"repeat","background-position":"center center","background-size":"auto","background-attachment":"scroll","background-type":"","background-media":"","overlay-type":"","overlay-color":"","overlay-opacity":"","overlay-gradient":""},"mobile":{"background-color":"","background-image":"","background-repeat":"repeat","background-position":"center center","background-size":"auto","background-attachment":"scroll","background-type":"","background-media":"","overlay-type":"","overlay-color":"","overlay-opacity":"","overlay-gradient":""}},"ast-content-background-meta":{"desktop":{"background-color":"var(--ast-global-color-5)","background-image":"","background-repeat":"repeat","background-position":"center center","background-size":"auto","background-attachment":"scroll","background-type":"","background-media":"","overlay-type":"","overlay-color":"","overlay-opacity":"","overlay-gradient":""},"tablet":{"background-color":"var(--ast-global-color-5)","background-image":"","background-repeat":"repeat","background-position":"center center","background-size":"auto","background-attachment":"scroll","background-type":"","background-media":"","overlay-type":"","overlay-color":"","overlay-opacity":"","overlay-gradient":""},"mobile":{"background-color":"var(--ast-global-color-5)","background-image":"","background-repeat":"repeat","background-position":"center center","background-size":"auto","background-attachment":"scroll","background-type":"","background-media":"","overlay-type":"","overlay-color":"","overlay-opacity":"","overlay-gradient":""}}},"product_brand":[],"product_cat":[53],"product_tag":[],"class_list":{"0":"post-2342","1":"product","2":"type-product","3":"status-publish","4":"has-post-thumbnail","6":"product_cat-electrolyseurs-sel","7":"desktop-align-left","8":"tablet-align-left","9":"mobile-align-left","11":"first","12":"instock","13":"shipping-taxable","14":"purchasable","15":"product-type-simple"},"jetpack_sharing_enabled":true,"_links":{"self":[{"href":"https:\/\/chocpiscine.com\/index.php?rest_route=\/wp\/v2\/product\/2342","targetHints":{"allow":["GET"]}}],"collection":[{"href":"https:\/\/chocpiscine.com\/index.php?rest_route=\/wp\/v2\/product"}],"about":[{"href":"https:\/\/chocpiscine.com\/index.php?rest_route=\/wp\/v2\/types\/product"}],"replies":[{"embeddable":true,"href":"https:\/\/chocpiscine.com\/index.php?rest_route=%2Fwp%2Fv2%2Fcomments&post=2342"}],"wp:featuredmedia":[{"embeddable":true,"href":"https:\/\/chocpiscine.com\/index.php?rest_route=\/wp\/v2\/media\/2367"}],"wp:attachment":[{"href":"https:\/\/chocpiscine.com\/index.php?rest_route=%2Fwp%2Fv2%2Fmedia&parent=2342"}],"wp:term":[{"taxonomy":"product_brand","embeddable":true,"href":"https:\/\/chocpiscine.com\/index.php?rest_route=%2Fwp%2Fv2%2Fproduct_brand&post=2342"},{"taxonomy":"product_cat","embeddable":true,"href":"https:\/\/chocpiscine.com\/index.php?rest_route=%2Fwp%2Fv2%2Fproduct_cat&post=2342"},{"taxonomy":"product_tag","embeddable":true,"href":"https:\/\/chocpiscine.com\/index.php?rest_route=%2Fwp%2Fv2%2Fproduct_tag&post=2342"}],"curies":[{"name":"wp","href":"https:\/\/api.w.org\/{rel}","templated":true}]}}