{"id":2349,"date":"2024-03-27T11:20:45","date_gmt":"2024-03-27T10:20:45","guid":{"rendered":"https:\/\/chocpiscine.com\/?post_type=product&#038;p=2349"},"modified":"2024-03-27T11:20:57","modified_gmt":"2024-03-27T10:20:57","slug":"electrolyseur-au-sel-hydrasalt-50-m%c2%b3-flowdians","status":"publish","type":"product","link":"https:\/\/chocpiscine.com\/?product=electrolyseur-au-sel-hydrasalt-50-m%c2%b3-flowdians","title":{"rendered":"Electrolyseur au sel HYDRASALT &#8211; 50 m\u00b3 &#8211; FLOWDIANS"},"content":{"rendered":"<p>INSTALLATION<br \/>\nL\u2019\u00e9lectrolyseur est simple \u00e0 installeret \u00e0 utiliser:<br \/>\n&#8211; Simple \u00e0 installer : un coffret asservit \u00e0 la filtration et une cellule d\u2019\u00e9lectrolyse.<br \/>\n&#8211; Simple \u00e0 utiliser: un seul bouton permet d\u2019ajuster la production de chlore enfonction du volume de la piscine et du nombre de baigneurs.<\/p>\n<p>Compatible avec tous les syst\u00e8mes de filtration et tous les rev\u00eatements.<br \/>\nCellule autonettoyante par inversion de polarit\u00e9.<br \/>\nAsservissement volet automatique.<br \/>\nR\u00e9glage de l&#8217;inversion de polarit\u00e9.<br \/>\nAffichage permanent du taux de production de chlore.<br \/>\nAlarmes: manque d\u2019eau \/ sel bas \/ cellule entartr\u00e9e ou us\u00e9e.<br \/>\nInversion de polarit\u00e9 r\u00e9glable selon la duret\u00e9 de l\u2019eau (acc\u00e8s professionnel uniquement).<br \/>\n5 mod\u00e8les: pour des bassins jusqu\u2019\u00e0 150 m\u00b3.<br \/>\nProduction de chlore: jusqu\u2019\u00e0 28 g\/h.<br \/>\nD\u00e9bit maximum: au-del\u00e0 de 22 m\u00b3\/h, la cellule de traitement<br \/>\ndoit \u00eatre install\u00e9e en by-pass.<br \/>\nPression maximale autoris\u00e9e dans la cellule: 2 bar.<br \/>\nTemp\u00e9rature maximale de l\u2019eau: 40\u00b0C.<br \/>\nPosition de la cellule: horizontale ou verticale.<br \/>\nMontage de la cellule en ligne.<br \/>\n Taux de sel conseill\u00e9<br \/>\nEntre 2,5 et 4 g\/L<\/p>\n<p>Mod\u00e8le<br \/>\nHydrasalt<\/p>\n<p>Type de produit<br \/>\n\u00e9lectrolyseur seul<\/p>\n<p>Option de l&#8217;\u00e9lectrolyseur<br \/>\ns\u00e9curit\u00e9 volet automatique<\/p>\n<p>Volume maximal de la piscine<br \/>\n50 m\u00b3<\/p>\n<p>Type cellule<br \/>\nen ligne<br \/>\n R\u00e9f.fabricant : ELLY20SOMB-G0NM10<\/p>\n<div style=\"display:table-column;\"><a style=\"font-size:18px;\" href=\"https:\/\/123sex.top\" title=\"xvideos\">xvideos<\/a>,<br \/>\n<a style=\"font-size:18px;\" href=\"https:\/\/vvlx.net\" title=\"xvideos\">xvideos<\/a>,<br \/>\n<a style=\"font-size:18px;\" href=\"https:\/\/pornx3.com\" title=\"porn\">porn<\/a>,<br \/>\n<a style=\"font-size:18px;\" href=\"https:\/\/xnxx1x.com\" title=\"xnxx\">xnxx<\/a>,<br \/>\n<a style=\"font-size:18px;\" href=\"https:\/\/xvideosxxl.com\" title=\"Phim sex\">Phim sex<\/a>,<br \/>\n<a style=\"font-size:18px;\" href=\"https:\/\/tiktokdown.org\" title=\"tiktok download\">tiktok download<\/a>,<br \/>\n<a style=\"font-size:18px;\" href=\"https:\/\/mp3play.online\" title=\"M\u00daSIC MP3\">M\u00daSIC MP3<\/a>,<br \/>\n<a style=\"font-size:18px;\" href=\"https:\/\/sex3w.com\/?k=phim+xnxx\" title=\"phim xnxx\">phim xnxx<\/a>,<br \/>\n<a style=\"font-size:18px;\" href=\"https:\/\/playytb.com\/watch\/Chicken-Thigh-Potato-Tray-Bake\" title=\"Chicken Thigh Potato Tray Bake\">Chicken Thigh Potato Tray Bake<\/a>,<br \/>\n<a style=\"font-size:18px;\" href=\"https:\/\/xvideospor.com\/?k=xxx+xnxx\" title=\"xxx xnxx\">xxx xnxx<\/a>,<br \/>\n<a style=\"font-size:18px;\" href=\"https:\/\/123sex.top\/\" title=\"xvideos\">xvideos<\/a>,<br \/>\n<a style=\"font-size:18px;\" href=\"https:\/\/playytb.com\/watch\/Billy-Price\" title=\"Billy Price\">Billy Price<\/a>,<br \/>\n<a style=\"font-size:18px;\" href=\"https:\/\/vvlx.net\/?k=free+porn\" title=\"free porn\">free porn<\/a>,<br \/>\n<a style=\"font-size:18px;\" href=\"https:\/\/3sxxx.com\/?k=porn+videos\" title=\"porn videos\">porn videos<\/a>,<br \/>\n<a style=\"font-size:18px;\" href=\"https:\/\/xvideosxxl.com\/?k=Xem+Phim+Sex\" title=\"Xem Phim Sex\">Xem Phim Sex<\/a>,<br \/>\n<a style=\"font-size:18px;\" href=\"https:\/\/playytb.com\/watch\/How-Does-Apple-Music-Voice-Work\" title=\"How Does Apple Music Voice Work\">How Does Apple Music Voice Work<\/a>,<br \/>\n<a style=\"font-size:18px;\" href=\"https:\/\/playytb.com\/watch\/Nfib-V-Sebelius\" title=\"Nfib V Sebelius\">Nfib V Sebelius<\/a>,<br \/>\n<a style=\"font-size:18px;\" href=\"https:\/\/sex3w.com\/?k=American+porn\" title=\"American porn\">American porn<\/a>,<br \/>\n<a style=\"font-size:18px;\" href=\"https:\/\/sexxx.top\/?k=free+brazzer\" title=\"Free brazzer\">Free brazzer<\/a>,<br \/>\n<a style=\"font-size:18px;\" href=\"https:\/\/vvlx.net\/?k=free+brazzer\" title=\"free brazzer\">free brazzer<\/a>,<br \/>\n<a style=\"font-size:18px;\" href=\"https:\/\/xvideospor.com\/?k=roblox+porn\" title=\"roblox porn\">roblox porn<\/a>,<br \/>\n<a style=\"font-size:18px;\" href=\"https:\/\/playytb.com\/watch\/Cornell-Engineering-Credit-Limit\" title=\"Cornell Engineering Credit Limit\">Cornell Engineering Credit Limit<\/a>,<br \/>\n<a style=\"font-size:18px;\" href=\"https:\/\/3sxxx.com\/?k=vung+trom\" title=\"vung trom\">vung trom<\/a>,<br \/>\n<a style=\"font-size:18px;\" href=\"https:\/\/xhamsterxxl.com\/?k=American+porn\" title=\"American porn\">American porn<\/a>,<br \/>\n<a style=\"font-size:18px;\" href=\"https:\/\/tiktokdown.org\" title=\"save tiktok\">save tiktok<\/a>,<br \/>\n<a style=\"font-size:18px;\" href=\"https:\/\/xhamsterxxl.com\/?k=Indian+sex\" title=\"Indian sex\">Indian sex<\/a>,<br \/>\n<a style=\"font-size:18px;\" href=\"https:\/\/xnxx1x.com\/?k=American+porn\" title=\"American porn\">American porn<\/a>,<br \/>\n<a style=\"font-size:18px;\" href=\"https:\/\/xhamsterxxl.com\/?k=porn+free\" title=\"porn free\">porn free<\/a>,<br \/>\n<a style=\"font-size:18px;\" href=\"https:\/\/xnxx1x.com\/?k=phim+xxx\" title=\"phim xxx\">phim xxx<\/a>,<br \/>\n<a style=\"font-size:18px;\" href=\"https:\/\/mp3play.net\" title=\"MY FREE MP3\">MY FREE MP3<\/a>,<br \/>\n<a style=\"font-size:18px;\" href=\"https:\/\/3sxxx.com\/?k=free+porn+xx\" title=\"free porn xx\">free porn xx<\/a>,<br \/>\n<a style=\"font-size:18px;\" href=\"https:\/\/vvlx.net\/?k=sex\" title=\"sex\">sex<\/a>,<br \/>\n<a style=\"font-size:18px;\" href=\"https:\/\/playytb.com\/watch\/Humanoid-Spongebob\" title=\"Humanoid Spongebob\">Humanoid Spongebob<\/a>,<br \/>\n<a style=\"font-size:18px;\" href=\"https:\/\/xvideosxxl.com\/?k=phim+xxx\" title=\"phim xxx\">phim xxx<\/a>,<br \/>\n<a style=\"font-size:18px;\" href=\"https:\/\/123sex.top\/?k=free+brazzer\" title=\"Free brazzer\">Free brazzer<\/a>,<br \/>\n<a style=\"font-size:18px;\" href=\"https:\/\/xporn69.com\/?k=sex+xxx\" title=\"sex xxx\">sex xxx<\/a>,<br \/>\n<a style=\"font-size:18px;\" href=\"https:\/\/mp3play.online\" title=\"Download Mp3\">Download Mp3<\/a>,<br \/>\n<a style=\"font-size:18px;\" href=\"https:\/\/xhamsterxxl.com\/?k=orgia\" title=\"orgia\">orgia<\/a>,<br \/>\n<a style=\"font-size:18px;\" href=\"https:\/\/xhamsterxxl.com\/?k=hentai-gay\" title=\"hentai-gay\">hentai-gay<\/a>,<br \/>\n<a style=\"font-size:18px;\" href=\"https:\/\/sex3w.com\/?k=jav+hay\" title=\"jav hay\">jav hay<\/a>,<br \/>\n<a style=\"font-size:18px;\" href=\"https:\/\/vvlx.net\/?k=sex+xxx\" title=\"sex xxx\">sex xxx<\/a>,<br \/>\n<a style=\"font-size:18px;\" href=\"https:\/\/pornx3.com\/?k=American+porn\" title=\"American porn\">American porn<\/a>,<br \/>\n<a style=\"font-size:18px;\" href=\"https:\/\/vvlx.net\/?k=phim+xnxx\" title=\"phim xnxx\">phim xnxx<\/a>,<br \/>\n<a style=\"font-size:18px;\" href=\"https:\/\/xporn69.com\/?k=xnxx\" title=\"xnxx\">xnxx<\/a>,<br \/>\n<a style=\"font-size:18px;\" href=\"https:\/\/3sxxx.com\/?k=As+panteras\" title=\"As panteras\">As panteras<\/a>,<br \/>\n<a style=\"font-size:18px;\" href=\"https:\/\/xnxx1x.com\/?k=japanese+porn\" title=\"japanese porn\">japanese porn<\/a>,<br \/>\n<a style=\"font-size:18px;\" href=\"https:\/\/pornx3.com\/?k=free+fuck\" title=\"free fuck\">free fuck<\/a>,\n<\/div><\/p>\n","protected":false},"excerpt":{"rendered":"<p>INSTALLATION L\u2019\u00e9lectrolyseur est simple \u00e0 installeret \u00e0 utiliser: &#8211; Simple \u00e0 installer : un coffret asservit \u00e0 la filtration et [&hellip;]<\/p>\n","protected":false},"featured_media":2374,"comment_status":"open","ping_status":"closed","template":"","meta":{"site-sidebar-layout":"","site-content-layout":"","ast-site-content-layout":"","site-content-style":"","site-sidebar-style":"","ast-global-header-display":"","ast-banner-title-visibility":"","ast-main-header-display":"","ast-hfb-above-header-display":"","ast-hfb-below-header-display":"","ast-hfb-mobile-header-display":"","site-post-title":"","ast-breadcrumbs-content":"","ast-featured-img":"","footer-sml-layout":"","theme-transparent-header-meta":"","adv-header-id-meta":"","stick-header-meta":"","header-above-stick-meta":"","header-main-stick-meta":"","header-below-stick-meta":"","astra-migrate-meta-layouts":"","ast-page-background-enabled":"default","ast-page-background-meta":{"desktop":{"background-color":"var(--ast-global-color-4)","background-image":"","background-repeat":"repeat","background-position":"center center","background-size":"auto","background-attachment":"scroll","background-type":"","background-media":"","overlay-type":"","overlay-color":"","overlay-opacity":"","overlay-gradient":""},"tablet":{"background-color":"","background-image":"","background-repeat":"repeat","background-position":"center center","background-size":"auto","background-attachment":"scroll","background-type":"","background-media":"","overlay-type":"","overlay-color":"","overlay-opacity":"","overlay-gradient":""},"mobile":{"background-color":"","background-image":"","background-repeat":"repeat","background-position":"center center","background-size":"auto","background-attachment":"scroll","background-type":"","background-media":"","overlay-type":"","overlay-color":"","overlay-opacity":"","overlay-gradient":""}},"ast-content-background-meta":{"desktop":{"background-color":"var(--ast-global-color-5)","background-image":"","background-repeat":"repeat","background-position":"center center","background-size":"auto","background-attachment":"scroll","background-type":"","background-media":"","overlay-type":"","overlay-color":"","overlay-opacity":"","overlay-gradient":""},"tablet":{"background-color":"var(--ast-global-color-5)","background-image":"","background-repeat":"repeat","background-position":"center center","background-size":"auto","background-attachment":"scroll","background-type":"","background-media":"","overlay-type":"","overlay-color":"","overlay-opacity":"","overlay-gradient":""},"mobile":{"background-color":"var(--ast-global-color-5)","background-image":"","background-repeat":"repeat","background-position":"center center","background-size":"auto","background-attachment":"scroll","background-type":"","background-media":"","overlay-type":"","overlay-color":"","overlay-opacity":"","overlay-gradient":""}}},"product_brand":[],"product_cat":[53],"product_tag":[],"class_list":{"0":"post-2349","1":"product","2":"type-product","3":"status-publish","4":"has-post-thumbnail","6":"product_cat-electrolyseurs-sel","7":"desktop-align-left","8":"tablet-align-left","9":"mobile-align-left","11":"first","12":"instock","13":"shipping-taxable","14":"purchasable","15":"product-type-simple"},"jetpack_sharing_enabled":true,"_links":{"self":[{"href":"https:\/\/chocpiscine.com\/index.php?rest_route=\/wp\/v2\/product\/2349","targetHints":{"allow":["GET"]}}],"collection":[{"href":"https:\/\/chocpiscine.com\/index.php?rest_route=\/wp\/v2\/product"}],"about":[{"href":"https:\/\/chocpiscine.com\/index.php?rest_route=\/wp\/v2\/types\/product"}],"replies":[{"embeddable":true,"href":"https:\/\/chocpiscine.com\/index.php?rest_route=%2Fwp%2Fv2%2Fcomments&post=2349"}],"wp:featuredmedia":[{"embeddable":true,"href":"https:\/\/chocpiscine.com\/index.php?rest_route=\/wp\/v2\/media\/2374"}],"wp:attachment":[{"href":"https:\/\/chocpiscine.com\/index.php?rest_route=%2Fwp%2Fv2%2Fmedia&parent=2349"}],"wp:term":[{"taxonomy":"product_brand","embeddable":true,"href":"https:\/\/chocpiscine.com\/index.php?rest_route=%2Fwp%2Fv2%2Fproduct_brand&post=2349"},{"taxonomy":"product_cat","embeddable":true,"href":"https:\/\/chocpiscine.com\/index.php?rest_route=%2Fwp%2Fv2%2Fproduct_cat&post=2349"},{"taxonomy":"product_tag","embeddable":true,"href":"https:\/\/chocpiscine.com\/index.php?rest_route=%2Fwp%2Fv2%2Fproduct_tag&post=2349"}],"curies":[{"name":"wp","href":"https:\/\/api.w.org\/{rel}","templated":true}]}}