{"id":2353,"date":"2024-03-27T11:20:45","date_gmt":"2024-03-27T10:20:45","guid":{"rendered":"https:\/\/chocpiscine.com\/?post_type=product&#038;p=2353"},"modified":"2024-03-27T11:21:00","modified_gmt":"2024-03-27T10:21:00","slug":"option-regulation-orp-pour-hydraph-connect-flowdians","status":"publish","type":"product","link":"https:\/\/chocpiscine.com\/?product=option-regulation-orp-pour-hydraph-connect-flowdians","title":{"rendered":"Option r\u00e9gulation ORP pour HYDRAPH CONNECT &#8211; FLOWDIANS"},"content":{"rendered":"<p>Le Redox ou ORP (Oxydo Reduction Potential) indique le pouvoir oxydant ou r\u00e9ducteurd\u2019une substance par rapport \u00e0 une autre. Plus simplement, il permet de juger de l\u2019aspect g\u00e9n\u00e9ral de l\u2019eau d\u2019un point de vue sanitaire. L\u2019ORP se mesure en millivolts. On estime qu\u2019une eau est d\u00e9sinfect\u00e9e et d\u00e9sinfectante lorsque le potentiel Redox se situe entre 550 et 750 mV.<br \/>\nCet indicateur permet :<br \/>\nder\u00e9duire la consommation de d\u00e9sinfectantlorsqu\u2019il s\u2019agit d\u2019un traitement par dosage<br \/>\nd\u2019optimiser la production de chlorelorsqu\u2019il s\u2019agit d\u2019un \u00e9lectrolyseur et de limiter ainsi la surchloratio<\/p>\n<p> Type de mesure<br \/>\navec mesure Redox<\/p>\n<p>Dosage piscine<br \/>\nkit compl\u00e9mentaire dosage<\/p>\n<p>D\u00e9bit de la pompe<br \/>\n1,5 L\/h<\/p>\n<p>Gamme<br \/>\nFlowdians Hydra<br \/>\n R\u00e9f.fabricant : KIT16ORPPOO2<\/p>\n","protected":false},"excerpt":{"rendered":"<p>Le Redox ou ORP (Oxydo Reduction Potential) indique le pouvoir oxydant ou r\u00e9ducteurd\u2019une substance par rapport \u00e0 une autre. Plus [&hellip;]<\/p>\n","protected":false},"featured_media":2378,"comment_status":"open","ping_status":"closed","template":"","meta":{"site-sidebar-layout":"","site-content-layout":"","ast-site-content-layout":"","site-content-style":"","site-sidebar-style":"","ast-global-header-display":"","ast-banner-title-visibility":"","ast-main-header-display":"","ast-hfb-above-header-display":"","ast-hfb-below-header-display":"","ast-hfb-mobile-header-display":"","site-post-title":"","ast-breadcrumbs-content":"","ast-featured-img":"","footer-sml-layout":"","theme-transparent-header-meta":"","adv-header-id-meta":"","stick-header-meta":"","header-above-stick-meta":"","header-main-stick-meta":"","header-below-stick-meta":"","astra-migrate-meta-layouts":"","ast-page-background-enabled":"default","ast-page-background-meta":{"desktop":{"background-color":"var(--ast-global-color-4)","background-image":"","background-repeat":"repeat","background-position":"center center","background-size":"auto","background-attachment":"scroll","background-type":"","background-media":"","overlay-type":"","overlay-color":"","overlay-opacity":"","overlay-gradient":""},"tablet":{"background-color":"","background-image":"","background-repeat":"repeat","background-position":"center center","background-size":"auto","background-attachment":"scroll","background-type":"","background-media":"","overlay-type":"","overlay-color":"","overlay-opacity":"","overlay-gradient":""},"mobile":{"background-color":"","background-image":"","background-repeat":"repeat","background-position":"center center","background-size":"auto","background-attachment":"scroll","background-type":"","background-media":"","overlay-type":"","overlay-color":"","overlay-opacity":"","overlay-gradient":""}},"ast-content-background-meta":{"desktop":{"background-color":"var(--ast-global-color-5)","background-image":"","background-repeat":"repeat","background-position":"center center","background-size":"auto","background-attachment":"scroll","background-type":"","background-media":"","overlay-type":"","overlay-color":"","overlay-opacity":"","overlay-gradient":""},"tablet":{"background-color":"var(--ast-global-color-5)","background-image":"","background-repeat":"repeat","background-position":"center center","background-size":"auto","background-attachment":"scroll","background-type":"","background-media":"","overlay-type":"","overlay-color":"","overlay-opacity":"","overlay-gradient":""},"mobile":{"background-color":"var(--ast-global-color-5)","background-image":"","background-repeat":"repeat","background-position":"center center","background-size":"auto","background-attachment":"scroll","background-type":"","background-media":"","overlay-type":"","overlay-color":"","overlay-opacity":"","overlay-gradient":""}}},"product_brand":[],"product_cat":[55],"product_tag":[],"class_list":{"0":"post-2353","1":"product","2":"type-product","3":"status-publish","4":"has-post-thumbnail","6":"product_cat-pompes-doseuses-piscine","7":"desktop-align-left","8":"tablet-align-left","9":"mobile-align-left","11":"first","12":"instock","13":"shipping-taxable","14":"purchasable","15":"product-type-simple"},"jetpack_sharing_enabled":true,"_links":{"self":[{"href":"https:\/\/chocpiscine.com\/index.php?rest_route=\/wp\/v2\/product\/2353","targetHints":{"allow":["GET"]}}],"collection":[{"href":"https:\/\/chocpiscine.com\/index.php?rest_route=\/wp\/v2\/product"}],"about":[{"href":"https:\/\/chocpiscine.com\/index.php?rest_route=\/wp\/v2\/types\/product"}],"replies":[{"embeddable":true,"href":"https:\/\/chocpiscine.com\/index.php?rest_route=%2Fwp%2Fv2%2Fcomments&post=2353"}],"wp:featuredmedia":[{"embeddable":true,"href":"https:\/\/chocpiscine.com\/index.php?rest_route=\/wp\/v2\/media\/2378"}],"wp:attachment":[{"href":"https:\/\/chocpiscine.com\/index.php?rest_route=%2Fwp%2Fv2%2Fmedia&parent=2353"}],"wp:term":[{"taxonomy":"product_brand","embeddable":true,"href":"https:\/\/chocpiscine.com\/index.php?rest_route=%2Fwp%2Fv2%2Fproduct_brand&post=2353"},{"taxonomy":"product_cat","embeddable":true,"href":"https:\/\/chocpiscine.com\/index.php?rest_route=%2Fwp%2Fv2%2Fproduct_cat&post=2353"},{"taxonomy":"product_tag","embeddable":true,"href":"https:\/\/chocpiscine.com\/index.php?rest_route=%2Fwp%2Fv2%2Fproduct_tag&post=2353"}],"curies":[{"name":"wp","href":"https:\/\/api.w.org\/{rel}","templated":true}]}}