{"id":2381,"date":"2024-03-27T11:21:02","date_gmt":"2024-03-27T10:21:02","guid":{"rendered":"https:\/\/chocpiscine.com\/?post_type=product&#038;p=2381"},"modified":"2024-03-27T11:21:04","modified_gmt":"2024-03-27T10:21:04","slug":"pompe-doseuse-piscine-ph-clever-zodiac","status":"publish","type":"product","link":"https:\/\/chocpiscine.com\/?product=pompe-doseuse-piscine-ph-clever-zodiac","title":{"rendered":"Pompe doseuse piscine PH CLEVER &#8211; ZODIAC"},"content":{"rendered":"<p>Pompe doseuse pH CLEVER.<\/p>\n<p>Une r\u00e9gulation du pH automatique et intelligente.<\/p>\n<p>Appareil compl\u00e8tement automatique dot\u00e9 d\u2019une injection cyclique proportionnelle auto-adaptative (pas de r\u00e9glages), ainsi que d\u2019une compensation de l\u2019alcalinit\u00e9 de l\u2019eau (TAC) pour un dosage plus fin.<\/p>\n<p>Pour les bassins jusqu\u2019\u00e0 150 m3.<br \/>\nD\u00e9bit maxi.\u00a0: 1,5 L\/h.<br \/>\nPoint de consigne\u00a0: r\u00e9glage d\u2019usine\u00a0: pH = 7,4.<br \/>\nContre pression maxi.\u00a0: 1,5 bar.<br \/>\nDimensions du coffret (L x H x P)\u00a0: 195 x 236 x 85 mm.<\/p>\n<p>Installation\u00a0:<br \/>\nLa sonde doit \u00eatre positionn\u00e9e \u00e0 plus de 30 cm avant ou apr\u00e8s un coude \u00e9ventuel. Elle doit \u00eatre install\u00e9e verticalement. La mise \u00e0 terre de l\u2019eau de la piscine est recommand\u00e9e pour \u00e9viter tous probl\u00e8mes parasites.<\/p>\n<p> Type de mesure<br \/>\nsans r\u00e9gulation<\/p>\n<p>Dosage piscine<br \/>\nr\u00e9gulateur + pompe doseuse<\/p>\n<p>D\u00e9bit de la pompe<br \/>\n1,5 L\/h<\/p>\n<p>Gamme<br \/>\nZodiac clever<br \/>\n R\u00e9f.fabricant : WW000031<\/p>\n","protected":false},"excerpt":{"rendered":"<p>Pompe doseuse pH CLEVER. Une r\u00e9gulation du pH automatique et intelligente. Appareil compl\u00e8tement automatique dot\u00e9 d\u2019une injection cyclique proportionnelle auto-adaptative [&hellip;]<\/p>\n","protected":false},"featured_media":2411,"comment_status":"open","ping_status":"closed","template":"","meta":{"site-sidebar-layout":"","site-content-layout":"","ast-site-content-layout":"","site-content-style":"","site-sidebar-style":"","ast-global-header-display":"","ast-banner-title-visibility":"","ast-main-header-display":"","ast-hfb-above-header-display":"","ast-hfb-below-header-display":"","ast-hfb-mobile-header-display":"","site-post-title":"","ast-breadcrumbs-content":"","ast-featured-img":"","footer-sml-layout":"","theme-transparent-header-meta":"","adv-header-id-meta":"","stick-header-meta":"","header-above-stick-meta":"","header-main-stick-meta":"","header-below-stick-meta":"","astra-migrate-meta-layouts":"","ast-page-background-enabled":"default","ast-page-background-meta":{"desktop":{"background-color":"var(--ast-global-color-4)","background-image":"","background-repeat":"repeat","background-position":"center center","background-size":"auto","background-attachment":"scroll","background-type":"","background-media":"","overlay-type":"","overlay-color":"","overlay-opacity":"","overlay-gradient":""},"tablet":{"background-color":"","background-image":"","background-repeat":"repeat","background-position":"center center","background-size":"auto","background-attachment":"scroll","background-type":"","background-media":"","overlay-type":"","overlay-color":"","overlay-opacity":"","overlay-gradient":""},"mobile":{"background-color":"","background-image":"","background-repeat":"repeat","background-position":"center center","background-size":"auto","background-attachment":"scroll","background-type":"","background-media":"","overlay-type":"","overlay-color":"","overlay-opacity":"","overlay-gradient":""}},"ast-content-background-meta":{"desktop":{"background-color":"var(--ast-global-color-5)","background-image":"","background-repeat":"repeat","background-position":"center center","background-size":"auto","background-attachment":"scroll","background-type":"","background-media":"","overlay-type":"","overlay-color":"","overlay-opacity":"","overlay-gradient":""},"tablet":{"background-color":"var(--ast-global-color-5)","background-image":"","background-repeat":"repeat","background-position":"center center","background-size":"auto","background-attachment":"scroll","background-type":"","background-media":"","overlay-type":"","overlay-color":"","overlay-opacity":"","overlay-gradient":""},"mobile":{"background-color":"var(--ast-global-color-5)","background-image":"","background-repeat":"repeat","background-position":"center center","background-size":"auto","background-attachment":"scroll","background-type":"","background-media":"","overlay-type":"","overlay-color":"","overlay-opacity":"","overlay-gradient":""}}},"product_brand":[],"product_cat":[55],"product_tag":[],"class_list":{"0":"post-2381","1":"product","2":"type-product","3":"status-publish","4":"has-post-thumbnail","6":"product_cat-pompes-doseuses-piscine","7":"desktop-align-left","8":"tablet-align-left","9":"mobile-align-left","11":"first","12":"instock","13":"shipping-taxable","14":"purchasable","15":"product-type-simple"},"jetpack_sharing_enabled":true,"_links":{"self":[{"href":"https:\/\/chocpiscine.com\/index.php?rest_route=\/wp\/v2\/product\/2381","targetHints":{"allow":["GET"]}}],"collection":[{"href":"https:\/\/chocpiscine.com\/index.php?rest_route=\/wp\/v2\/product"}],"about":[{"href":"https:\/\/chocpiscine.com\/index.php?rest_route=\/wp\/v2\/types\/product"}],"replies":[{"embeddable":true,"href":"https:\/\/chocpiscine.com\/index.php?rest_route=%2Fwp%2Fv2%2Fcomments&post=2381"}],"wp:featuredmedia":[{"embeddable":true,"href":"https:\/\/chocpiscine.com\/index.php?rest_route=\/wp\/v2\/media\/2411"}],"wp:attachment":[{"href":"https:\/\/chocpiscine.com\/index.php?rest_route=%2Fwp%2Fv2%2Fmedia&parent=2381"}],"wp:term":[{"taxonomy":"product_brand","embeddable":true,"href":"https:\/\/chocpiscine.com\/index.php?rest_route=%2Fwp%2Fv2%2Fproduct_brand&post=2381"},{"taxonomy":"product_cat","embeddable":true,"href":"https:\/\/chocpiscine.com\/index.php?rest_route=%2Fwp%2Fv2%2Fproduct_cat&post=2381"},{"taxonomy":"product_tag","embeddable":true,"href":"https:\/\/chocpiscine.com\/index.php?rest_route=%2Fwp%2Fv2%2Fproduct_tag&post=2381"}],"curies":[{"name":"wp","href":"https:\/\/api.w.org\/{rel}","templated":true}]}}