{"id":2386,"date":"2024-03-27T11:21:02","date_gmt":"2024-03-27T10:21:02","guid":{"rendered":"https:\/\/chocpiscine.com\/?post_type=product&#038;p=2386"},"modified":"2024-03-27T11:21:07","modified_gmt":"2024-03-27T10:21:07","slug":"electrolyseur-au-sel-aquarite-lt-premium-95-m%c2%b3-hayward","status":"publish","type":"product","link":"https:\/\/chocpiscine.com\/?product=electrolyseur-au-sel-aquarite-lt-premium-95-m%c2%b3-hayward","title":{"rendered":"Electrolyseur au sel AQUARITE LT PREMIUM &#8211; 95 m\u00b3 &#8211; HAYWARD"},"content":{"rendered":"<p>Installation rapide et autonome sur les piscines neuves et s\u2019adapte facilement sur les piscines existantes.<br \/>\nPour les bassins de 60 jusqu&#8217;\u00e0 150 m\u00b3.<br \/>\nLarge plage de fonctionnement (de 2,8 g\/l \u00e0 3,6 g\/l de sel) pour une polyvalence in\u00e9gal\u00e9e.<br \/>\nGr\u00e2ce \u00e0 sa cellule Turbo Cell, l\u2019AQUARITE LT PREMIUM assainit totalement l\u2019eau de lapiscine,<br \/>\nsans avoir \u00e0 utiliser de galets de chlore. Une fois le bassin trait\u00e9, le sel se recombine pour un nouveau cycle :<br \/>\nil n\u2019y a donc pas de consommation de sel.<br \/>\nModule pH\/redox compris.<br \/>\nR\u00e9gulation pH\/redox : associ\u00e9 au module \u201cSense &#038; Dispense\u201d, ce module r\u00e9gulera automatiquement la production de chlore<br \/>\nde l\u2019\u00e9lectrolyseur AQUARITE LT PREMIUM en \u00e9vitant tout risque de surchloration et en maintenant l\u2019eau \u00e0 un pH id\u00e9al. Taux de sel conseill\u00e9<br \/>\nEntre 2,5 et 4 g\/L<\/p>\n<p>Mod\u00e8le<br \/>\nAquarite<\/p>\n<p>Type de produit<br \/>\n\u00e9lectrolyseur + ph redox<\/p>\n<p>Option de l&#8217;\u00e9lectrolyseur<br \/>\naffichage sel<\/p>\n<p>Volume maximal de la piscine<br \/>\n95 m\u00b3<\/p>\n<p>Type cellule<br \/>\nen ligne<br \/>\n R\u00e9f.fabricant : AQR-LTO-T9PREM<\/p>\n","protected":false},"excerpt":{"rendered":"<p>Installation rapide et autonome sur les piscines neuves et s\u2019adapte facilement sur les piscines existantes. Pour les bassins de 60 [&hellip;]<\/p>\n","protected":false},"featured_media":2416,"comment_status":"open","ping_status":"closed","template":"","meta":{"site-sidebar-layout":"","site-content-layout":"","ast-site-content-layout":"","site-content-style":"","site-sidebar-style":"","ast-global-header-display":"","ast-banner-title-visibility":"","ast-main-header-display":"","ast-hfb-above-header-display":"","ast-hfb-below-header-display":"","ast-hfb-mobile-header-display":"","site-post-title":"","ast-breadcrumbs-content":"","ast-featured-img":"","footer-sml-layout":"","theme-transparent-header-meta":"","adv-header-id-meta":"","stick-header-meta":"","header-above-stick-meta":"","header-main-stick-meta":"","header-below-stick-meta":"","astra-migrate-meta-layouts":"","ast-page-background-enabled":"default","ast-page-background-meta":{"desktop":{"background-color":"var(--ast-global-color-4)","background-image":"","background-repeat":"repeat","background-position":"center center","background-size":"auto","background-attachment":"scroll","background-type":"","background-media":"","overlay-type":"","overlay-color":"","overlay-opacity":"","overlay-gradient":""},"tablet":{"background-color":"","background-image":"","background-repeat":"repeat","background-position":"center center","background-size":"auto","background-attachment":"scroll","background-type":"","background-media":"","overlay-type":"","overlay-color":"","overlay-opacity":"","overlay-gradient":""},"mobile":{"background-color":"","background-image":"","background-repeat":"repeat","background-position":"center center","background-size":"auto","background-attachment":"scroll","background-type":"","background-media":"","overlay-type":"","overlay-color":"","overlay-opacity":"","overlay-gradient":""}},"ast-content-background-meta":{"desktop":{"background-color":"var(--ast-global-color-5)","background-image":"","background-repeat":"repeat","background-position":"center center","background-size":"auto","background-attachment":"scroll","background-type":"","background-media":"","overlay-type":"","overlay-color":"","overlay-opacity":"","overlay-gradient":""},"tablet":{"background-color":"var(--ast-global-color-5)","background-image":"","background-repeat":"repeat","background-position":"center center","background-size":"auto","background-attachment":"scroll","background-type":"","background-media":"","overlay-type":"","overlay-color":"","overlay-opacity":"","overlay-gradient":""},"mobile":{"background-color":"var(--ast-global-color-5)","background-image":"","background-repeat":"repeat","background-position":"center center","background-size":"auto","background-attachment":"scroll","background-type":"","background-media":"","overlay-type":"","overlay-color":"","overlay-opacity":"","overlay-gradient":""}}},"product_brand":[],"product_cat":[53],"product_tag":[],"class_list":{"0":"post-2386","1":"product","2":"type-product","3":"status-publish","4":"has-post-thumbnail","6":"product_cat-electrolyseurs-sel","7":"desktop-align-left","8":"tablet-align-left","9":"mobile-align-left","11":"first","12":"instock","13":"shipping-taxable","14":"purchasable","15":"product-type-simple"},"jetpack_sharing_enabled":true,"_links":{"self":[{"href":"https:\/\/chocpiscine.com\/index.php?rest_route=\/wp\/v2\/product\/2386","targetHints":{"allow":["GET"]}}],"collection":[{"href":"https:\/\/chocpiscine.com\/index.php?rest_route=\/wp\/v2\/product"}],"about":[{"href":"https:\/\/chocpiscine.com\/index.php?rest_route=\/wp\/v2\/types\/product"}],"replies":[{"embeddable":true,"href":"https:\/\/chocpiscine.com\/index.php?rest_route=%2Fwp%2Fv2%2Fcomments&post=2386"}],"wp:featuredmedia":[{"embeddable":true,"href":"https:\/\/chocpiscine.com\/index.php?rest_route=\/wp\/v2\/media\/2416"}],"wp:attachment":[{"href":"https:\/\/chocpiscine.com\/index.php?rest_route=%2Fwp%2Fv2%2Fmedia&parent=2386"}],"wp:term":[{"taxonomy":"product_brand","embeddable":true,"href":"https:\/\/chocpiscine.com\/index.php?rest_route=%2Fwp%2Fv2%2Fproduct_brand&post=2386"},{"taxonomy":"product_cat","embeddable":true,"href":"https:\/\/chocpiscine.com\/index.php?rest_route=%2Fwp%2Fv2%2Fproduct_cat&post=2386"},{"taxonomy":"product_tag","embeddable":true,"href":"https:\/\/chocpiscine.com\/index.php?rest_route=%2Fwp%2Fv2%2Fproduct_tag&post=2386"}],"curies":[{"name":"wp","href":"https:\/\/api.w.org\/{rel}","templated":true}]}}