{"id":2405,"date":"2024-03-27T11:21:03","date_gmt":"2024-03-27T10:21:03","guid":{"rendered":"https:\/\/chocpiscine.com\/?post_type=product&#038;p=2405"},"modified":"2024-03-27T11:21:19","modified_gmt":"2024-03-27T10:21:19","slug":"panneau-de-regulation-aquaprimo-ph-et-redox-aquaprimo","status":"publish","type":"product","link":"https:\/\/chocpiscine.com\/?product=panneau-de-regulation-aquaprimo-ph-et-redox-aquaprimo","title":{"rendered":"Panneau de r\u00e9gulation AQUAPRIMO pH et redox &#8211; AQUAPRIMO"},"content":{"rendered":"<p>Panneau thermoform\u00e9 \u00e9quip\u00e9 de 2 pompes doseuses p\u00e9ristaltiques \u00e0 dosage proportionnel pour le pH et le REDOX.<\/p>\n<p>Programmation simplifi\u00e9e des points de consignes pH et Redox.<br \/>\nEtalonnage semi automatique sur 1 seul point pH=7 et Redox = 46 mv.<br \/>\nD\u00e9bit pompe pH\u00a0: 1.5L\/h.<br \/>\nD\u00e9bit pompe Redox\u00a0: 3L\/h.<\/p>\n<p>Coffret\u00a0: Garantie 2 ans<br \/>\nSonde pH et Redox\u00a0: Garantie 1 an<br \/>\nPanneau de R\u00e9gulation Livr\u00e9 avec chambre d\u2019analyse, sonde PH et Redox, un pr\u00e9filtre, solutions tampon, tubes aspiration et refoulement, clapets injections. Type de mesure<br \/>\npH et redox<\/p>\n<p>Dosage piscine<br \/>\nr\u00e9gulateur + pompe doseuse<\/p>\n<p>D\u00e9bit de la pompe<br \/>\n1,5 L\/h<\/p>\n<p>Gamme<br \/>\nAquaprimo<br \/>\n R\u00e9f.fabricant : 11.130.141<\/p>\n","protected":false},"excerpt":{"rendered":"<p>Panneau thermoform\u00e9 \u00e9quip\u00e9 de 2 pompes doseuses p\u00e9ristaltiques \u00e0 dosage proportionnel pour le pH et le REDOX. Programmation simplifi\u00e9e des [&hellip;]<\/p>\n","protected":false},"featured_media":2435,"comment_status":"open","ping_status":"closed","template":"","meta":{"site-sidebar-layout":"","site-content-layout":"","ast-site-content-layout":"","site-content-style":"","site-sidebar-style":"","ast-global-header-display":"","ast-banner-title-visibility":"","ast-main-header-display":"","ast-hfb-above-header-display":"","ast-hfb-below-header-display":"","ast-hfb-mobile-header-display":"","site-post-title":"","ast-breadcrumbs-content":"","ast-featured-img":"","footer-sml-layout":"","theme-transparent-header-meta":"","adv-header-id-meta":"","stick-header-meta":"","header-above-stick-meta":"","header-main-stick-meta":"","header-below-stick-meta":"","astra-migrate-meta-layouts":"","ast-page-background-enabled":"default","ast-page-background-meta":{"desktop":{"background-color":"var(--ast-global-color-4)","background-image":"","background-repeat":"repeat","background-position":"center center","background-size":"auto","background-attachment":"scroll","background-type":"","background-media":"","overlay-type":"","overlay-color":"","overlay-opacity":"","overlay-gradient":""},"tablet":{"background-color":"","background-image":"","background-repeat":"repeat","background-position":"center center","background-size":"auto","background-attachment":"scroll","background-type":"","background-media":"","overlay-type":"","overlay-color":"","overlay-opacity":"","overlay-gradient":""},"mobile":{"background-color":"","background-image":"","background-repeat":"repeat","background-position":"center center","background-size":"auto","background-attachment":"scroll","background-type":"","background-media":"","overlay-type":"","overlay-color":"","overlay-opacity":"","overlay-gradient":""}},"ast-content-background-meta":{"desktop":{"background-color":"var(--ast-global-color-5)","background-image":"","background-repeat":"repeat","background-position":"center center","background-size":"auto","background-attachment":"scroll","background-type":"","background-media":"","overlay-type":"","overlay-color":"","overlay-opacity":"","overlay-gradient":""},"tablet":{"background-color":"var(--ast-global-color-5)","background-image":"","background-repeat":"repeat","background-position":"center center","background-size":"auto","background-attachment":"scroll","background-type":"","background-media":"","overlay-type":"","overlay-color":"","overlay-opacity":"","overlay-gradient":""},"mobile":{"background-color":"var(--ast-global-color-5)","background-image":"","background-repeat":"repeat","background-position":"center center","background-size":"auto","background-attachment":"scroll","background-type":"","background-media":"","overlay-type":"","overlay-color":"","overlay-opacity":"","overlay-gradient":""}}},"product_brand":[],"product_cat":[55],"product_tag":[],"class_list":{"0":"post-2405","1":"product","2":"type-product","3":"status-publish","4":"has-post-thumbnail","6":"product_cat-pompes-doseuses-piscine","7":"desktop-align-left","8":"tablet-align-left","9":"mobile-align-left","11":"first","12":"instock","13":"shipping-taxable","14":"purchasable","15":"product-type-simple"},"jetpack_sharing_enabled":true,"_links":{"self":[{"href":"https:\/\/chocpiscine.com\/index.php?rest_route=\/wp\/v2\/product\/2405","targetHints":{"allow":["GET"]}}],"collection":[{"href":"https:\/\/chocpiscine.com\/index.php?rest_route=\/wp\/v2\/product"}],"about":[{"href":"https:\/\/chocpiscine.com\/index.php?rest_route=\/wp\/v2\/types\/product"}],"replies":[{"embeddable":true,"href":"https:\/\/chocpiscine.com\/index.php?rest_route=%2Fwp%2Fv2%2Fcomments&post=2405"}],"wp:featuredmedia":[{"embeddable":true,"href":"https:\/\/chocpiscine.com\/index.php?rest_route=\/wp\/v2\/media\/2435"}],"wp:attachment":[{"href":"https:\/\/chocpiscine.com\/index.php?rest_route=%2Fwp%2Fv2%2Fmedia&parent=2405"}],"wp:term":[{"taxonomy":"product_brand","embeddable":true,"href":"https:\/\/chocpiscine.com\/index.php?rest_route=%2Fwp%2Fv2%2Fproduct_brand&post=2405"},{"taxonomy":"product_cat","embeddable":true,"href":"https:\/\/chocpiscine.com\/index.php?rest_route=%2Fwp%2Fv2%2Fproduct_cat&post=2405"},{"taxonomy":"product_tag","embeddable":true,"href":"https:\/\/chocpiscine.com\/index.php?rest_route=%2Fwp%2Fv2%2Fproduct_tag&post=2405"}],"curies":[{"name":"wp","href":"https:\/\/api.w.org\/{rel}","templated":true}]}}