{"id":2406,"date":"2024-03-27T11:21:03","date_gmt":"2024-03-27T10:21:03","guid":{"rendered":"https:\/\/chocpiscine.com\/?post_type=product&#038;p=2406"},"modified":"2024-03-27T11:21:19","modified_gmt":"2024-03-27T10:21:19","slug":"panneau-de-regulation-piscine-ld-ph-chlore-amp-ferme-emec","status":"publish","type":"product","link":"https:\/\/chocpiscine.com\/?product=panneau-de-regulation-piscine-ld-ph-chlore-amp-ferme-emec","title":{"rendered":"Panneau de r\u00e9gulation piscine LD pH \/chlore AMP ferm\u00e9 &#8211; EMEC"},"content":{"rendered":"<p>Sp\u00e9cial spa et petit bassin.<br \/>\nPanneau de mesure et de r\u00e9gulation du pH etd u chlore libre<br \/>\nComposition:<br \/>\n&#8211; Pr\u00e9filtre<br \/>\n&#8211; Vannes d&#8217;isolement 1\/4 tour<br \/>\n&#8211; Chambre d&#8217;analyses r\u00e9tro\u00e9clair\u00e9e par LED<br \/>\n&#8211; Prise \u00e9chantillon<br \/>\n&#8211; Sonde de mesure du pH<br \/>\n&#8211; Sonde de mesure de chlore libre ECL6<br \/>\n&#8211; D\u00e9tecteur de flux<br \/>\n&#8211; Instrument WDPHCL multifonction \u00e9quip\u00e9 de 2<br \/>\npompes p\u00e9ristaltiques<br \/>\nD\u00e9bit des pompes (L\/h): 3<br \/>\n Type de mesure<br \/>\nsonde chlore amp\u00e9ro ferm\u00e9e<\/p>\n<p>Dosage piscine<br \/>\nr\u00e9gulateur uniquement<\/p>\n<p>D\u00e9bit de la pompe<br \/>\n0 L\/h<\/p>\n<p>Gamme<br \/>\nEmec<br \/>\n R\u00e9f.fabricant : PA-LDPHCL3-PP<\/p>\n","protected":false},"excerpt":{"rendered":"<p>Sp\u00e9cial spa et petit bassin. Panneau de mesure et de r\u00e9gulation du pH etd u chlore libre Composition: &#8211; Pr\u00e9filtre [&hellip;]<\/p>\n","protected":false},"featured_media":2436,"comment_status":"open","ping_status":"closed","template":"","meta":{"site-sidebar-layout":"","site-content-layout":"","ast-site-content-layout":"","site-content-style":"","site-sidebar-style":"","ast-global-header-display":"","ast-banner-title-visibility":"","ast-main-header-display":"","ast-hfb-above-header-display":"","ast-hfb-below-header-display":"","ast-hfb-mobile-header-display":"","site-post-title":"","ast-breadcrumbs-content":"","ast-featured-img":"","footer-sml-layout":"","theme-transparent-header-meta":"","adv-header-id-meta":"","stick-header-meta":"","header-above-stick-meta":"","header-main-stick-meta":"","header-below-stick-meta":"","astra-migrate-meta-layouts":"","ast-page-background-enabled":"default","ast-page-background-meta":{"desktop":{"background-color":"var(--ast-global-color-4)","background-image":"","background-repeat":"repeat","background-position":"center center","background-size":"auto","background-attachment":"scroll","background-type":"","background-media":"","overlay-type":"","overlay-color":"","overlay-opacity":"","overlay-gradient":""},"tablet":{"background-color":"","background-image":"","background-repeat":"repeat","background-position":"center center","background-size":"auto","background-attachment":"scroll","background-type":"","background-media":"","overlay-type":"","overlay-color":"","overlay-opacity":"","overlay-gradient":""},"mobile":{"background-color":"","background-image":"","background-repeat":"repeat","background-position":"center center","background-size":"auto","background-attachment":"scroll","background-type":"","background-media":"","overlay-type":"","overlay-color":"","overlay-opacity":"","overlay-gradient":""}},"ast-content-background-meta":{"desktop":{"background-color":"var(--ast-global-color-5)","background-image":"","background-repeat":"repeat","background-position":"center center","background-size":"auto","background-attachment":"scroll","background-type":"","background-media":"","overlay-type":"","overlay-color":"","overlay-opacity":"","overlay-gradient":""},"tablet":{"background-color":"var(--ast-global-color-5)","background-image":"","background-repeat":"repeat","background-position":"center center","background-size":"auto","background-attachment":"scroll","background-type":"","background-media":"","overlay-type":"","overlay-color":"","overlay-opacity":"","overlay-gradient":""},"mobile":{"background-color":"var(--ast-global-color-5)","background-image":"","background-repeat":"repeat","background-position":"center center","background-size":"auto","background-attachment":"scroll","background-type":"","background-media":"","overlay-type":"","overlay-color":"","overlay-opacity":"","overlay-gradient":""}}},"product_brand":[],"product_cat":[57],"product_tag":[],"class_list":{"0":"post-2406","1":"product","2":"type-product","3":"status-publish","4":"has-post-thumbnail","6":"product_cat-panneaux-regulation","7":"desktop-align-left","8":"tablet-align-left","9":"mobile-align-left","11":"first","12":"instock","13":"shipping-taxable","14":"purchasable","15":"product-type-simple"},"jetpack_sharing_enabled":true,"_links":{"self":[{"href":"https:\/\/chocpiscine.com\/index.php?rest_route=\/wp\/v2\/product\/2406","targetHints":{"allow":["GET"]}}],"collection":[{"href":"https:\/\/chocpiscine.com\/index.php?rest_route=\/wp\/v2\/product"}],"about":[{"href":"https:\/\/chocpiscine.com\/index.php?rest_route=\/wp\/v2\/types\/product"}],"replies":[{"embeddable":true,"href":"https:\/\/chocpiscine.com\/index.php?rest_route=%2Fwp%2Fv2%2Fcomments&post=2406"}],"wp:featuredmedia":[{"embeddable":true,"href":"https:\/\/chocpiscine.com\/index.php?rest_route=\/wp\/v2\/media\/2436"}],"wp:attachment":[{"href":"https:\/\/chocpiscine.com\/index.php?rest_route=%2Fwp%2Fv2%2Fmedia&parent=2406"}],"wp:term":[{"taxonomy":"product_brand","embeddable":true,"href":"https:\/\/chocpiscine.com\/index.php?rest_route=%2Fwp%2Fv2%2Fproduct_brand&post=2406"},{"taxonomy":"product_cat","embeddable":true,"href":"https:\/\/chocpiscine.com\/index.php?rest_route=%2Fwp%2Fv2%2Fproduct_cat&post=2406"},{"taxonomy":"product_tag","embeddable":true,"href":"https:\/\/chocpiscine.com\/index.php?rest_route=%2Fwp%2Fv2%2Fproduct_tag&post=2406"}],"curies":[{"name":"wp","href":"https:\/\/api.w.org\/{rel}","templated":true}]}}