{"id":2444,"date":"2024-03-27T11:21:22","date_gmt":"2024-03-27T10:21:22","guid":{"rendered":"https:\/\/chocpiscine.com\/?post_type=product&#038;p=2444"},"modified":"2024-03-27T11:21:26","modified_gmt":"2024-03-27T10:21:26","slug":"pompe-doseuse-piscine-combipool-bio-uv","status":"publish","type":"product","link":"https:\/\/chocpiscine.com\/?product=pompe-doseuse-piscine-combipool-bio-uv","title":{"rendered":"Pompe doseuse piscine COMBIPOOL &#8211; BIO-UV"},"content":{"rendered":"<p>COMBIPOOL est un syst\u00e8me automatique 2 en 1 qui associe injection de produit de d\u00e9sinfection et r\u00e9gulation du pH en fonction de 3 param\u00e8tres (volume du bassin, temp\u00e9rature et pH de l\u2019eau).<br \/>\nCOMBIPOOL offre un manchon \u201c4 en 1&#8243; et regroupe sondes et tubes d\u2019injection.<\/p>\n<p>Bo\u00eetier de r\u00e9gulation\u00a0:<br \/>\n&#8211; D\u00e9bit des pompes doseuses\u00a0: 2,4 L\/h<br \/>\n&#8211; Pression de sortie des pompes doseuses\u00a0: 1,0 bar maxi.<br \/>\n&#8211; Fusible\u00a0: carte \u00e9lectronique 315 mA \/ r\u00e9acteur UV 2,5 A<br \/>\n&#8211; Alimentation\u00a0: 230 V \/ 50 Hz<br \/>\n&#8211; Puissance\u00a0: 10 W<br \/>\n&#8211; Indice de protection\u00a0: IP 54<br \/>\n\u00a0<\/p>\n<p>Livr\u00e9e avec\u00a0:<br \/>\n&#8211; 1 sonde de temp\u00e9rature et 1 sonde pH<br \/>\n&#8211; 1 manchon 4 en 1 \u00d8 63 mm<br \/>\n&#8211; Porte sonde pH<br \/>\n&#8211; 2 clapets d\u2019injection<br \/>\n&#8211; 2 cr\u00e9pines d\u2019aspiration<br \/>\n&#8211; 2 tubes aspiration \/ injection<br \/>\n&#8211; Kit de fixation<br \/>\n&#8211; Kit de solutions pH4 et pH7<br \/>\n&#8211; Bouchon porte-accessoire<br \/>\n&#8211; Connecteur UV Type de mesure<br \/>\noxyg\u00e8ne actif<\/p>\n<p>Dosage piscine<br \/>\nhorloge + pompe doseuse<\/p>\n<p>D\u00e9bit de la pompe<br \/>\n1,5 L\/h<\/p>\n<p>Gamme<br \/>\nBio uv<br \/>\n R\u00e9f.fabricant : PPE010629<\/p>\n","protected":false},"excerpt":{"rendered":"<p>COMBIPOOL est un syst\u00e8me automatique 2 en 1 qui associe injection de produit de d\u00e9sinfection et r\u00e9gulation du pH en [&hellip;]<\/p>\n","protected":false},"featured_media":2474,"comment_status":"open","ping_status":"closed","template":"","meta":{"site-sidebar-layout":"","site-content-layout":"","ast-site-content-layout":"","site-content-style":"","site-sidebar-style":"","ast-global-header-display":"","ast-banner-title-visibility":"","ast-main-header-display":"","ast-hfb-above-header-display":"","ast-hfb-below-header-display":"","ast-hfb-mobile-header-display":"","site-post-title":"","ast-breadcrumbs-content":"","ast-featured-img":"","footer-sml-layout":"","theme-transparent-header-meta":"","adv-header-id-meta":"","stick-header-meta":"","header-above-stick-meta":"","header-main-stick-meta":"","header-below-stick-meta":"","astra-migrate-meta-layouts":"","ast-page-background-enabled":"default","ast-page-background-meta":{"desktop":{"background-color":"var(--ast-global-color-4)","background-image":"","background-repeat":"repeat","background-position":"center center","background-size":"auto","background-attachment":"scroll","background-type":"","background-media":"","overlay-type":"","overlay-color":"","overlay-opacity":"","overlay-gradient":""},"tablet":{"background-color":"","background-image":"","background-repeat":"repeat","background-position":"center center","background-size":"auto","background-attachment":"scroll","background-type":"","background-media":"","overlay-type":"","overlay-color":"","overlay-opacity":"","overlay-gradient":""},"mobile":{"background-color":"","background-image":"","background-repeat":"repeat","background-position":"center center","background-size":"auto","background-attachment":"scroll","background-type":"","background-media":"","overlay-type":"","overlay-color":"","overlay-opacity":"","overlay-gradient":""}},"ast-content-background-meta":{"desktop":{"background-color":"var(--ast-global-color-5)","background-image":"","background-repeat":"repeat","background-position":"center center","background-size":"auto","background-attachment":"scroll","background-type":"","background-media":"","overlay-type":"","overlay-color":"","overlay-opacity":"","overlay-gradient":""},"tablet":{"background-color":"var(--ast-global-color-5)","background-image":"","background-repeat":"repeat","background-position":"center center","background-size":"auto","background-attachment":"scroll","background-type":"","background-media":"","overlay-type":"","overlay-color":"","overlay-opacity":"","overlay-gradient":""},"mobile":{"background-color":"var(--ast-global-color-5)","background-image":"","background-repeat":"repeat","background-position":"center center","background-size":"auto","background-attachment":"scroll","background-type":"","background-media":"","overlay-type":"","overlay-color":"","overlay-opacity":"","overlay-gradient":""}}},"product_brand":[],"product_cat":[55],"product_tag":[],"class_list":{"0":"post-2444","1":"product","2":"type-product","3":"status-publish","4":"has-post-thumbnail","6":"product_cat-pompes-doseuses-piscine","7":"desktop-align-left","8":"tablet-align-left","9":"mobile-align-left","11":"first","12":"instock","13":"shipping-taxable","14":"purchasable","15":"product-type-simple"},"jetpack_sharing_enabled":true,"_links":{"self":[{"href":"https:\/\/chocpiscine.com\/index.php?rest_route=\/wp\/v2\/product\/2444","targetHints":{"allow":["GET"]}}],"collection":[{"href":"https:\/\/chocpiscine.com\/index.php?rest_route=\/wp\/v2\/product"}],"about":[{"href":"https:\/\/chocpiscine.com\/index.php?rest_route=\/wp\/v2\/types\/product"}],"replies":[{"embeddable":true,"href":"https:\/\/chocpiscine.com\/index.php?rest_route=%2Fwp%2Fv2%2Fcomments&post=2444"}],"wp:featuredmedia":[{"embeddable":true,"href":"https:\/\/chocpiscine.com\/index.php?rest_route=\/wp\/v2\/media\/2474"}],"wp:attachment":[{"href":"https:\/\/chocpiscine.com\/index.php?rest_route=%2Fwp%2Fv2%2Fmedia&parent=2444"}],"wp:term":[{"taxonomy":"product_brand","embeddable":true,"href":"https:\/\/chocpiscine.com\/index.php?rest_route=%2Fwp%2Fv2%2Fproduct_brand&post=2444"},{"taxonomy":"product_cat","embeddable":true,"href":"https:\/\/chocpiscine.com\/index.php?rest_route=%2Fwp%2Fv2%2Fproduct_cat&post=2444"},{"taxonomy":"product_tag","embeddable":true,"href":"https:\/\/chocpiscine.com\/index.php?rest_route=%2Fwp%2Fv2%2Fproduct_tag&post=2444"}],"curies":[{"name":"wp","href":"https:\/\/api.w.org\/{rel}","templated":true}]}}