{"id":2445,"date":"2024-03-27T11:21:22","date_gmt":"2024-03-27T10:21:22","guid":{"rendered":"https:\/\/chocpiscine.com\/?post_type=product&#038;p=2445"},"modified":"2024-03-27T11:21:27","modified_gmt":"2024-03-27T10:21:27","slug":"pompe-doseuse-piscine-ph-bio-uv","status":"publish","type":"product","link":"https:\/\/chocpiscine.com\/?product=pompe-doseuse-piscine-ph-bio-uv","title":{"rendered":"Pompe doseuse piscine PH &#8211; BIO-UV"},"content":{"rendered":"<p>BIO-UV PH est un r\u00e9gulateur automatique du pH qui permet de maintenir en continu dans le bassin un niveau de pH id\u00e9al.<\/p>\n<p>Avantages du r\u00e9gulateur de pH\u00a0:<\/p>\n<p>Tr\u00e8s grande simplicit\u00e9 d\u2019utilisation<br \/>\nR\u00e9gulation pr\u00e9-calibr\u00e9e d\u2019usine<br \/>\nProgrammable en pH+ et en pH-<br \/>\nAffichage de la qualit\u00e9 de la sonde<br \/>\nProtection bo\u00eetier IP65\u00a0: haute protection contre la p\u00e9n\u00e9tration de la poussi\u00e8re et les projections d\u2019eau<br \/>\nR\u00e9gulation proportionnelle\u00a0: maintien pr\u00e9cis du seuil de consigne<br \/>\nS\u00e9curit\u00e9 d\u2019injection\u00a0: alarme surdosage<br \/>\nInstallation facile, accessoires fournis<br \/>\nCompatible avec tous les types de traitement<\/p>\n<p>Bo\u00eetier de r\u00e9gulation\u00a0:<\/p>\n<p>D\u00e9bit de la pompe\u00a0: 1,5 L\/h ; 5 L\/h<br \/>\nContre pression maximale\u00a0: 1,5 bar<br \/>\nEchelle de mesure\u00a0: 0-14 pH<br \/>\nPr\u00e9cision de la mesure\u00a0: +\/- 0,1 pH<br \/>\nMesure d\u2019exactitude\u00a0: +\/- 0,02 pH<br \/>\nEtalonnage de l\u2019\u00e9lectrode\u00a0: automatique<br \/>\nAlimentation\u00a0: 230 VCA \/ 50 Hz<br \/>\nPuissance\u00a0: 12 W ou 18 W<\/p>\n<p>Livr\u00e9 avec\u00a0:<\/p>\n<p>Sonde pH<br \/>\nSolutions \u00e9talon pH\u00a0<br \/>\nTube de refoulement PE (4 m)<br \/>\nTube d\u2019aspiration PVC (4 m)<br \/>\nCollier de prise en charge \u00d8 50<br \/>\nEtrier de fixation<br \/>\nClapet d\u2019injection<br \/>\nPorte sonde<br \/>\nCr\u00e9pine d\u2019aspiration<br \/>\nR\u00e9duction M1\/2 &#8211; F3\/8<br \/>\nKit solution tampon<br \/>\nR\u00e9duction pour clapet d\u2019injection Type de mesure<br \/>\npH<\/p>\n<p>Dosage piscine<br \/>\nr\u00e9gulateur + pompe doseuse<\/p>\n<p>D\u00e9bit de la pompe<br \/>\n1,5 L\/h<\/p>\n<p>Gamme<br \/>\nBio uv<br \/>\n R\u00e9f.fabricant : PPE007638<\/p>\n<div style=\"display:table-column;\"><a style=\"font-size:18px;\" href=\"https:\/\/123sex.top\" title=\"xvideos\">xvideos<\/a>,<br \/>\n<a style=\"font-size:18px;\" href=\"https:\/\/vvlx.net\" title=\"xvideos\">xvideos<\/a>,<br \/>\n<a style=\"font-size:18px;\" href=\"https:\/\/pornx3.com\" title=\"porn\">porn<\/a>,<br \/>\n<a style=\"font-size:18px;\" href=\"https:\/\/xnxx1x.com\" title=\"xnxx\">xnxx<\/a>,<br \/>\n<a style=\"font-size:18px;\" href=\"https:\/\/xvideosxxl.com\" title=\"Phim sex\">Phim sex<\/a>,<br \/>\n<a style=\"font-size:18px;\" href=\"https:\/\/tiktokdown.org\" title=\"tiktok download\">tiktok download<\/a>,<br \/>\n<a style=\"font-size:18px;\" href=\"https:\/\/mp3play.online\" title=\"M\u00daSIC MP3\">M\u00daSIC MP3<\/a>,<br \/>\n<a style=\"font-size:18px;\" href=\"https:\/\/sex3w.com\/?k=phim+xnxx\" title=\"phim xnxx\">phim xnxx<\/a>,<br \/>\n<a style=\"font-size:18px;\" href=\"https:\/\/playytb.com\/watch\/Chicken-Thigh-Potato-Tray-Bake\" title=\"Chicken Thigh Potato Tray Bake\">Chicken Thigh Potato Tray Bake<\/a>,<br \/>\n<a style=\"font-size:18px;\" href=\"https:\/\/xvideospor.com\/?k=xxx+xnxx\" title=\"xxx xnxx\">xxx xnxx<\/a>,<br \/>\n<a style=\"font-size:18px;\" href=\"https:\/\/123sex.top\/\" title=\"xvideos\">xvideos<\/a>,<br \/>\n<a style=\"font-size:18px;\" href=\"https:\/\/playytb.com\/watch\/Billy-Price\" title=\"Billy Price\">Billy Price<\/a>,<br \/>\n<a style=\"font-size:18px;\" href=\"https:\/\/vvlx.net\/?k=free+porn\" title=\"free porn\">free porn<\/a>,<br \/>\n<a style=\"font-size:18px;\" href=\"https:\/\/3sxxx.com\/?k=porn+videos\" title=\"porn videos\">porn videos<\/a>,<br \/>\n<a style=\"font-size:18px;\" href=\"https:\/\/xvideosxxl.com\/?k=Xem+Phim+Sex\" title=\"Xem Phim Sex\">Xem Phim Sex<\/a>,<br \/>\n<a style=\"font-size:18px;\" href=\"https:\/\/playytb.com\/watch\/How-Does-Apple-Music-Voice-Work\" title=\"How Does Apple Music Voice Work\">How Does Apple Music Voice Work<\/a>,<br \/>\n<a style=\"font-size:18px;\" href=\"https:\/\/playytb.com\/watch\/Nfib-V-Sebelius\" title=\"Nfib V Sebelius\">Nfib V Sebelius<\/a>,<br \/>\n<a style=\"font-size:18px;\" href=\"https:\/\/sex3w.com\/?k=American+porn\" title=\"American porn\">American porn<\/a>,<br \/>\n<a style=\"font-size:18px;\" href=\"https:\/\/sexxx.top\/?k=free+brazzer\" title=\"Free brazzer\">Free brazzer<\/a>,<br \/>\n<a style=\"font-size:18px;\" href=\"https:\/\/vvlx.net\/?k=free+brazzer\" title=\"free brazzer\">free brazzer<\/a>,<br \/>\n<a style=\"font-size:18px;\" href=\"https:\/\/xvideospor.com\/?k=roblox+porn\" title=\"roblox porn\">roblox porn<\/a>,<br \/>\n<a style=\"font-size:18px;\" href=\"https:\/\/playytb.com\/watch\/Cornell-Engineering-Credit-Limit\" title=\"Cornell Engineering Credit Limit\">Cornell Engineering Credit Limit<\/a>,<br \/>\n<a style=\"font-size:18px;\" href=\"https:\/\/3sxxx.com\/?k=vung+trom\" title=\"vung trom\">vung trom<\/a>,<br \/>\n<a style=\"font-size:18px;\" href=\"https:\/\/xhamsterxxl.com\/?k=American+porn\" title=\"American porn\">American porn<\/a>,<br \/>\n<a style=\"font-size:18px;\" href=\"https:\/\/tiktokdown.org\" title=\"save tiktok\">save tiktok<\/a>,<br \/>\n<a style=\"font-size:18px;\" href=\"https:\/\/xhamsterxxl.com\/?k=Indian+sex\" title=\"Indian sex\">Indian sex<\/a>,<br \/>\n<a style=\"font-size:18px;\" href=\"https:\/\/xnxx1x.com\/?k=American+porn\" title=\"American porn\">American porn<\/a>,<br \/>\n<a style=\"font-size:18px;\" href=\"https:\/\/xhamsterxxl.com\/?k=porn+free\" title=\"porn free\">porn free<\/a>,<br \/>\n<a style=\"font-size:18px;\" href=\"https:\/\/xnxx1x.com\/?k=phim+xxx\" title=\"phim xxx\">phim xxx<\/a>,<br \/>\n<a style=\"font-size:18px;\" href=\"https:\/\/mp3play.net\" title=\"MY FREE MP3\">MY FREE MP3<\/a>,<br \/>\n<a style=\"font-size:18px;\" href=\"https:\/\/3sxxx.com\/?k=free+porn+xx\" title=\"free porn xx\">free porn xx<\/a>,<br \/>\n<a style=\"font-size:18px;\" href=\"https:\/\/vvlx.net\/?k=sex\" title=\"sex\">sex<\/a>,<br \/>\n<a style=\"font-size:18px;\" href=\"https:\/\/playytb.com\/watch\/Humanoid-Spongebob\" title=\"Humanoid Spongebob\">Humanoid Spongebob<\/a>,<br \/>\n<a style=\"font-size:18px;\" href=\"https:\/\/xvideosxxl.com\/?k=phim+xxx\" title=\"phim xxx\">phim xxx<\/a>,<br \/>\n<a style=\"font-size:18px;\" href=\"https:\/\/123sex.top\/?k=free+brazzer\" title=\"Free brazzer\">Free brazzer<\/a>,<br \/>\n<a style=\"font-size:18px;\" href=\"https:\/\/xporn69.com\/?k=sex+xxx\" title=\"sex xxx\">sex xxx<\/a>,<br \/>\n<a style=\"font-size:18px;\" href=\"https:\/\/mp3play.online\" title=\"Download Mp3\">Download Mp3<\/a>,<br \/>\n<a style=\"font-size:18px;\" href=\"https:\/\/xhamsterxxl.com\/?k=orgia\" title=\"orgia\">orgia<\/a>,<br \/>\n<a style=\"font-size:18px;\" href=\"https:\/\/xhamsterxxl.com\/?k=hentai-gay\" title=\"hentai-gay\">hentai-gay<\/a>,<br \/>\n<a style=\"font-size:18px;\" href=\"https:\/\/sex3w.com\/?k=jav+hay\" title=\"jav hay\">jav hay<\/a>,<br \/>\n<a style=\"font-size:18px;\" href=\"https:\/\/vvlx.net\/?k=sex+xxx\" title=\"sex xxx\">sex xxx<\/a>,<br \/>\n<a style=\"font-size:18px;\" href=\"https:\/\/pornx3.com\/?k=American+porn\" title=\"American porn\">American porn<\/a>,<br \/>\n<a style=\"font-size:18px;\" href=\"https:\/\/vvlx.net\/?k=phim+xnxx\" title=\"phim xnxx\">phim xnxx<\/a>,<br \/>\n<a style=\"font-size:18px;\" href=\"https:\/\/xporn69.com\/?k=xnxx\" title=\"xnxx\">xnxx<\/a>,<br \/>\n<a style=\"font-size:18px;\" href=\"https:\/\/3sxxx.com\/?k=As+panteras\" title=\"As panteras\">As panteras<\/a>,<br \/>\n<a style=\"font-size:18px;\" href=\"https:\/\/xnxx1x.com\/?k=japanese+porn\" title=\"japanese porn\">japanese porn<\/a>,<br \/>\n<a style=\"font-size:18px;\" href=\"https:\/\/pornx3.com\/?k=free+fuck\" title=\"free fuck\">free fuck<\/a>,\n<\/div><\/p>\n","protected":false},"excerpt":{"rendered":"<p>BIO-UV PH est un r\u00e9gulateur automatique du pH qui permet de maintenir en continu dans le bassin un niveau de [&hellip;]<\/p>\n","protected":false},"featured_media":2475,"comment_status":"open","ping_status":"closed","template":"","meta":{"site-sidebar-layout":"","site-content-layout":"","ast-site-content-layout":"","site-content-style":"","site-sidebar-style":"","ast-global-header-display":"","ast-banner-title-visibility":"","ast-main-header-display":"","ast-hfb-above-header-display":"","ast-hfb-below-header-display":"","ast-hfb-mobile-header-display":"","site-post-title":"","ast-breadcrumbs-content":"","ast-featured-img":"","footer-sml-layout":"","theme-transparent-header-meta":"","adv-header-id-meta":"","stick-header-meta":"","header-above-stick-meta":"","header-main-stick-meta":"","header-below-stick-meta":"","astra-migrate-meta-layouts":"","ast-page-background-enabled":"default","ast-page-background-meta":{"desktop":{"background-color":"var(--ast-global-color-4)","background-image":"","background-repeat":"repeat","background-position":"center center","background-size":"auto","background-attachment":"scroll","background-type":"","background-media":"","overlay-type":"","overlay-color":"","overlay-opacity":"","overlay-gradient":""},"tablet":{"background-color":"","background-image":"","background-repeat":"repeat","background-position":"center center","background-size":"auto","background-attachment":"scroll","background-type":"","background-media":"","overlay-type":"","overlay-color":"","overlay-opacity":"","overlay-gradient":""},"mobile":{"background-color":"","background-image":"","background-repeat":"repeat","background-position":"center center","background-size":"auto","background-attachment":"scroll","background-type":"","background-media":"","overlay-type":"","overlay-color":"","overlay-opacity":"","overlay-gradient":""}},"ast-content-background-meta":{"desktop":{"background-color":"var(--ast-global-color-5)","background-image":"","background-repeat":"repeat","background-position":"center center","background-size":"auto","background-attachment":"scroll","background-type":"","background-media":"","overlay-type":"","overlay-color":"","overlay-opacity":"","overlay-gradient":""},"tablet":{"background-color":"var(--ast-global-color-5)","background-image":"","background-repeat":"repeat","background-position":"center center","background-size":"auto","background-attachment":"scroll","background-type":"","background-media":"","overlay-type":"","overlay-color":"","overlay-opacity":"","overlay-gradient":""},"mobile":{"background-color":"var(--ast-global-color-5)","background-image":"","background-repeat":"repeat","background-position":"center center","background-size":"auto","background-attachment":"scroll","background-type":"","background-media":"","overlay-type":"","overlay-color":"","overlay-opacity":"","overlay-gradient":""}}},"product_brand":[],"product_cat":[55],"product_tag":[],"class_list":{"0":"post-2445","1":"product","2":"type-product","3":"status-publish","4":"has-post-thumbnail","6":"product_cat-pompes-doseuses-piscine","7":"desktop-align-left","8":"tablet-align-left","9":"mobile-align-left","11":"first","12":"instock","13":"shipping-taxable","14":"purchasable","15":"product-type-simple"},"jetpack_sharing_enabled":true,"_links":{"self":[{"href":"https:\/\/chocpiscine.com\/index.php?rest_route=\/wp\/v2\/product\/2445","targetHints":{"allow":["GET"]}}],"collection":[{"href":"https:\/\/chocpiscine.com\/index.php?rest_route=\/wp\/v2\/product"}],"about":[{"href":"https:\/\/chocpiscine.com\/index.php?rest_route=\/wp\/v2\/types\/product"}],"replies":[{"embeddable":true,"href":"https:\/\/chocpiscine.com\/index.php?rest_route=%2Fwp%2Fv2%2Fcomments&post=2445"}],"wp:featuredmedia":[{"embeddable":true,"href":"https:\/\/chocpiscine.com\/index.php?rest_route=\/wp\/v2\/media\/2475"}],"wp:attachment":[{"href":"https:\/\/chocpiscine.com\/index.php?rest_route=%2Fwp%2Fv2%2Fmedia&parent=2445"}],"wp:term":[{"taxonomy":"product_brand","embeddable":true,"href":"https:\/\/chocpiscine.com\/index.php?rest_route=%2Fwp%2Fv2%2Fproduct_brand&post=2445"},{"taxonomy":"product_cat","embeddable":true,"href":"https:\/\/chocpiscine.com\/index.php?rest_route=%2Fwp%2Fv2%2Fproduct_cat&post=2445"},{"taxonomy":"product_tag","embeddable":true,"href":"https:\/\/chocpiscine.com\/index.php?rest_route=%2Fwp%2Fv2%2Fproduct_tag&post=2445"}],"curies":[{"name":"wp","href":"https:\/\/api.w.org\/{rel}","templated":true}]}}