{"id":2447,"date":"2024-03-27T11:21:22","date_gmt":"2024-03-27T10:21:22","guid":{"rendered":"https:\/\/chocpiscine.com\/?post_type=product&#038;p=2447"},"modified":"2024-03-27T11:21:28","modified_gmt":"2024-03-27T10:21:28","slug":"pompe-doseuse-piscine-redox-chlore-clever-zodiac","status":"publish","type":"product","link":"https:\/\/chocpiscine.com\/?product=pompe-doseuse-piscine-redox-chlore-clever-zodiac","title":{"rendered":"Pompe doseuse piscine redox chlore CLEVER &#8211; ZODIAC"},"content":{"rendered":"<p>Pompe doseuse &#8211; R\u00e9gulation chlore CHLOR CLEVER.<\/p>\n<p>D\u00e9sinfection et r\u00e9gulation du redox.<br \/>\nAppareil compl\u00e8tement automatique dot\u00e9 d\u2019une injection cyclique proportionnelle auto-adaptative (pas de r\u00e9glages), ainsi que d\u2019un mode \u201cBoost&#8221; ajustable pour anticiper baignade intensive et temps orageux.<\/p>\n<p>Pour les bassins jusqu\u2019\u00e0 150 m3.<br \/>\nD\u00e9bit maximum\u00a0: 1,5 l\/h.<br \/>\nContre pression maximum\u00a0: 1,5 bar.<br \/>\nMontage en ligne apr\u00e8s le filtre.<br \/>\nS\u00e9curit\u00e9 surdosage int\u00e9gr\u00e9e sur 3 niveaux et param\u00e9trable.<br \/>\nDimensions du coffret\u00a0: 195 x 236 x 85 mm.<\/p>\n<p> Type de mesure<br \/>\nsans r\u00e9gulation<\/p>\n<p>Dosage piscine<br \/>\nr\u00e9gulateur + pompe doseuse<\/p>\n<p>D\u00e9bit de la pompe<br \/>\n1,5 L\/h<\/p>\n<p>Gamme<br \/>\nZodiac clever<br \/>\n R\u00e9f.fabricant : WW000032<\/p>\n","protected":false},"excerpt":{"rendered":"<p>Pompe doseuse &#8211; R\u00e9gulation chlore CHLOR CLEVER. D\u00e9sinfection et r\u00e9gulation du redox. Appareil compl\u00e8tement automatique dot\u00e9 d\u2019une injection cyclique proportionnelle [&hellip;]<\/p>\n","protected":false},"featured_media":2477,"comment_status":"open","ping_status":"closed","template":"","meta":{"site-sidebar-layout":"","site-content-layout":"","ast-site-content-layout":"","site-content-style":"","site-sidebar-style":"","ast-global-header-display":"","ast-banner-title-visibility":"","ast-main-header-display":"","ast-hfb-above-header-display":"","ast-hfb-below-header-display":"","ast-hfb-mobile-header-display":"","site-post-title":"","ast-breadcrumbs-content":"","ast-featured-img":"","footer-sml-layout":"","theme-transparent-header-meta":"","adv-header-id-meta":"","stick-header-meta":"","header-above-stick-meta":"","header-main-stick-meta":"","header-below-stick-meta":"","astra-migrate-meta-layouts":"","ast-page-background-enabled":"default","ast-page-background-meta":{"desktop":{"background-color":"var(--ast-global-color-4)","background-image":"","background-repeat":"repeat","background-position":"center center","background-size":"auto","background-attachment":"scroll","background-type":"","background-media":"","overlay-type":"","overlay-color":"","overlay-opacity":"","overlay-gradient":""},"tablet":{"background-color":"","background-image":"","background-repeat":"repeat","background-position":"center center","background-size":"auto","background-attachment":"scroll","background-type":"","background-media":"","overlay-type":"","overlay-color":"","overlay-opacity":"","overlay-gradient":""},"mobile":{"background-color":"","background-image":"","background-repeat":"repeat","background-position":"center center","background-size":"auto","background-attachment":"scroll","background-type":"","background-media":"","overlay-type":"","overlay-color":"","overlay-opacity":"","overlay-gradient":""}},"ast-content-background-meta":{"desktop":{"background-color":"var(--ast-global-color-5)","background-image":"","background-repeat":"repeat","background-position":"center center","background-size":"auto","background-attachment":"scroll","background-type":"","background-media":"","overlay-type":"","overlay-color":"","overlay-opacity":"","overlay-gradient":""},"tablet":{"background-color":"var(--ast-global-color-5)","background-image":"","background-repeat":"repeat","background-position":"center center","background-size":"auto","background-attachment":"scroll","background-type":"","background-media":"","overlay-type":"","overlay-color":"","overlay-opacity":"","overlay-gradient":""},"mobile":{"background-color":"var(--ast-global-color-5)","background-image":"","background-repeat":"repeat","background-position":"center center","background-size":"auto","background-attachment":"scroll","background-type":"","background-media":"","overlay-type":"","overlay-color":"","overlay-opacity":"","overlay-gradient":""}}},"product_brand":[],"product_cat":[55],"product_tag":[],"class_list":{"0":"post-2447","1":"product","2":"type-product","3":"status-publish","4":"has-post-thumbnail","6":"product_cat-pompes-doseuses-piscine","7":"desktop-align-left","8":"tablet-align-left","9":"mobile-align-left","11":"first","12":"instock","13":"shipping-taxable","14":"purchasable","15":"product-type-simple"},"jetpack_sharing_enabled":true,"_links":{"self":[{"href":"https:\/\/chocpiscine.com\/index.php?rest_route=\/wp\/v2\/product\/2447","targetHints":{"allow":["GET"]}}],"collection":[{"href":"https:\/\/chocpiscine.com\/index.php?rest_route=\/wp\/v2\/product"}],"about":[{"href":"https:\/\/chocpiscine.com\/index.php?rest_route=\/wp\/v2\/types\/product"}],"replies":[{"embeddable":true,"href":"https:\/\/chocpiscine.com\/index.php?rest_route=%2Fwp%2Fv2%2Fcomments&post=2447"}],"wp:featuredmedia":[{"embeddable":true,"href":"https:\/\/chocpiscine.com\/index.php?rest_route=\/wp\/v2\/media\/2477"}],"wp:attachment":[{"href":"https:\/\/chocpiscine.com\/index.php?rest_route=%2Fwp%2Fv2%2Fmedia&parent=2447"}],"wp:term":[{"taxonomy":"product_brand","embeddable":true,"href":"https:\/\/chocpiscine.com\/index.php?rest_route=%2Fwp%2Fv2%2Fproduct_brand&post=2447"},{"taxonomy":"product_cat","embeddable":true,"href":"https:\/\/chocpiscine.com\/index.php?rest_route=%2Fwp%2Fv2%2Fproduct_cat&post=2447"},{"taxonomy":"product_tag","embeddable":true,"href":"https:\/\/chocpiscine.com\/index.php?rest_route=%2Fwp%2Fv2%2Fproduct_tag&post=2447"}],"curies":[{"name":"wp","href":"https:\/\/api.w.org\/{rel}","templated":true}]}}