{"id":2449,"date":"2024-03-27T11:21:22","date_gmt":"2024-03-27T10:21:22","guid":{"rendered":"https:\/\/chocpiscine.com\/?post_type=product&#038;p=2449"},"modified":"2024-03-27T11:21:29","modified_gmt":"2024-03-27T10:21:29","slug":"pompe-doseuse-temporisee-mp1-timer-microdos","status":"publish","type":"product","link":"https:\/\/chocpiscine.com\/?product=pompe-doseuse-temporisee-mp1-timer-microdos","title":{"rendered":"Pompe doseuse temporis\u00e9e MP1 timer &#8211; MICRODOS"},"content":{"rendered":"<p>Pompe p\u00e9ristaltique avec horloge digitale<br \/>\nProgrammation sur 10 d\u00e9parts \/ arr\u00eats quotidiens pour chaque jour de la semaine<br \/>\nAdapt\u00e9 pour le dosage de floculant liquide ou anti-algues<br \/>\nEntretien facile et minimal<br \/>\nCaisse en PP renforc\u00e9<br \/>\nPanneau frontal en polycarbonate<br \/>\nProtection IP 55<br \/>\nAlimentation standard 230 Vac<br \/>\nConform\u00e9ment \u00e0 la r\u00e9glementation CE<br \/>\nInterrupteur ON \/ OFF<br \/>\n Type de mesure<br \/>\nsans r\u00e9gulation<\/p>\n<p>Dosage piscine<br \/>\nhorloge + pompe doseuse<\/p>\n<p>D\u00e9bit de la pompe<br \/>\n1,5 L\/h<\/p>\n<p>Gamme<br \/>\nMp1<br \/>\n R\u00e9f.fabricant : P10AA0118300<\/p>\n","protected":false},"excerpt":{"rendered":"<p>Pompe p\u00e9ristaltique avec horloge digitale Programmation sur 10 d\u00e9parts \/ arr\u00eats quotidiens pour chaque jour de la semaine Adapt\u00e9 pour [&hellip;]<\/p>\n","protected":false},"featured_media":2479,"comment_status":"open","ping_status":"closed","template":"","meta":{"site-sidebar-layout":"","site-content-layout":"","ast-site-content-layout":"","site-content-style":"","site-sidebar-style":"","ast-global-header-display":"","ast-banner-title-visibility":"","ast-main-header-display":"","ast-hfb-above-header-display":"","ast-hfb-below-header-display":"","ast-hfb-mobile-header-display":"","site-post-title":"","ast-breadcrumbs-content":"","ast-featured-img":"","footer-sml-layout":"","theme-transparent-header-meta":"","adv-header-id-meta":"","stick-header-meta":"","header-above-stick-meta":"","header-main-stick-meta":"","header-below-stick-meta":"","astra-migrate-meta-layouts":"","ast-page-background-enabled":"default","ast-page-background-meta":{"desktop":{"background-color":"var(--ast-global-color-4)","background-image":"","background-repeat":"repeat","background-position":"center center","background-size":"auto","background-attachment":"scroll","background-type":"","background-media":"","overlay-type":"","overlay-color":"","overlay-opacity":"","overlay-gradient":""},"tablet":{"background-color":"","background-image":"","background-repeat":"repeat","background-position":"center center","background-size":"auto","background-attachment":"scroll","background-type":"","background-media":"","overlay-type":"","overlay-color":"","overlay-opacity":"","overlay-gradient":""},"mobile":{"background-color":"","background-image":"","background-repeat":"repeat","background-position":"center center","background-size":"auto","background-attachment":"scroll","background-type":"","background-media":"","overlay-type":"","overlay-color":"","overlay-opacity":"","overlay-gradient":""}},"ast-content-background-meta":{"desktop":{"background-color":"var(--ast-global-color-5)","background-image":"","background-repeat":"repeat","background-position":"center center","background-size":"auto","background-attachment":"scroll","background-type":"","background-media":"","overlay-type":"","overlay-color":"","overlay-opacity":"","overlay-gradient":""},"tablet":{"background-color":"var(--ast-global-color-5)","background-image":"","background-repeat":"repeat","background-position":"center center","background-size":"auto","background-attachment":"scroll","background-type":"","background-media":"","overlay-type":"","overlay-color":"","overlay-opacity":"","overlay-gradient":""},"mobile":{"background-color":"var(--ast-global-color-5)","background-image":"","background-repeat":"repeat","background-position":"center center","background-size":"auto","background-attachment":"scroll","background-type":"","background-media":"","overlay-type":"","overlay-color":"","overlay-opacity":"","overlay-gradient":""}}},"product_brand":[],"product_cat":[55],"product_tag":[],"class_list":{"0":"post-2449","1":"product","2":"type-product","3":"status-publish","4":"has-post-thumbnail","6":"product_cat-pompes-doseuses-piscine","7":"desktop-align-left","8":"tablet-align-left","9":"mobile-align-left","11":"first","12":"instock","13":"shipping-taxable","14":"purchasable","15":"product-type-simple"},"jetpack_sharing_enabled":true,"_links":{"self":[{"href":"https:\/\/chocpiscine.com\/index.php?rest_route=\/wp\/v2\/product\/2449","targetHints":{"allow":["GET"]}}],"collection":[{"href":"https:\/\/chocpiscine.com\/index.php?rest_route=\/wp\/v2\/product"}],"about":[{"href":"https:\/\/chocpiscine.com\/index.php?rest_route=\/wp\/v2\/types\/product"}],"replies":[{"embeddable":true,"href":"https:\/\/chocpiscine.com\/index.php?rest_route=%2Fwp%2Fv2%2Fcomments&post=2449"}],"wp:featuredmedia":[{"embeddable":true,"href":"https:\/\/chocpiscine.com\/index.php?rest_route=\/wp\/v2\/media\/2479"}],"wp:attachment":[{"href":"https:\/\/chocpiscine.com\/index.php?rest_route=%2Fwp%2Fv2%2Fmedia&parent=2449"}],"wp:term":[{"taxonomy":"product_brand","embeddable":true,"href":"https:\/\/chocpiscine.com\/index.php?rest_route=%2Fwp%2Fv2%2Fproduct_brand&post=2449"},{"taxonomy":"product_cat","embeddable":true,"href":"https:\/\/chocpiscine.com\/index.php?rest_route=%2Fwp%2Fv2%2Fproduct_cat&post=2449"},{"taxonomy":"product_tag","embeddable":true,"href":"https:\/\/chocpiscine.com\/index.php?rest_route=%2Fwp%2Fv2%2Fproduct_tag&post=2449"}],"curies":[{"name":"wp","href":"https:\/\/api.w.org\/{rel}","templated":true}]}}