{"id":2460,"date":"2024-03-27T11:21:23","date_gmt":"2024-03-27T10:21:23","guid":{"rendered":"https:\/\/chocpiscine.com\/?post_type=product&#038;p=2460"},"modified":"2024-03-27T11:21:36","modified_gmt":"2024-03-27T10:21:36","slug":"chloryte-tablette-hypochlorite-calcium-25-kg-bayrol","status":"publish","type":"product","link":"https:\/\/chocpiscine.com\/?product=chloryte-tablette-hypochlorite-calcium-25-kg-bayrol","title":{"rendered":"Chloryte tablette hypochlorite calcium &#8211; 25 kg &#8211; BAYROL"},"content":{"rendered":"<p>Composition\u00a0: hypochlorite de calcium, chlore choc non stabilis\u00e9 \u00e0 70 % de chlore actif.<br \/>\nDosage\u00a0: 200 g pour 10 m3.<br \/>\nConseil d&#8217;emploi\u00a0: Remplissez le doseur adapt\u00e9 des pastilles de Chloryte\u00ae.<br \/>\nLe dosage du produit par l\u2019interm\u00e9diaire du doseur adapt\u00e9 doit \u00eatre utilis\u00e9 uniquement avec un syst\u00e8me de r\u00e9gulation automatique.<br \/>\nUtilisation\u00a0: \u00e9vite les probl\u00e8mes de sur-stabilisation.<br \/>\nId\u00e9al pour le rattrapage des eaux vertes et des eaux troubles.<\/p>\n<p>Important\u00a0: ce produit ne doit jamais \u00eatre en contact avec aucun chlore organique stabilis\u00e9.<br \/>\n Action<br \/>\nd\u00e9sinfection r\u00e9guli\u00e8re<\/p>\n<p>Forme<br \/>\npastille<\/p>\n<p>Dosage<br \/>\ndosage manuel<\/p>\n<p>Contenance<br \/>\n25 kg<br \/>\n R\u00e9f.fabricant : 5937171<\/p>\n","protected":false},"excerpt":{"rendered":"<p>Composition\u00a0: hypochlorite de calcium, chlore choc non stabilis\u00e9 \u00e0 70 % de chlore actif. Dosage\u00a0: 200 g pour 10 m3. [&hellip;]<\/p>\n","protected":false},"featured_media":2490,"comment_status":"open","ping_status":"closed","template":"","meta":{"site-sidebar-layout":"","site-content-layout":"","ast-site-content-layout":"","site-content-style":"","site-sidebar-style":"","ast-global-header-display":"","ast-banner-title-visibility":"","ast-main-header-display":"","ast-hfb-above-header-display":"","ast-hfb-below-header-display":"","ast-hfb-mobile-header-display":"","site-post-title":"","ast-breadcrumbs-content":"","ast-featured-img":"","footer-sml-layout":"","theme-transparent-header-meta":"","adv-header-id-meta":"","stick-header-meta":"","header-above-stick-meta":"","header-main-stick-meta":"","header-below-stick-meta":"","astra-migrate-meta-layouts":"","ast-page-background-enabled":"default","ast-page-background-meta":{"desktop":{"background-color":"var(--ast-global-color-4)","background-image":"","background-repeat":"repeat","background-position":"center center","background-size":"auto","background-attachment":"scroll","background-type":"","background-media":"","overlay-type":"","overlay-color":"","overlay-opacity":"","overlay-gradient":""},"tablet":{"background-color":"","background-image":"","background-repeat":"repeat","background-position":"center center","background-size":"auto","background-attachment":"scroll","background-type":"","background-media":"","overlay-type":"","overlay-color":"","overlay-opacity":"","overlay-gradient":""},"mobile":{"background-color":"","background-image":"","background-repeat":"repeat","background-position":"center center","background-size":"auto","background-attachment":"scroll","background-type":"","background-media":"","overlay-type":"","overlay-color":"","overlay-opacity":"","overlay-gradient":""}},"ast-content-background-meta":{"desktop":{"background-color":"var(--ast-global-color-5)","background-image":"","background-repeat":"repeat","background-position":"center center","background-size":"auto","background-attachment":"scroll","background-type":"","background-media":"","overlay-type":"","overlay-color":"","overlay-opacity":"","overlay-gradient":""},"tablet":{"background-color":"var(--ast-global-color-5)","background-image":"","background-repeat":"repeat","background-position":"center center","background-size":"auto","background-attachment":"scroll","background-type":"","background-media":"","overlay-type":"","overlay-color":"","overlay-opacity":"","overlay-gradient":""},"mobile":{"background-color":"var(--ast-global-color-5)","background-image":"","background-repeat":"repeat","background-position":"center center","background-size":"auto","background-attachment":"scroll","background-type":"","background-media":"","overlay-type":"","overlay-color":"","overlay-opacity":"","overlay-gradient":""}}},"product_brand":[],"product_cat":[21],"product_tag":[],"class_list":{"0":"post-2460","1":"product","2":"type-product","3":"status-publish","4":"has-post-thumbnail","6":"product_cat-traitements-piscine","7":"desktop-align-left","8":"tablet-align-left","9":"mobile-align-left","11":"first","12":"instock","13":"shipping-taxable","14":"purchasable","15":"product-type-simple"},"jetpack_sharing_enabled":true,"_links":{"self":[{"href":"https:\/\/chocpiscine.com\/index.php?rest_route=\/wp\/v2\/product\/2460","targetHints":{"allow":["GET"]}}],"collection":[{"href":"https:\/\/chocpiscine.com\/index.php?rest_route=\/wp\/v2\/product"}],"about":[{"href":"https:\/\/chocpiscine.com\/index.php?rest_route=\/wp\/v2\/types\/product"}],"replies":[{"embeddable":true,"href":"https:\/\/chocpiscine.com\/index.php?rest_route=%2Fwp%2Fv2%2Fcomments&post=2460"}],"wp:featuredmedia":[{"embeddable":true,"href":"https:\/\/chocpiscine.com\/index.php?rest_route=\/wp\/v2\/media\/2490"}],"wp:attachment":[{"href":"https:\/\/chocpiscine.com\/index.php?rest_route=%2Fwp%2Fv2%2Fmedia&parent=2460"}],"wp:term":[{"taxonomy":"product_brand","embeddable":true,"href":"https:\/\/chocpiscine.com\/index.php?rest_route=%2Fwp%2Fv2%2Fproduct_brand&post=2460"},{"taxonomy":"product_cat","embeddable":true,"href":"https:\/\/chocpiscine.com\/index.php?rest_route=%2Fwp%2Fv2%2Fproduct_cat&post=2460"},{"taxonomy":"product_tag","embeddable":true,"href":"https:\/\/chocpiscine.com\/index.php?rest_route=%2Fwp%2Fv2%2Fproduct_tag&post=2460"}],"curies":[{"name":"wp","href":"https:\/\/api.w.org\/{rel}","templated":true}]}}