{"id":2463,"date":"2024-03-27T11:21:23","date_gmt":"2024-03-27T10:21:23","guid":{"rendered":"https:\/\/chocpiscine.com\/?post_type=product&#038;p=2463"},"modified":"2025-10-10T02:01:34","modified_gmt":"2025-10-10T00:01:34","slug":"detartrant-filtre-decalcit-super-gel-3-l-bayrol","status":"publish","type":"product","link":"https:\/\/chocpiscine.com\/?product=detartrant-filtre-decalcit-super-gel-3-l-bayrol","title":{"rendered":"D\u00e9tartrant filtre d\u00e9calcit super gel &#8211; 3 L &#8211; BAYROL"},"content":{"rendered":"<p>Forme\u00a0: gel.<br \/>\nAction\u00a0: nettoyant d\u00e9tartrant des parois et fond du bassin.<br \/>\nConseil d&#8217;emploi\u00a0: op\u00e9ration de d\u00e9tartrage \u00e0 effectuer bassin vide.<br \/>\nMouiller imp\u00e9rativement les parois avant d\u2019utiliser Decalcit Super.<br \/>\nDiluer, selon le degr\u00e9 d\u2019entartrage de 0,2 \u00e0 2 L de Decalcit Super pour 1 L d\u2019eau.<br \/>\nAppliquer sur les parois \u00e0 l\u2019aide d\u2019une \u00e9ponge.<br \/>\nLaisser agir 15 minutes et rincer avec de l\u2019eau claire, puis \u00e9vacuer l\u2019eau de rin\u00e7age.<br \/>\nPour le nettoyage des joints, diluer le produit au moins \u00e0 0,2 L pour 1 L d\u2019eau, laisser agir maximum 5 minutes, puis rincer abondamment \u00e0 l\u2019eau.<br \/>\nUtilisation\u00a0: Decalcit Super \u00e9limine les d\u00e9p\u00f4ts tenaces de calcaire, de rouille et les taches fortement incrust\u00e9es sur les parois des bassins.<br \/>\nContient un inhibiteur de corrosion.<br \/>\nUsage facile et rapide.<br \/>\nSans danger pour les surfaces qui r\u00e9sistent aux acides.<\/p>\n<p> Action<br \/>\nd\u00e9tartrant filtre<\/p>\n<p>Forme<br \/>\ngel<\/p>\n<p>Dosage<br \/>\ndosage manuel<\/p>\n<p>Contenance<br \/>\n3 L<br \/>\n R\u00e9f.fabricant : 2213281<\/p>\n","protected":false},"excerpt":{"rendered":"<p>Forme\u00a0: gel. Action\u00a0: nettoyant d\u00e9tartrant des parois et fond du bassin. Conseil d&#8217;emploi\u00a0: op\u00e9ration de d\u00e9tartrage \u00e0 effectuer bassin vide. [&hellip;]<\/p>\n","protected":false},"featured_media":2493,"comment_status":"open","ping_status":"closed","template":"","meta":{"site-sidebar-layout":"","site-content-layout":"","ast-site-content-layout":"","site-content-style":"","site-sidebar-style":"","ast-global-header-display":"","ast-banner-title-visibility":"","ast-main-header-display":"","ast-hfb-above-header-display":"","ast-hfb-below-header-display":"","ast-hfb-mobile-header-display":"","site-post-title":"","ast-breadcrumbs-content":"","ast-featured-img":"","footer-sml-layout":"","theme-transparent-header-meta":"","adv-header-id-meta":"","stick-header-meta":"","header-above-stick-meta":"","header-main-stick-meta":"","header-below-stick-meta":"","astra-migrate-meta-layouts":"","ast-page-background-enabled":"default","ast-page-background-meta":{"desktop":{"background-color":"var(--ast-global-color-4)","background-image":"","background-repeat":"repeat","background-position":"center center","background-size":"auto","background-attachment":"scroll","background-type":"","background-media":"","overlay-type":"","overlay-color":"","overlay-opacity":"","overlay-gradient":""},"tablet":{"background-color":"","background-image":"","background-repeat":"repeat","background-position":"center center","background-size":"auto","background-attachment":"scroll","background-type":"","background-media":"","overlay-type":"","overlay-color":"","overlay-opacity":"","overlay-gradient":""},"mobile":{"background-color":"","background-image":"","background-repeat":"repeat","background-position":"center center","background-size":"auto","background-attachment":"scroll","background-type":"","background-media":"","overlay-type":"","overlay-color":"","overlay-opacity":"","overlay-gradient":""}},"ast-content-background-meta":{"desktop":{"background-color":"var(--ast-global-color-5)","background-image":"","background-repeat":"repeat","background-position":"center center","background-size":"auto","background-attachment":"scroll","background-type":"","background-media":"","overlay-type":"","overlay-color":"","overlay-opacity":"","overlay-gradient":""},"tablet":{"background-color":"var(--ast-global-color-5)","background-image":"","background-repeat":"repeat","background-position":"center center","background-size":"auto","background-attachment":"scroll","background-type":"","background-media":"","overlay-type":"","overlay-color":"","overlay-opacity":"","overlay-gradient":""},"mobile":{"background-color":"var(--ast-global-color-5)","background-image":"","background-repeat":"repeat","background-position":"center center","background-size":"auto","background-attachment":"scroll","background-type":"","background-media":"","overlay-type":"","overlay-color":"","overlay-opacity":"","overlay-gradient":""}}},"product_brand":[],"product_cat":[21],"product_tag":[],"class_list":{"0":"post-2463","1":"product","2":"type-product","3":"status-publish","4":"has-post-thumbnail","6":"product_cat-traitements-piscine","7":"desktop-align-left","8":"tablet-align-left","9":"mobile-align-left","11":"first","12":"instock","13":"featured","14":"shipping-taxable","15":"purchasable","16":"product-type-simple"},"jetpack_sharing_enabled":true,"_links":{"self":[{"href":"https:\/\/chocpiscine.com\/index.php?rest_route=\/wp\/v2\/product\/2463","targetHints":{"allow":["GET"]}}],"collection":[{"href":"https:\/\/chocpiscine.com\/index.php?rest_route=\/wp\/v2\/product"}],"about":[{"href":"https:\/\/chocpiscine.com\/index.php?rest_route=\/wp\/v2\/types\/product"}],"replies":[{"embeddable":true,"href":"https:\/\/chocpiscine.com\/index.php?rest_route=%2Fwp%2Fv2%2Fcomments&post=2463"}],"wp:featuredmedia":[{"embeddable":true,"href":"https:\/\/chocpiscine.com\/index.php?rest_route=\/wp\/v2\/media\/2493"}],"wp:attachment":[{"href":"https:\/\/chocpiscine.com\/index.php?rest_route=%2Fwp%2Fv2%2Fmedia&parent=2463"}],"wp:term":[{"taxonomy":"product_brand","embeddable":true,"href":"https:\/\/chocpiscine.com\/index.php?rest_route=%2Fwp%2Fv2%2Fproduct_brand&post=2463"},{"taxonomy":"product_cat","embeddable":true,"href":"https:\/\/chocpiscine.com\/index.php?rest_route=%2Fwp%2Fv2%2Fproduct_cat&post=2463"},{"taxonomy":"product_tag","embeddable":true,"href":"https:\/\/chocpiscine.com\/index.php?rest_route=%2Fwp%2Fv2%2Fproduct_tag&post=2463"}],"curies":[{"name":"wp","href":"https:\/\/api.w.org\/{rel}","templated":true}]}}