{"id":2464,"date":"2024-03-27T11:21:23","date_gmt":"2024-03-27T10:21:23","guid":{"rendered":"https:\/\/chocpiscine.com\/?post_type=product&#038;p=2464"},"modified":"2024-11-13T20:54:20","modified_gmt":"2024-11-13T19:54:20","slug":"demykosan-citron-desinfectant-surface-10-l-bayrol","status":"publish","type":"product","link":"https:\/\/chocpiscine.com\/?product=demykosan-citron-desinfectant-surface-10-l-bayrol","title":{"rendered":"Demykosan citron d\u00e9sinfectant surface &#8211; 10 L &#8211; BAYROL"},"content":{"rendered":"<p>Forme\u00a0: liquide.<br \/>\nAction\u00a0: d\u00e9sinfectant des surfaces.<br \/>\nConseil d&#8217;emploi\u00a0: diluer \u00e0 1.5 % (150 ml \/ 10 L d\u2019eau) et vaporiser les surfaces \u00e0 d\u00e9sinfecter, ne pas rincer, laisser s\u00e9cher.<br \/>\nPeut \u00eatre utilis\u00e9 dans un appareil de nettoyage.<br \/>\nUtilisation\u00a0: d\u00e9sinfection des surfaces, pr\u00e9vention des mycoses des pieds, prophylaxie en milieu m\u00e9dical et d\u00e9sinfection g\u00e9n\u00e9rale en milieu non hospitalier tel que les piscines, saunas, solarium, sanatoriums, \u00e9coles,\u2026<br \/>\nBact\u00e9ricide et fongicide.<br \/>\nAntituberculeux et virucide.<br \/>\nPr\u00e9vention des mycoses des pieds.<br \/>\nInoffensif pour la peau.<\/p>\n<p>Important\u00a0: l\u2019utilisation d\u2019une solution trop concentr\u00e9e peut rendre les surfaces glissantes.<\/p>\n<p> Action<br \/>\nnettoyage de surface<\/p>\n<p>Forme<br \/>\nliquide<\/p>\n<p>Dosage<br \/>\ndosage manuel<br \/>\nmanuel<\/p>\n<p>Contenance<br \/>\n10 L<\/p>\n<p>Normes<br \/>\nNF T72-170<br \/>\nNF T72-190<br \/>\n R\u00e9f.fabricant : 2229807<\/p>\n","protected":false},"excerpt":{"rendered":"<p>Forme\u00a0: liquide. Action\u00a0: d\u00e9sinfectant des surfaces. Conseil d&#8217;emploi\u00a0: diluer \u00e0 1.5 % (150 ml \/ 10 L d\u2019eau) et vaporiser [&hellip;]<\/p>\n","protected":false},"featured_media":2494,"comment_status":"open","ping_status":"closed","template":"","meta":{"site-sidebar-layout":"","site-content-layout":"","ast-site-content-layout":"","site-content-style":"","site-sidebar-style":"","ast-global-header-display":"","ast-banner-title-visibility":"","ast-main-header-display":"","ast-hfb-above-header-display":"","ast-hfb-below-header-display":"","ast-hfb-mobile-header-display":"","site-post-title":"","ast-breadcrumbs-content":"","ast-featured-img":"","footer-sml-layout":"","theme-transparent-header-meta":"","adv-header-id-meta":"","stick-header-meta":"","header-above-stick-meta":"","header-main-stick-meta":"","header-below-stick-meta":"","astra-migrate-meta-layouts":"","ast-page-background-enabled":"default","ast-page-background-meta":{"desktop":{"background-color":"var(--ast-global-color-4)","background-image":"","background-repeat":"repeat","background-position":"center center","background-size":"auto","background-attachment":"scroll","background-type":"","background-media":"","overlay-type":"","overlay-color":"","overlay-opacity":"","overlay-gradient":""},"tablet":{"background-color":"","background-image":"","background-repeat":"repeat","background-position":"center center","background-size":"auto","background-attachment":"scroll","background-type":"","background-media":"","overlay-type":"","overlay-color":"","overlay-opacity":"","overlay-gradient":""},"mobile":{"background-color":"","background-image":"","background-repeat":"repeat","background-position":"center center","background-size":"auto","background-attachment":"scroll","background-type":"","background-media":"","overlay-type":"","overlay-color":"","overlay-opacity":"","overlay-gradient":""}},"ast-content-background-meta":{"desktop":{"background-color":"var(--ast-global-color-5)","background-image":"","background-repeat":"repeat","background-position":"center center","background-size":"auto","background-attachment":"scroll","background-type":"","background-media":"","overlay-type":"","overlay-color":"","overlay-opacity":"","overlay-gradient":""},"tablet":{"background-color":"var(--ast-global-color-5)","background-image":"","background-repeat":"repeat","background-position":"center center","background-size":"auto","background-attachment":"scroll","background-type":"","background-media":"","overlay-type":"","overlay-color":"","overlay-opacity":"","overlay-gradient":""},"mobile":{"background-color":"var(--ast-global-color-5)","background-image":"","background-repeat":"repeat","background-position":"center center","background-size":"auto","background-attachment":"scroll","background-type":"","background-media":"","overlay-type":"","overlay-color":"","overlay-opacity":"","overlay-gradient":""}}},"product_brand":[],"product_cat":[21],"product_tag":[],"class_list":{"0":"post-2464","1":"product","2":"type-product","3":"status-publish","4":"has-post-thumbnail","6":"product_cat-traitements-piscine","7":"desktop-align-left","8":"tablet-align-left","9":"mobile-align-left","11":"first","12":"instock","13":"shipping-taxable","14":"purchasable","15":"product-type-simple"},"jetpack_sharing_enabled":true,"_links":{"self":[{"href":"https:\/\/chocpiscine.com\/index.php?rest_route=\/wp\/v2\/product\/2464","targetHints":{"allow":["GET"]}}],"collection":[{"href":"https:\/\/chocpiscine.com\/index.php?rest_route=\/wp\/v2\/product"}],"about":[{"href":"https:\/\/chocpiscine.com\/index.php?rest_route=\/wp\/v2\/types\/product"}],"replies":[{"embeddable":true,"href":"https:\/\/chocpiscine.com\/index.php?rest_route=%2Fwp%2Fv2%2Fcomments&post=2464"}],"wp:featuredmedia":[{"embeddable":true,"href":"https:\/\/chocpiscine.com\/index.php?rest_route=\/wp\/v2\/media\/2494"}],"wp:attachment":[{"href":"https:\/\/chocpiscine.com\/index.php?rest_route=%2Fwp%2Fv2%2Fmedia&parent=2464"}],"wp:term":[{"taxonomy":"product_brand","embeddable":true,"href":"https:\/\/chocpiscine.com\/index.php?rest_route=%2Fwp%2Fv2%2Fproduct_brand&post=2464"},{"taxonomy":"product_cat","embeddable":true,"href":"https:\/\/chocpiscine.com\/index.php?rest_route=%2Fwp%2Fv2%2Fproduct_cat&post=2464"},{"taxonomy":"product_tag","embeddable":true,"href":"https:\/\/chocpiscine.com\/index.php?rest_route=%2Fwp%2Fv2%2Fproduct_tag&post=2464"}],"curies":[{"name":"wp","href":"https:\/\/api.w.org\/{rel}","templated":true}]}}