{"id":2514,"date":"2024-03-27T11:21:42","date_gmt":"2024-03-27T10:21:42","guid":{"rendered":"https:\/\/chocpiscine.com\/?post_type=product&#038;p=2514"},"modified":"2024-10-25T00:00:56","modified_gmt":"2024-10-24T22:00:56","slug":"ph-acide-chlorhydrique-20-l-bidon-aquapure","status":"publish","type":"product","link":"https:\/\/chocpiscine.com\/?product=ph-acide-chlorhydrique-20-l-bidon-aquapure","title":{"rendered":"Ph- Acide chlorhydrique &#8211; 20 L &#8211; bidon &#8211; AQUAPURE"},"content":{"rendered":"<p>Composition : acide chlorydrique avec une concentration \u00e0 20%.<br \/>\nForme : liquide.<br \/>\nAction : baisse le pH.<br \/>\nDosage : 0,1 L pour 10m3 d&#8217;eau pour baisser le pH de 0,2 unit\u00e9.<br \/>\nConseil d&#8217;emploi : produit \u00e0 utiliser de pr\u00e9f\u00e9rence avec une pompe doseuse Ph afin d&#8217;injecter la quantit\u00e9 n\u00e9cessaire et suffisante.<br \/>\nUtilisation manuelle d\u00e9conseill\u00e9e<br \/>\nUtilisation : sp\u00e9cialement adapt\u00e9 pour les piscines avec un Rev\u00eatement Min\u00e9ral.<br \/>\nCe produit permet de r\u00e9duire le Ph afin de le maintenir jusqu&#8217;\u00e0 une valeur comprise entre 7,2 et 7,4.<br \/>\nEmploi facilit\u00e9 par rapport \u00e0 des r\u00e9ducteurs de pH en poudre.<\/p>\n<p>Important : compatible avec tous types de filtration et tous les traitements utilis\u00e9s en piscines priv\u00e9es.<br \/>\nUsage<br \/>\nr\u00e9duction du pH<\/p>\n<p>Concentration<br \/>\n20 %<\/p>\n<p>Contenance<br \/>\n20 L<\/p>\n<p>Type de conditionnement<br \/>\nbidon<br \/>\nR\u00e9f.fabricant : 151854<\/p>\n","protected":false},"excerpt":{"rendered":"<p>Composition : acide chlorydrique avec une concentration \u00e0 20%. Forme : liquide. Action : baisse le pH. Dosage : 0,1 [&hellip;]<\/p>\n","protected":false},"featured_media":2544,"comment_status":"open","ping_status":"closed","template":"","meta":{"site-sidebar-layout":"default","site-content-layout":"default","ast-site-content-layout":"","site-content-style":"","site-sidebar-style":"","ast-global-header-display":"","ast-banner-title-visibility":"","ast-main-header-display":"","ast-hfb-above-header-display":"","ast-hfb-below-header-display":"","ast-hfb-mobile-header-display":"","site-post-title":"","ast-breadcrumbs-content":"","ast-featured-img":"","footer-sml-layout":"","theme-transparent-header-meta":"default","adv-header-id-meta":"","stick-header-meta":"","header-above-stick-meta":"","header-main-stick-meta":"","header-below-stick-meta":"","astra-migrate-meta-layouts":"","ast-page-background-enabled":"default","ast-page-background-meta":{"desktop":{"background-color":"var(--ast-global-color-4)","background-image":"","background-repeat":"repeat","background-position":"center center","background-size":"auto","background-attachment":"scroll","background-type":"","background-media":"","overlay-type":"","overlay-color":"","overlay-opacity":"","overlay-gradient":""},"tablet":{"background-color":"","background-image":"","background-repeat":"repeat","background-position":"center center","background-size":"auto","background-attachment":"scroll","background-type":"","background-media":"","overlay-type":"","overlay-color":"","overlay-opacity":"","overlay-gradient":""},"mobile":{"background-color":"","background-image":"","background-repeat":"repeat","background-position":"center center","background-size":"auto","background-attachment":"scroll","background-type":"","background-media":"","overlay-type":"","overlay-color":"","overlay-opacity":"","overlay-gradient":""}},"ast-content-background-meta":{"desktop":{"background-color":"var(--ast-global-color-5)","background-image":"","background-repeat":"repeat","background-position":"center center","background-size":"auto","background-attachment":"scroll","background-type":"","background-media":"","overlay-type":"","overlay-color":"","overlay-opacity":"","overlay-gradient":""},"tablet":{"background-color":"var(--ast-global-color-5)","background-image":"","background-repeat":"repeat","background-position":"center center","background-size":"auto","background-attachment":"scroll","background-type":"","background-media":"","overlay-type":"","overlay-color":"","overlay-opacity":"","overlay-gradient":""},"mobile":{"background-color":"var(--ast-global-color-5)","background-image":"","background-repeat":"repeat","background-position":"center center","background-size":"auto","background-attachment":"scroll","background-type":"","background-media":"","overlay-type":"","overlay-color":"","overlay-opacity":"","overlay-gradient":""}}},"product_brand":[],"product_cat":[21],"product_tag":[],"class_list":{"0":"post-2514","1":"product","2":"type-product","3":"status-publish","4":"has-post-thumbnail","6":"product_cat-traitements-piscine","7":"desktop-align-left","8":"tablet-align-left","9":"mobile-align-left","11":"first","12":"instock","13":"shipping-taxable","14":"purchasable","15":"product-type-simple"},"jetpack_sharing_enabled":true,"_links":{"self":[{"href":"https:\/\/chocpiscine.com\/index.php?rest_route=\/wp\/v2\/product\/2514","targetHints":{"allow":["GET"]}}],"collection":[{"href":"https:\/\/chocpiscine.com\/index.php?rest_route=\/wp\/v2\/product"}],"about":[{"href":"https:\/\/chocpiscine.com\/index.php?rest_route=\/wp\/v2\/types\/product"}],"replies":[{"embeddable":true,"href":"https:\/\/chocpiscine.com\/index.php?rest_route=%2Fwp%2Fv2%2Fcomments&post=2514"}],"wp:featuredmedia":[{"embeddable":true,"href":"https:\/\/chocpiscine.com\/index.php?rest_route=\/wp\/v2\/media\/2544"}],"wp:attachment":[{"href":"https:\/\/chocpiscine.com\/index.php?rest_route=%2Fwp%2Fv2%2Fmedia&parent=2514"}],"wp:term":[{"taxonomy":"product_brand","embeddable":true,"href":"https:\/\/chocpiscine.com\/index.php?rest_route=%2Fwp%2Fv2%2Fproduct_brand&post=2514"},{"taxonomy":"product_cat","embeddable":true,"href":"https:\/\/chocpiscine.com\/index.php?rest_route=%2Fwp%2Fv2%2Fproduct_cat&post=2514"},{"taxonomy":"product_tag","embeddable":true,"href":"https:\/\/chocpiscine.com\/index.php?rest_route=%2Fwp%2Fv2%2Fproduct_tag&post=2514"}],"curies":[{"name":"wp","href":"https:\/\/api.w.org\/{rel}","templated":true}]}}