{"id":2521,"date":"2024-03-27T11:21:42","date_gmt":"2024-03-27T10:21:42","guid":{"rendered":"https:\/\/chocpiscine.com\/?post_type=product&#038;p=2521"},"modified":"2024-03-27T11:21:57","modified_gmt":"2024-03-27T10:21:57","slug":"anti-phosphate-nophos-1l-dryden-aqua","status":"publish","type":"product","link":"https:\/\/chocpiscine.com\/?product=anti-phosphate-nophos-1l-dryden-aqua","title":{"rendered":"Anti-Phosphate NoPhos 1L &#8211; DRYDEN AQUA"},"content":{"rendered":"<p>NoPhos retire les phosphates qui rentrent dans la piscine par le biais de l\u2019eau d\u2019alimentation, des baigneurs et des salet\u00e9s ext\u00e9rieures. Le phosphate est un fertilisant et si celui-ci est compl\u00e8tement retir\u00e9, alors algues et bact\u00e9ries s\u2019affament lentement et sont \u00e9limin\u00e9es au cours d\u2019une p\u00e9riode d\u2019environ six semaines.<br \/>\nPour piscines et fontaines: 0 mg\/l.<br \/>\nPour piscines naturelles \/ \u00e9tangs \/ aquarium\u00a0: 0,05 &#8211; 0. 1 mg\/l<\/p>\n<p>Points cl\u00e9s\u00a0:<br \/>\n&#8211; \u00c9limine les phosphates\u00a0: emp\u00eache la croissance des algues et des bact\u00e9ries<br \/>\n&#8211; Produit naturel\u00a0: peut \u00eatre utilis\u00e9 dans les piscines, \u00e9tangs et aquariums<br \/>\n&#8211; Offre une eau cristalline\u00a0: NoPhos est un coagulant am\u00e9liorant les<br \/>\nperformances de filtration de l\u2018AFM\u00ae et des filtres \u00e0 sable.<br \/>\n Action<br \/>\nanti-phosphate<\/p>\n<p>Forme<br \/>\nliquide<\/p>\n<p>Dosage<br \/>\ndosage manuel<\/p>\n<p>Contenance<br \/>\n1 L<br \/>\n R\u00e9f.fabricant : 20000<\/p>\n","protected":false},"excerpt":{"rendered":"<p>NoPhos retire les phosphates qui rentrent dans la piscine par le biais de l\u2019eau d\u2019alimentation, des baigneurs et des salet\u00e9s [&hellip;]<\/p>\n","protected":false},"featured_media":2551,"comment_status":"open","ping_status":"closed","template":"","meta":{"site-sidebar-layout":"","site-content-layout":"","ast-site-content-layout":"","site-content-style":"","site-sidebar-style":"","ast-global-header-display":"","ast-banner-title-visibility":"","ast-main-header-display":"","ast-hfb-above-header-display":"","ast-hfb-below-header-display":"","ast-hfb-mobile-header-display":"","site-post-title":"","ast-breadcrumbs-content":"","ast-featured-img":"","footer-sml-layout":"","theme-transparent-header-meta":"","adv-header-id-meta":"","stick-header-meta":"","header-above-stick-meta":"","header-main-stick-meta":"","header-below-stick-meta":"","astra-migrate-meta-layouts":"","ast-page-background-enabled":"default","ast-page-background-meta":{"desktop":{"background-color":"var(--ast-global-color-4)","background-image":"","background-repeat":"repeat","background-position":"center center","background-size":"auto","background-attachment":"scroll","background-type":"","background-media":"","overlay-type":"","overlay-color":"","overlay-opacity":"","overlay-gradient":""},"tablet":{"background-color":"","background-image":"","background-repeat":"repeat","background-position":"center center","background-size":"auto","background-attachment":"scroll","background-type":"","background-media":"","overlay-type":"","overlay-color":"","overlay-opacity":"","overlay-gradient":""},"mobile":{"background-color":"","background-image":"","background-repeat":"repeat","background-position":"center center","background-size":"auto","background-attachment":"scroll","background-type":"","background-media":"","overlay-type":"","overlay-color":"","overlay-opacity":"","overlay-gradient":""}},"ast-content-background-meta":{"desktop":{"background-color":"var(--ast-global-color-5)","background-image":"","background-repeat":"repeat","background-position":"center center","background-size":"auto","background-attachment":"scroll","background-type":"","background-media":"","overlay-type":"","overlay-color":"","overlay-opacity":"","overlay-gradient":""},"tablet":{"background-color":"var(--ast-global-color-5)","background-image":"","background-repeat":"repeat","background-position":"center center","background-size":"auto","background-attachment":"scroll","background-type":"","background-media":"","overlay-type":"","overlay-color":"","overlay-opacity":"","overlay-gradient":""},"mobile":{"background-color":"var(--ast-global-color-5)","background-image":"","background-repeat":"repeat","background-position":"center center","background-size":"auto","background-attachment":"scroll","background-type":"","background-media":"","overlay-type":"","overlay-color":"","overlay-opacity":"","overlay-gradient":""}}},"product_brand":[],"product_cat":[21],"product_tag":[],"class_list":{"0":"post-2521","1":"product","2":"type-product","3":"status-publish","4":"has-post-thumbnail","6":"product_cat-traitements-piscine","7":"desktop-align-left","8":"tablet-align-left","9":"mobile-align-left","11":"first","12":"instock","13":"shipping-taxable","14":"purchasable","15":"product-type-simple"},"jetpack_sharing_enabled":true,"_links":{"self":[{"href":"https:\/\/chocpiscine.com\/index.php?rest_route=\/wp\/v2\/product\/2521","targetHints":{"allow":["GET"]}}],"collection":[{"href":"https:\/\/chocpiscine.com\/index.php?rest_route=\/wp\/v2\/product"}],"about":[{"href":"https:\/\/chocpiscine.com\/index.php?rest_route=\/wp\/v2\/types\/product"}],"replies":[{"embeddable":true,"href":"https:\/\/chocpiscine.com\/index.php?rest_route=%2Fwp%2Fv2%2Fcomments&post=2521"}],"wp:featuredmedia":[{"embeddable":true,"href":"https:\/\/chocpiscine.com\/index.php?rest_route=\/wp\/v2\/media\/2551"}],"wp:attachment":[{"href":"https:\/\/chocpiscine.com\/index.php?rest_route=%2Fwp%2Fv2%2Fmedia&parent=2521"}],"wp:term":[{"taxonomy":"product_brand","embeddable":true,"href":"https:\/\/chocpiscine.com\/index.php?rest_route=%2Fwp%2Fv2%2Fproduct_brand&post=2521"},{"taxonomy":"product_cat","embeddable":true,"href":"https:\/\/chocpiscine.com\/index.php?rest_route=%2Fwp%2Fv2%2Fproduct_cat&post=2521"},{"taxonomy":"product_tag","embeddable":true,"href":"https:\/\/chocpiscine.com\/index.php?rest_route=%2Fwp%2Fv2%2Fproduct_tag&post=2521"}],"curies":[{"name":"wp","href":"https:\/\/api.w.org\/{rel}","templated":true}]}}