{"id":2564,"date":"2024-03-27T11:22:04","date_gmt":"2024-03-27T10:22:04","guid":{"rendered":"https:\/\/chocpiscine.com\/?post_type=product&#038;p=2564"},"modified":"2024-03-27T11:22:09","modified_gmt":"2024-03-27T10:22:09","slug":"antialgues-multi-actions-non-moussant-3-l-aquapure-2","status":"publish","type":"product","link":"https:\/\/chocpiscine.com\/?product=antialgues-multi-actions-non-moussant-3-l-aquapure-2","title":{"rendered":"Antialgues multi-actions non moussant &#8211; 3 L &#8211; AQUAPURE"},"content":{"rendered":"<p>Forme\u00a0: liquide.<br \/>\nAction\u00a0: lutte contre les algues.<br \/>\nDosage\u00a0: traitement Initial\u00a0: 1,5 L pour 100 m3 d&#8217;eau.<br \/>\nTraitement hebdomadaire\u00a0: 0,5 L pour 100 m3 d&#8217;eau.<br \/>\nTraitement curatif\u00a0: 2,5 L pour 100 m3 d&#8217;eau associ\u00e9 avec un traitement choc.<br \/>\nConseil d&#8217;emploi\u00a0: \u00e0 verser directement dans la piscine devant les buse de refoulement.<br \/>\nUtilisation\u00a0: algicide liquide multifonctions \u00e0 action pr\u00e9ventive et curative.<br \/>\nNon moussant et flocule les mati\u00e8res premi\u00e8res organiques.<br \/>\nFreine la formation des d\u00e9p\u00f4ts calcaires, des t\u00e2ches de rouille et limite les variations du pH.<br \/>\nD\u00e9truit et limite la formation des micros algues.<br \/>\nSupprime toutes les bact\u00e9ries dans la piscine.<br \/>\nPas de g\u00eane pour les yeux, pas d&#8217;irritation pour la peau.<\/p>\n<p>Important\u00a0: compatible avec tous types de filtration et tous les traitements utilis\u00e9s en piscine priv\u00e9es.<br \/>\n Action<br \/>\nalgicide (anti-algue)<\/p>\n<p>Forme<br \/>\nliquide<\/p>\n<p>Dosage<br \/>\ndosage manuel<\/p>\n<p>Contenance<br \/>\n3 L<br \/>\n R\u00e9f.fabricant : APUREALGMULTI3L<\/p>\n","protected":false},"excerpt":{"rendered":"<p>Forme\u00a0: liquide. Action\u00a0: lutte contre les algues. Dosage\u00a0: traitement Initial\u00a0: 1,5 L pour 100 m3 d&#8217;eau. Traitement hebdomadaire\u00a0: 0,5 L [&hellip;]<\/p>\n","protected":false},"featured_media":2594,"comment_status":"open","ping_status":"closed","template":"","meta":{"site-sidebar-layout":"","site-content-layout":"","ast-site-content-layout":"","site-content-style":"","site-sidebar-style":"","ast-global-header-display":"","ast-banner-title-visibility":"","ast-main-header-display":"","ast-hfb-above-header-display":"","ast-hfb-below-header-display":"","ast-hfb-mobile-header-display":"","site-post-title":"","ast-breadcrumbs-content":"","ast-featured-img":"","footer-sml-layout":"","theme-transparent-header-meta":"","adv-header-id-meta":"","stick-header-meta":"","header-above-stick-meta":"","header-main-stick-meta":"","header-below-stick-meta":"","astra-migrate-meta-layouts":"","ast-page-background-enabled":"default","ast-page-background-meta":{"desktop":{"background-color":"var(--ast-global-color-4)","background-image":"","background-repeat":"repeat","background-position":"center center","background-size":"auto","background-attachment":"scroll","background-type":"","background-media":"","overlay-type":"","overlay-color":"","overlay-opacity":"","overlay-gradient":""},"tablet":{"background-color":"","background-image":"","background-repeat":"repeat","background-position":"center center","background-size":"auto","background-attachment":"scroll","background-type":"","background-media":"","overlay-type":"","overlay-color":"","overlay-opacity":"","overlay-gradient":""},"mobile":{"background-color":"","background-image":"","background-repeat":"repeat","background-position":"center center","background-size":"auto","background-attachment":"scroll","background-type":"","background-media":"","overlay-type":"","overlay-color":"","overlay-opacity":"","overlay-gradient":""}},"ast-content-background-meta":{"desktop":{"background-color":"var(--ast-global-color-5)","background-image":"","background-repeat":"repeat","background-position":"center center","background-size":"auto","background-attachment":"scroll","background-type":"","background-media":"","overlay-type":"","overlay-color":"","overlay-opacity":"","overlay-gradient":""},"tablet":{"background-color":"var(--ast-global-color-5)","background-image":"","background-repeat":"repeat","background-position":"center center","background-size":"auto","background-attachment":"scroll","background-type":"","background-media":"","overlay-type":"","overlay-color":"","overlay-opacity":"","overlay-gradient":""},"mobile":{"background-color":"var(--ast-global-color-5)","background-image":"","background-repeat":"repeat","background-position":"center center","background-size":"auto","background-attachment":"scroll","background-type":"","background-media":"","overlay-type":"","overlay-color":"","overlay-opacity":"","overlay-gradient":""}}},"product_brand":[],"product_cat":[21],"product_tag":[],"class_list":{"0":"post-2564","1":"product","2":"type-product","3":"status-publish","4":"has-post-thumbnail","6":"product_cat-traitements-piscine","7":"desktop-align-left","8":"tablet-align-left","9":"mobile-align-left","11":"first","12":"instock","13":"shipping-taxable","14":"purchasable","15":"product-type-simple"},"jetpack_sharing_enabled":true,"_links":{"self":[{"href":"https:\/\/chocpiscine.com\/index.php?rest_route=\/wp\/v2\/product\/2564","targetHints":{"allow":["GET"]}}],"collection":[{"href":"https:\/\/chocpiscine.com\/index.php?rest_route=\/wp\/v2\/product"}],"about":[{"href":"https:\/\/chocpiscine.com\/index.php?rest_route=\/wp\/v2\/types\/product"}],"replies":[{"embeddable":true,"href":"https:\/\/chocpiscine.com\/index.php?rest_route=%2Fwp%2Fv2%2Fcomments&post=2564"}],"wp:featuredmedia":[{"embeddable":true,"href":"https:\/\/chocpiscine.com\/index.php?rest_route=\/wp\/v2\/media\/2594"}],"wp:attachment":[{"href":"https:\/\/chocpiscine.com\/index.php?rest_route=%2Fwp%2Fv2%2Fmedia&parent=2564"}],"wp:term":[{"taxonomy":"product_brand","embeddable":true,"href":"https:\/\/chocpiscine.com\/index.php?rest_route=%2Fwp%2Fv2%2Fproduct_brand&post=2564"},{"taxonomy":"product_cat","embeddable":true,"href":"https:\/\/chocpiscine.com\/index.php?rest_route=%2Fwp%2Fv2%2Fproduct_cat&post=2564"},{"taxonomy":"product_tag","embeddable":true,"href":"https:\/\/chocpiscine.com\/index.php?rest_route=%2Fwp%2Fv2%2Fproduct_tag&post=2564"}],"curies":[{"name":"wp","href":"https:\/\/api.w.org\/{rel}","templated":true}]}}