{"id":2571,"date":"2024-03-27T11:22:04","date_gmt":"2024-03-27T10:22:04","guid":{"rendered":"https:\/\/chocpiscine.com\/?post_type=product&#038;p=2571"},"modified":"2024-03-27T11:22:14","modified_gmt":"2024-03-27T10:22:14","slug":"neutralisant-de-chlore-et-brome-5-l-aquapure","status":"publish","type":"product","link":"https:\/\/chocpiscine.com\/?product=neutralisant-de-chlore-et-brome-5-l-aquapure","title":{"rendered":"Neutralisant de chlore et brome &#8211; 5 L &#8211; AQUAPURE"},"content":{"rendered":"<p>Forme\u00a0: liquide.<br \/>\nAction\u00a0: neutralise l&#8217;effet du chlore et du brome.<br \/>\nConseil d&#8217;emploi\u00a0: ajouter 100 \u00e0 150 ml de neutralisant chlore et brome pour r\u00e9duire de 0,5 mg\/L (ppm) environ le chlore ou le brome pour 100 m3 d\u2019eau.<br \/>\nVerser la dose n\u00e9cessaire de Neutral dans un r\u00e9cipient contenant de l\u2019eau et r\u00e9partir cette solution uniform\u00e9ment sur la surface de la piscine.<br \/>\nLe temps de contact est de 30 minutes environ.<br \/>\nUtilisation\u00a0: ce produit est destin\u00e9 \u00e0 \u00e9liminer l\u2019exc\u00e8s de chlore et de brome qui peut se trouver dans l\u2019eau de la piscine.<br \/>\n Action<br \/>\nneutralisant chlore<\/p>\n<p>Forme<br \/>\nliquide<\/p>\n<p>Dosage<br \/>\ndosage automatique liquide<\/p>\n<p>Contenance<br \/>\n5 L<br \/>\n R\u00e9f.fabricant : APURESTOPCHLORE<\/p>\n","protected":false},"excerpt":{"rendered":"<p>Forme\u00a0: liquide. Action\u00a0: neutralise l&#8217;effet du chlore et du brome. Conseil d&#8217;emploi\u00a0: ajouter 100 \u00e0 150 ml de neutralisant chlore [&hellip;]<\/p>\n","protected":false},"featured_media":2601,"comment_status":"open","ping_status":"closed","template":"","meta":{"site-sidebar-layout":"","site-content-layout":"","ast-site-content-layout":"","site-content-style":"","site-sidebar-style":"","ast-global-header-display":"","ast-banner-title-visibility":"","ast-main-header-display":"","ast-hfb-above-header-display":"","ast-hfb-below-header-display":"","ast-hfb-mobile-header-display":"","site-post-title":"","ast-breadcrumbs-content":"","ast-featured-img":"","footer-sml-layout":"","theme-transparent-header-meta":"","adv-header-id-meta":"","stick-header-meta":"","header-above-stick-meta":"","header-main-stick-meta":"","header-below-stick-meta":"","astra-migrate-meta-layouts":"","ast-page-background-enabled":"default","ast-page-background-meta":{"desktop":{"background-color":"var(--ast-global-color-4)","background-image":"","background-repeat":"repeat","background-position":"center center","background-size":"auto","background-attachment":"scroll","background-type":"","background-media":"","overlay-type":"","overlay-color":"","overlay-opacity":"","overlay-gradient":""},"tablet":{"background-color":"","background-image":"","background-repeat":"repeat","background-position":"center center","background-size":"auto","background-attachment":"scroll","background-type":"","background-media":"","overlay-type":"","overlay-color":"","overlay-opacity":"","overlay-gradient":""},"mobile":{"background-color":"","background-image":"","background-repeat":"repeat","background-position":"center center","background-size":"auto","background-attachment":"scroll","background-type":"","background-media":"","overlay-type":"","overlay-color":"","overlay-opacity":"","overlay-gradient":""}},"ast-content-background-meta":{"desktop":{"background-color":"var(--ast-global-color-5)","background-image":"","background-repeat":"repeat","background-position":"center center","background-size":"auto","background-attachment":"scroll","background-type":"","background-media":"","overlay-type":"","overlay-color":"","overlay-opacity":"","overlay-gradient":""},"tablet":{"background-color":"var(--ast-global-color-5)","background-image":"","background-repeat":"repeat","background-position":"center center","background-size":"auto","background-attachment":"scroll","background-type":"","background-media":"","overlay-type":"","overlay-color":"","overlay-opacity":"","overlay-gradient":""},"mobile":{"background-color":"var(--ast-global-color-5)","background-image":"","background-repeat":"repeat","background-position":"center center","background-size":"auto","background-attachment":"scroll","background-type":"","background-media":"","overlay-type":"","overlay-color":"","overlay-opacity":"","overlay-gradient":""}}},"product_brand":[],"product_cat":[21],"product_tag":[],"class_list":{"0":"post-2571","1":"product","2":"type-product","3":"status-publish","4":"has-post-thumbnail","6":"product_cat-traitements-piscine","7":"desktop-align-left","8":"tablet-align-left","9":"mobile-align-left","11":"first","12":"instock","13":"shipping-taxable","14":"purchasable","15":"product-type-simple"},"jetpack_sharing_enabled":true,"_links":{"self":[{"href":"https:\/\/chocpiscine.com\/index.php?rest_route=\/wp\/v2\/product\/2571","targetHints":{"allow":["GET"]}}],"collection":[{"href":"https:\/\/chocpiscine.com\/index.php?rest_route=\/wp\/v2\/product"}],"about":[{"href":"https:\/\/chocpiscine.com\/index.php?rest_route=\/wp\/v2\/types\/product"}],"replies":[{"embeddable":true,"href":"https:\/\/chocpiscine.com\/index.php?rest_route=%2Fwp%2Fv2%2Fcomments&post=2571"}],"wp:featuredmedia":[{"embeddable":true,"href":"https:\/\/chocpiscine.com\/index.php?rest_route=\/wp\/v2\/media\/2601"}],"wp:attachment":[{"href":"https:\/\/chocpiscine.com\/index.php?rest_route=%2Fwp%2Fv2%2Fmedia&parent=2571"}],"wp:term":[{"taxonomy":"product_brand","embeddable":true,"href":"https:\/\/chocpiscine.com\/index.php?rest_route=%2Fwp%2Fv2%2Fproduct_brand&post=2571"},{"taxonomy":"product_cat","embeddable":true,"href":"https:\/\/chocpiscine.com\/index.php?rest_route=%2Fwp%2Fv2%2Fproduct_cat&post=2571"},{"taxonomy":"product_tag","embeddable":true,"href":"https:\/\/chocpiscine.com\/index.php?rest_route=%2Fwp%2Fv2%2Fproduct_tag&post=2571"}],"curies":[{"name":"wp","href":"https:\/\/api.w.org\/{rel}","templated":true}]}}