{"id":2584,"date":"2024-03-27T11:22:05","date_gmt":"2024-03-27T10:22:05","guid":{"rendered":"https:\/\/chocpiscine.com\/?post_type=product&#038;p=2584"},"modified":"2024-03-27T11:22:24","modified_gmt":"2024-03-27T10:22:24","slug":"ph-minus-poudre-5-kg-aquapure-2","status":"publish","type":"product","link":"https:\/\/chocpiscine.com\/?product=ph-minus-poudre-5-kg-aquapure-2","title":{"rendered":"pH Minus &#8211; Poudre 5 Kg &#8211; AQUAPURE"},"content":{"rendered":"<p>Composition\u00a0: acide \u00e0 dissolution rapide.<br \/>\nForme\u00a0: poudre.<br \/>\nAction\u00a0: baisse le pH.<br \/>\nDosage\u00a0: 150 g \/ 10 m3 d&#8217;eau pour baisser le pH de 0,2 unit\u00e9.<br \/>\nConseil d&#8217;emploi\u00a0: \u00e0 dissoudre dans un seau, puis introduire la solution devant les buses de refoulement de la piscine, filtration en marche. Toujours proc\u00e9der \u00e0 l&#8217;ajustement du pH en plusieurs fois par tranche de 0,2 unit\u00e9 pH espac\u00e9es de 2 heures, filtration en marche et sans baigneurs.<br \/>\nUtilisation\u00a0: ce produit permet de r\u00e9duire le Ph afin de le maintenir jusqu&#8217;\u00e0 une valeur comprise entre 7,2 et 7,4.<br \/>\nImportant\u00a0: compatible avec tous types de filtration et tous les traitements utilis\u00e9s en piscine priv\u00e9es.<br \/>\nAction<br \/>\npH minus<\/p>\n<p>Forme<br \/>\npoudre granul\u00e9<\/p>\n<p>Dosage<br \/>\ndosage manuel<\/p>\n<p>Contenance<br \/>\n5 kg<br \/>\nR\u00e9f.fabricant : APUREMINUS5<\/p>\n","protected":false},"excerpt":{"rendered":"<p>Composition\u00a0: acide \u00e0 dissolution rapide. Forme\u00a0: poudre. Action\u00a0: baisse le pH. Dosage\u00a0: 150 g \/ 10 m3 d&#8217;eau pour baisser [&hellip;]<\/p>\n","protected":false},"featured_media":2614,"comment_status":"open","ping_status":"closed","template":"","meta":{"site-sidebar-layout":"default","site-content-layout":"","ast-site-content-layout":"default","site-content-style":"default","site-sidebar-style":"default","ast-global-header-display":"","ast-banner-title-visibility":"","ast-main-header-display":"","ast-hfb-above-header-display":"","ast-hfb-below-header-display":"","ast-hfb-mobile-header-display":"","site-post-title":"","ast-breadcrumbs-content":"","ast-featured-img":"","footer-sml-layout":"","theme-transparent-header-meta":"default","adv-header-id-meta":"","stick-header-meta":"","header-above-stick-meta":"","header-main-stick-meta":"","header-below-stick-meta":"","astra-migrate-meta-layouts":"set","ast-page-background-enabled":"default","ast-page-background-meta":{"desktop":{"background-color":"var(--ast-global-color-4)","background-image":"","background-repeat":"repeat","background-position":"center center","background-size":"auto","background-attachment":"scroll","background-type":"","background-media":"","overlay-type":"","overlay-color":"","overlay-opacity":"","overlay-gradient":""},"tablet":{"background-color":"","background-image":"","background-repeat":"repeat","background-position":"center center","background-size":"auto","background-attachment":"scroll","background-type":"","background-media":"","overlay-type":"","overlay-color":"","overlay-opacity":"","overlay-gradient":""},"mobile":{"background-color":"","background-image":"","background-repeat":"repeat","background-position":"center center","background-size":"auto","background-attachment":"scroll","background-type":"","background-media":"","overlay-type":"","overlay-color":"","overlay-opacity":"","overlay-gradient":""}},"ast-content-background-meta":{"desktop":{"background-color":"var(--ast-global-color-5)","background-image":"","background-repeat":"repeat","background-position":"center center","background-size":"auto","background-attachment":"scroll","background-type":"","background-media":"","overlay-type":"","overlay-color":"","overlay-opacity":"","overlay-gradient":""},"tablet":{"background-color":"var(--ast-global-color-5)","background-image":"","background-repeat":"repeat","background-position":"center center","background-size":"auto","background-attachment":"scroll","background-type":"","background-media":"","overlay-type":"","overlay-color":"","overlay-opacity":"","overlay-gradient":""},"mobile":{"background-color":"var(--ast-global-color-5)","background-image":"","background-repeat":"repeat","background-position":"center center","background-size":"auto","background-attachment":"scroll","background-type":"","background-media":"","overlay-type":"","overlay-color":"","overlay-opacity":"","overlay-gradient":""}}},"product_brand":[],"product_cat":[20,21],"product_tag":[],"class_list":{"0":"post-2584","1":"product","2":"type-product","3":"status-publish","4":"has-post-thumbnail","6":"product_cat-hivernage","7":"product_cat-traitements-piscine","8":"desktop-align-left","9":"tablet-align-left","10":"mobile-align-left","12":"first","13":"instock","14":"shipping-taxable","15":"purchasable","16":"product-type-simple"},"jetpack_sharing_enabled":true,"_links":{"self":[{"href":"https:\/\/chocpiscine.com\/index.php?rest_route=\/wp\/v2\/product\/2584","targetHints":{"allow":["GET"]}}],"collection":[{"href":"https:\/\/chocpiscine.com\/index.php?rest_route=\/wp\/v2\/product"}],"about":[{"href":"https:\/\/chocpiscine.com\/index.php?rest_route=\/wp\/v2\/types\/product"}],"replies":[{"embeddable":true,"href":"https:\/\/chocpiscine.com\/index.php?rest_route=%2Fwp%2Fv2%2Fcomments&post=2584"}],"wp:featuredmedia":[{"embeddable":true,"href":"https:\/\/chocpiscine.com\/index.php?rest_route=\/wp\/v2\/media\/2614"}],"wp:attachment":[{"href":"https:\/\/chocpiscine.com\/index.php?rest_route=%2Fwp%2Fv2%2Fmedia&parent=2584"}],"wp:term":[{"taxonomy":"product_brand","embeddable":true,"href":"https:\/\/chocpiscine.com\/index.php?rest_route=%2Fwp%2Fv2%2Fproduct_brand&post=2584"},{"taxonomy":"product_cat","embeddable":true,"href":"https:\/\/chocpiscine.com\/index.php?rest_route=%2Fwp%2Fv2%2Fproduct_cat&post=2584"},{"taxonomy":"product_tag","embeddable":true,"href":"https:\/\/chocpiscine.com\/index.php?rest_route=%2Fwp%2Fv2%2Fproduct_tag&post=2584"}],"curies":[{"name":"wp","href":"https:\/\/api.w.org\/{rel}","templated":true}]}}