{"id":2626,"date":"2024-03-27T11:22:26","date_gmt":"2024-03-27T10:22:26","guid":{"rendered":"https:\/\/chocpiscine.com\/?post_type=product&#038;p=2626"},"modified":"2024-03-27T11:22:38","modified_gmt":"2024-03-27T10:22:38","slug":"bordnet-gel-s-detartrant-acide-concentre-10-kg-bayrol","status":"publish","type":"product","link":"https:\/\/chocpiscine.com\/?product=bordnet-gel-s-detartrant-acide-concentre-10-kg-bayrol","title":{"rendered":"Bordnet Gel S d\u00e9tartrant acide concentr\u00e9 &#8211; 10 kg &#8211; BAYROL"},"content":{"rendered":"<p>Forme\u00a0: gel.<br \/>\nAction\u00a0: nettoyage ligne d&#8217;eau.<br \/>\nConseil d&#8217;emploi\u00a0: nettoyer avec une brosse ou une \u00e9ponge.<br \/>\nAppliquer pur directement sur les parties \u00e0 nettoyer.<br \/>\nSa texture g\u00e9lifi\u00e9e permet une meilleure adh\u00e9rence aux parois et facilite le nettoyage.<br \/>\nRincer abondamment avec l\u2019eau de la piscine.<br \/>\nUtilisation\u00a0: \u00e9limine les traces de calcaire et les d\u00e9p\u00f4ts gras sur la ligne d&#8217;eau.<br \/>\nNettoyage rapide.<\/p>\n<p>Important\u00a0: ne pas utiliser sur les mat\u00e9riaux ne r\u00e9sistant pas aux produits acides.<\/p>\n<p> Action<br \/>\nnettoyage ligne d&#8217;eau<\/p>\n<p>Forme<br \/>\ngel<\/p>\n<p>Dosage<br \/>\ndosage manuel<\/p>\n<p>Contenance<br \/>\n10 kg<br \/>\n R\u00e9f.fabricant : 2113605<\/p>\n","protected":false},"excerpt":{"rendered":"<p>Forme\u00a0: gel. Action\u00a0: nettoyage ligne d&#8217;eau. Conseil d&#8217;emploi\u00a0: nettoyer avec une brosse ou une \u00e9ponge. Appliquer pur directement sur les [&hellip;]<\/p>\n","protected":false},"featured_media":2656,"comment_status":"open","ping_status":"closed","template":"","meta":{"site-sidebar-layout":"","site-content-layout":"","ast-site-content-layout":"","site-content-style":"","site-sidebar-style":"","ast-global-header-display":"","ast-banner-title-visibility":"","ast-main-header-display":"","ast-hfb-above-header-display":"","ast-hfb-below-header-display":"","ast-hfb-mobile-header-display":"","site-post-title":"","ast-breadcrumbs-content":"","ast-featured-img":"","footer-sml-layout":"","theme-transparent-header-meta":"","adv-header-id-meta":"","stick-header-meta":"","header-above-stick-meta":"","header-main-stick-meta":"","header-below-stick-meta":"","astra-migrate-meta-layouts":"","ast-page-background-enabled":"default","ast-page-background-meta":{"desktop":{"background-color":"var(--ast-global-color-4)","background-image":"","background-repeat":"repeat","background-position":"center center","background-size":"auto","background-attachment":"scroll","background-type":"","background-media":"","overlay-type":"","overlay-color":"","overlay-opacity":"","overlay-gradient":""},"tablet":{"background-color":"","background-image":"","background-repeat":"repeat","background-position":"center center","background-size":"auto","background-attachment":"scroll","background-type":"","background-media":"","overlay-type":"","overlay-color":"","overlay-opacity":"","overlay-gradient":""},"mobile":{"background-color":"","background-image":"","background-repeat":"repeat","background-position":"center center","background-size":"auto","background-attachment":"scroll","background-type":"","background-media":"","overlay-type":"","overlay-color":"","overlay-opacity":"","overlay-gradient":""}},"ast-content-background-meta":{"desktop":{"background-color":"var(--ast-global-color-5)","background-image":"","background-repeat":"repeat","background-position":"center center","background-size":"auto","background-attachment":"scroll","background-type":"","background-media":"","overlay-type":"","overlay-color":"","overlay-opacity":"","overlay-gradient":""},"tablet":{"background-color":"var(--ast-global-color-5)","background-image":"","background-repeat":"repeat","background-position":"center center","background-size":"auto","background-attachment":"scroll","background-type":"","background-media":"","overlay-type":"","overlay-color":"","overlay-opacity":"","overlay-gradient":""},"mobile":{"background-color":"var(--ast-global-color-5)","background-image":"","background-repeat":"repeat","background-position":"center center","background-size":"auto","background-attachment":"scroll","background-type":"","background-media":"","overlay-type":"","overlay-color":"","overlay-opacity":"","overlay-gradient":""}}},"product_brand":[],"product_cat":[21],"product_tag":[],"class_list":{"0":"post-2626","1":"product","2":"type-product","3":"status-publish","4":"has-post-thumbnail","6":"product_cat-traitements-piscine","7":"desktop-align-left","8":"tablet-align-left","9":"mobile-align-left","11":"first","12":"instock","13":"shipping-taxable","14":"purchasable","15":"product-type-simple"},"jetpack_sharing_enabled":true,"_links":{"self":[{"href":"https:\/\/chocpiscine.com\/index.php?rest_route=\/wp\/v2\/product\/2626","targetHints":{"allow":["GET"]}}],"collection":[{"href":"https:\/\/chocpiscine.com\/index.php?rest_route=\/wp\/v2\/product"}],"about":[{"href":"https:\/\/chocpiscine.com\/index.php?rest_route=\/wp\/v2\/types\/product"}],"replies":[{"embeddable":true,"href":"https:\/\/chocpiscine.com\/index.php?rest_route=%2Fwp%2Fv2%2Fcomments&post=2626"}],"wp:featuredmedia":[{"embeddable":true,"href":"https:\/\/chocpiscine.com\/index.php?rest_route=\/wp\/v2\/media\/2656"}],"wp:attachment":[{"href":"https:\/\/chocpiscine.com\/index.php?rest_route=%2Fwp%2Fv2%2Fmedia&parent=2626"}],"wp:term":[{"taxonomy":"product_brand","embeddable":true,"href":"https:\/\/chocpiscine.com\/index.php?rest_route=%2Fwp%2Fv2%2Fproduct_brand&post=2626"},{"taxonomy":"product_cat","embeddable":true,"href":"https:\/\/chocpiscine.com\/index.php?rest_route=%2Fwp%2Fv2%2Fproduct_cat&post=2626"},{"taxonomy":"product_tag","embeddable":true,"href":"https:\/\/chocpiscine.com\/index.php?rest_route=%2Fwp%2Fv2%2Fproduct_tag&post=2626"}],"curies":[{"name":"wp","href":"https:\/\/api.w.org\/{rel}","templated":true}]}}