{"id":2631,"date":"2024-03-27T11:22:26","date_gmt":"2024-03-27T10:22:26","guid":{"rendered":"https:\/\/chocpiscine.com\/?post_type=product&#038;p=2631"},"modified":"2024-03-27T11:22:42","modified_gmt":"2024-03-27T10:22:42","slug":"chlore-lent-granule-90-5-kg-aquapure","status":"publish","type":"product","link":"https:\/\/chocpiscine.com\/?product=chlore-lent-granule-90-5-kg-aquapure","title":{"rendered":"Chlore Lent &#8211; Granul\u00e9 90 5 Kg &#8211; AQUAPURE"},"content":{"rendered":"<p>Composition\u00a0: chlore stabilis\u00e9 \u00e0 dissolution lente avec 90 % de chlore disponible.<br \/>\nForme\u00a0: granul\u00e9.<br \/>\nAction\u00a0: d\u00e9sinfection choc.<br \/>\nDosage\u00a0: 10 g \u00e0 15 g pour 10 m3 de paroi de la piscine \u00e0 traiter.<br \/>\nConseil d&#8217;emploi\u00a0: sous l&#8217;eau, disperser et \u00e9taler par brossage les granul\u00e9s \u00e0 dissolution lente en particulier dans les angles, les joints creus\u00e9s et les zones propices \u00e0 la prolif\u00e9ration des algues.<br \/>\nUtilisation\u00a0: anti algue sp\u00e9cial piscine en b\u00e9ton carrel\u00e9.<br \/>\nTraitement curatif des algues et moisissures des piscines b\u00e9ton carrel\u00e9.<br \/>\nFormulation tr\u00e8s puissante \u00e0 forte teneur en chlore action.<br \/>\nImportant\u00a0: compatible avec tous types de filtration.<br \/>\n Action<br \/>\nd\u00e9sinfection r\u00e9guli\u00e8re<\/p>\n<p>Forme<br \/>\npoudre granul\u00e9<\/p>\n<p>Dosage<br \/>\ndosage manuel<\/p>\n<p>Contenance<br \/>\n5 kg<br \/>\n R\u00e9f.fabricant : APURE90GRANU5<\/p>\n","protected":false},"excerpt":{"rendered":"<p>Composition\u00a0: chlore stabilis\u00e9 \u00e0 dissolution lente avec 90 % de chlore disponible. Forme\u00a0: granul\u00e9. Action\u00a0: d\u00e9sinfection choc. Dosage\u00a0: 10 g [&hellip;]<\/p>\n","protected":false},"featured_media":2661,"comment_status":"open","ping_status":"closed","template":"","meta":{"site-sidebar-layout":"","site-content-layout":"","ast-site-content-layout":"","site-content-style":"","site-sidebar-style":"","ast-global-header-display":"","ast-banner-title-visibility":"","ast-main-header-display":"","ast-hfb-above-header-display":"","ast-hfb-below-header-display":"","ast-hfb-mobile-header-display":"","site-post-title":"","ast-breadcrumbs-content":"","ast-featured-img":"","footer-sml-layout":"","theme-transparent-header-meta":"","adv-header-id-meta":"","stick-header-meta":"","header-above-stick-meta":"","header-main-stick-meta":"","header-below-stick-meta":"","astra-migrate-meta-layouts":"","ast-page-background-enabled":"default","ast-page-background-meta":{"desktop":{"background-color":"var(--ast-global-color-4)","background-image":"","background-repeat":"repeat","background-position":"center center","background-size":"auto","background-attachment":"scroll","background-type":"","background-media":"","overlay-type":"","overlay-color":"","overlay-opacity":"","overlay-gradient":""},"tablet":{"background-color":"","background-image":"","background-repeat":"repeat","background-position":"center center","background-size":"auto","background-attachment":"scroll","background-type":"","background-media":"","overlay-type":"","overlay-color":"","overlay-opacity":"","overlay-gradient":""},"mobile":{"background-color":"","background-image":"","background-repeat":"repeat","background-position":"center center","background-size":"auto","background-attachment":"scroll","background-type":"","background-media":"","overlay-type":"","overlay-color":"","overlay-opacity":"","overlay-gradient":""}},"ast-content-background-meta":{"desktop":{"background-color":"var(--ast-global-color-5)","background-image":"","background-repeat":"repeat","background-position":"center center","background-size":"auto","background-attachment":"scroll","background-type":"","background-media":"","overlay-type":"","overlay-color":"","overlay-opacity":"","overlay-gradient":""},"tablet":{"background-color":"var(--ast-global-color-5)","background-image":"","background-repeat":"repeat","background-position":"center center","background-size":"auto","background-attachment":"scroll","background-type":"","background-media":"","overlay-type":"","overlay-color":"","overlay-opacity":"","overlay-gradient":""},"mobile":{"background-color":"var(--ast-global-color-5)","background-image":"","background-repeat":"repeat","background-position":"center center","background-size":"auto","background-attachment":"scroll","background-type":"","background-media":"","overlay-type":"","overlay-color":"","overlay-opacity":"","overlay-gradient":""}}},"product_brand":[],"product_cat":[21],"product_tag":[],"class_list":{"0":"post-2631","1":"product","2":"type-product","3":"status-publish","4":"has-post-thumbnail","6":"product_cat-traitements-piscine","7":"desktop-align-left","8":"tablet-align-left","9":"mobile-align-left","11":"first","12":"instock","13":"shipping-taxable","14":"purchasable","15":"product-type-simple"},"jetpack_sharing_enabled":true,"_links":{"self":[{"href":"https:\/\/chocpiscine.com\/index.php?rest_route=\/wp\/v2\/product\/2631","targetHints":{"allow":["GET"]}}],"collection":[{"href":"https:\/\/chocpiscine.com\/index.php?rest_route=\/wp\/v2\/product"}],"about":[{"href":"https:\/\/chocpiscine.com\/index.php?rest_route=\/wp\/v2\/types\/product"}],"replies":[{"embeddable":true,"href":"https:\/\/chocpiscine.com\/index.php?rest_route=%2Fwp%2Fv2%2Fcomments&post=2631"}],"wp:featuredmedia":[{"embeddable":true,"href":"https:\/\/chocpiscine.com\/index.php?rest_route=\/wp\/v2\/media\/2661"}],"wp:attachment":[{"href":"https:\/\/chocpiscine.com\/index.php?rest_route=%2Fwp%2Fv2%2Fmedia&parent=2631"}],"wp:term":[{"taxonomy":"product_brand","embeddable":true,"href":"https:\/\/chocpiscine.com\/index.php?rest_route=%2Fwp%2Fv2%2Fproduct_brand&post=2631"},{"taxonomy":"product_cat","embeddable":true,"href":"https:\/\/chocpiscine.com\/index.php?rest_route=%2Fwp%2Fv2%2Fproduct_cat&post=2631"},{"taxonomy":"product_tag","embeddable":true,"href":"https:\/\/chocpiscine.com\/index.php?rest_route=%2Fwp%2Fv2%2Fproduct_tag&post=2631"}],"curies":[{"name":"wp","href":"https:\/\/api.w.org\/{rel}","templated":true}]}}