{"id":2637,"date":"2024-03-27T11:22:26","date_gmt":"2024-03-27T10:22:26","guid":{"rendered":"https:\/\/chocpiscine.com\/?post_type=product&#038;p=2637"},"modified":"2024-03-27T11:22:46","modified_gmt":"2024-03-27T10:22:46","slug":"chloriklar-chlore-pour-un-traitement-choc-5-kg-bayrol","status":"publish","type":"product","link":"https:\/\/chocpiscine.com\/?product=chloriklar-chlore-pour-un-traitement-choc-5-kg-bayrol","title":{"rendered":"Chloriklar\u00ae chlore pour un traitement choc &#8211; 5 kg &#8211; BAYROL"},"content":{"rendered":"<p>Composition\u00a0: chlore stabilis\u00e9 \u00e0 dissolution rapide avec 50 % de chlore disponible.<br \/>\nForme\u00a0: pastilles de 20 g effervescentes.<br \/>\nAction\u00a0: d\u00e9sinfection choc.<br \/>\nDosage\u00a0: 1 pastille de 20 g pour 1 m3 d&#8217;eau.<br \/>\nConseil d&#8217;emploi\u00a0: disposer les pastilles dans le skimmer, filtration en marche.<br \/>\nUtilisation\u00a0: \u00e0 utiliser en pr\u00e9sence d&#8217;eau verte ou trouble apr\u00e8s brossage des parois.<br \/>\nDissolution rapide et totale.<br \/>\nFacile d&#8217;utilisation.<\/p>\n<p>Important\u00a0: compatible avec tous types de filtration.<\/p>\n<p> Action<br \/>\nd\u00e9sinfection choc<\/p>\n<p>Forme<br \/>\npastille<\/p>\n<p>Dosage<br \/>\ndosage manuel<\/p>\n<p>Contenance<br \/>\n5 kg<br \/>\n R\u00e9f.fabricant : 2231114<\/p>\n","protected":false},"excerpt":{"rendered":"<p>Composition\u00a0: chlore stabilis\u00e9 \u00e0 dissolution rapide avec 50 % de chlore disponible. Forme\u00a0: pastilles de 20 g effervescentes. Action\u00a0: d\u00e9sinfection [&hellip;]<\/p>\n","protected":false},"featured_media":2667,"comment_status":"open","ping_status":"closed","template":"","meta":{"site-sidebar-layout":"","site-content-layout":"","ast-site-content-layout":"","site-content-style":"","site-sidebar-style":"","ast-global-header-display":"","ast-banner-title-visibility":"","ast-main-header-display":"","ast-hfb-above-header-display":"","ast-hfb-below-header-display":"","ast-hfb-mobile-header-display":"","site-post-title":"","ast-breadcrumbs-content":"","ast-featured-img":"","footer-sml-layout":"","theme-transparent-header-meta":"","adv-header-id-meta":"","stick-header-meta":"","header-above-stick-meta":"","header-main-stick-meta":"","header-below-stick-meta":"","astra-migrate-meta-layouts":"","ast-page-background-enabled":"default","ast-page-background-meta":{"desktop":{"background-color":"var(--ast-global-color-4)","background-image":"","background-repeat":"repeat","background-position":"center center","background-size":"auto","background-attachment":"scroll","background-type":"","background-media":"","overlay-type":"","overlay-color":"","overlay-opacity":"","overlay-gradient":""},"tablet":{"background-color":"","background-image":"","background-repeat":"repeat","background-position":"center center","background-size":"auto","background-attachment":"scroll","background-type":"","background-media":"","overlay-type":"","overlay-color":"","overlay-opacity":"","overlay-gradient":""},"mobile":{"background-color":"","background-image":"","background-repeat":"repeat","background-position":"center center","background-size":"auto","background-attachment":"scroll","background-type":"","background-media":"","overlay-type":"","overlay-color":"","overlay-opacity":"","overlay-gradient":""}},"ast-content-background-meta":{"desktop":{"background-color":"var(--ast-global-color-5)","background-image":"","background-repeat":"repeat","background-position":"center center","background-size":"auto","background-attachment":"scroll","background-type":"","background-media":"","overlay-type":"","overlay-color":"","overlay-opacity":"","overlay-gradient":""},"tablet":{"background-color":"var(--ast-global-color-5)","background-image":"","background-repeat":"repeat","background-position":"center center","background-size":"auto","background-attachment":"scroll","background-type":"","background-media":"","overlay-type":"","overlay-color":"","overlay-opacity":"","overlay-gradient":""},"mobile":{"background-color":"var(--ast-global-color-5)","background-image":"","background-repeat":"repeat","background-position":"center center","background-size":"auto","background-attachment":"scroll","background-type":"","background-media":"","overlay-type":"","overlay-color":"","overlay-opacity":"","overlay-gradient":""}}},"product_brand":[],"product_cat":[21],"product_tag":[],"class_list":{"0":"post-2637","1":"product","2":"type-product","3":"status-publish","4":"has-post-thumbnail","6":"product_cat-traitements-piscine","7":"desktop-align-left","8":"tablet-align-left","9":"mobile-align-left","11":"first","12":"instock","13":"shipping-taxable","14":"purchasable","15":"product-type-simple"},"jetpack_sharing_enabled":true,"_links":{"self":[{"href":"https:\/\/chocpiscine.com\/index.php?rest_route=\/wp\/v2\/product\/2637","targetHints":{"allow":["GET"]}}],"collection":[{"href":"https:\/\/chocpiscine.com\/index.php?rest_route=\/wp\/v2\/product"}],"about":[{"href":"https:\/\/chocpiscine.com\/index.php?rest_route=\/wp\/v2\/types\/product"}],"replies":[{"embeddable":true,"href":"https:\/\/chocpiscine.com\/index.php?rest_route=%2Fwp%2Fv2%2Fcomments&post=2637"}],"wp:featuredmedia":[{"embeddable":true,"href":"https:\/\/chocpiscine.com\/index.php?rest_route=\/wp\/v2\/media\/2667"}],"wp:attachment":[{"href":"https:\/\/chocpiscine.com\/index.php?rest_route=%2Fwp%2Fv2%2Fmedia&parent=2637"}],"wp:term":[{"taxonomy":"product_brand","embeddable":true,"href":"https:\/\/chocpiscine.com\/index.php?rest_route=%2Fwp%2Fv2%2Fproduct_brand&post=2637"},{"taxonomy":"product_cat","embeddable":true,"href":"https:\/\/chocpiscine.com\/index.php?rest_route=%2Fwp%2Fv2%2Fproduct_cat&post=2637"},{"taxonomy":"product_tag","embeddable":true,"href":"https:\/\/chocpiscine.com\/index.php?rest_route=%2Fwp%2Fv2%2Fproduct_tag&post=2637"}],"curies":[{"name":"wp","href":"https:\/\/api.w.org\/{rel}","templated":true}]}}