{"id":2670,"date":"2024-03-27T11:22:47","date_gmt":"2024-03-27T10:22:47","guid":{"rendered":"https:\/\/chocpiscine.com\/?post_type=product&#038;p=2670"},"modified":"2024-03-27T11:22:52","modified_gmt":"2024-03-27T10:22:52","slug":"nettoyant-ligne-deau-gel-1-kg-aquapure","status":"publish","type":"product","link":"https:\/\/chocpiscine.com\/?product=nettoyant-ligne-deau-gel-1-kg-aquapure","title":{"rendered":"Nettoyant ligne d&#8217;eau gel &#8211; 1 kg &#8211; AQUAPURE"},"content":{"rendered":"<p>NET BORD Gel Acide.<\/p>\n<p>Forme\u00a0: gel d\u00e9tartrant.<br \/>\nAction\u00a0: nettoyage ligne d&#8217;eau.<br \/>\nConseil d&#8217;emploi\u00a0: utiliser net bord gel acide pur en application directe sur les parois \u00e0 l&#8217;aide d&#8217;une \u00e9ponge pour frotter les surfaces souill\u00e9s.<br \/>\nLaisser agir 3 minutes puis rincer abondamment avec l&#8217;eau du bassin.<br \/>\nPorter des gants de protection en caoutchouc.<br \/>\nUtilisation\u00a0: nettoie la ligne d&#8217;eau contre le gras et le tartre incrust\u00e9s.<br \/>\nDouble action d\u00e9tartrante et dissolvante contre les salissures.<br \/>\nCompatible avec les rev\u00eatements de piscine\u00a0: carrelage, liner, polyester.<br \/>\nImportant\u00a0: toujours v\u00e9rifier la compatibilit\u00e9 sur une surface test avant l&#8217;application sur les mat\u00e9riaux synth\u00e9tiques comme les \u00e9ponges et les brosses balais.<\/p>\n<p> Action<br \/>\nnettoyage ligne d&#8217;eau<\/p>\n<p>Forme<br \/>\ngel<\/p>\n<p>Dosage<br \/>\ndosage manuel<\/p>\n<p>Contenance<br \/>\n1 kg<br \/>\n R\u00e9f.fabricant : APURENETBORD1<\/p>\n","protected":false},"excerpt":{"rendered":"<p>NET BORD Gel Acide. Forme\u00a0: gel d\u00e9tartrant. Action\u00a0: nettoyage ligne d&#8217;eau. Conseil d&#8217;emploi\u00a0: utiliser net bord gel acide pur en [&hellip;]<\/p>\n","protected":false},"featured_media":2700,"comment_status":"open","ping_status":"closed","template":"","meta":{"site-sidebar-layout":"","site-content-layout":"","ast-site-content-layout":"","site-content-style":"","site-sidebar-style":"","ast-global-header-display":"","ast-banner-title-visibility":"","ast-main-header-display":"","ast-hfb-above-header-display":"","ast-hfb-below-header-display":"","ast-hfb-mobile-header-display":"","site-post-title":"","ast-breadcrumbs-content":"","ast-featured-img":"","footer-sml-layout":"","theme-transparent-header-meta":"","adv-header-id-meta":"","stick-header-meta":"","header-above-stick-meta":"","header-main-stick-meta":"","header-below-stick-meta":"","astra-migrate-meta-layouts":"","ast-page-background-enabled":"default","ast-page-background-meta":{"desktop":{"background-color":"var(--ast-global-color-4)","background-image":"","background-repeat":"repeat","background-position":"center center","background-size":"auto","background-attachment":"scroll","background-type":"","background-media":"","overlay-type":"","overlay-color":"","overlay-opacity":"","overlay-gradient":""},"tablet":{"background-color":"","background-image":"","background-repeat":"repeat","background-position":"center center","background-size":"auto","background-attachment":"scroll","background-type":"","background-media":"","overlay-type":"","overlay-color":"","overlay-opacity":"","overlay-gradient":""},"mobile":{"background-color":"","background-image":"","background-repeat":"repeat","background-position":"center center","background-size":"auto","background-attachment":"scroll","background-type":"","background-media":"","overlay-type":"","overlay-color":"","overlay-opacity":"","overlay-gradient":""}},"ast-content-background-meta":{"desktop":{"background-color":"var(--ast-global-color-5)","background-image":"","background-repeat":"repeat","background-position":"center center","background-size":"auto","background-attachment":"scroll","background-type":"","background-media":"","overlay-type":"","overlay-color":"","overlay-opacity":"","overlay-gradient":""},"tablet":{"background-color":"var(--ast-global-color-5)","background-image":"","background-repeat":"repeat","background-position":"center center","background-size":"auto","background-attachment":"scroll","background-type":"","background-media":"","overlay-type":"","overlay-color":"","overlay-opacity":"","overlay-gradient":""},"mobile":{"background-color":"var(--ast-global-color-5)","background-image":"","background-repeat":"repeat","background-position":"center center","background-size":"auto","background-attachment":"scroll","background-type":"","background-media":"","overlay-type":"","overlay-color":"","overlay-opacity":"","overlay-gradient":""}}},"product_brand":[],"product_cat":[21],"product_tag":[],"class_list":{"0":"post-2670","1":"product","2":"type-product","3":"status-publish","4":"has-post-thumbnail","6":"product_cat-traitements-piscine","7":"desktop-align-left","8":"tablet-align-left","9":"mobile-align-left","11":"first","12":"instock","13":"shipping-taxable","14":"purchasable","15":"product-type-simple"},"jetpack_sharing_enabled":true,"_links":{"self":[{"href":"https:\/\/chocpiscine.com\/index.php?rest_route=\/wp\/v2\/product\/2670","targetHints":{"allow":["GET"]}}],"collection":[{"href":"https:\/\/chocpiscine.com\/index.php?rest_route=\/wp\/v2\/product"}],"about":[{"href":"https:\/\/chocpiscine.com\/index.php?rest_route=\/wp\/v2\/types\/product"}],"replies":[{"embeddable":true,"href":"https:\/\/chocpiscine.com\/index.php?rest_route=%2Fwp%2Fv2%2Fcomments&post=2670"}],"wp:featuredmedia":[{"embeddable":true,"href":"https:\/\/chocpiscine.com\/index.php?rest_route=\/wp\/v2\/media\/2700"}],"wp:attachment":[{"href":"https:\/\/chocpiscine.com\/index.php?rest_route=%2Fwp%2Fv2%2Fmedia&parent=2670"}],"wp:term":[{"taxonomy":"product_brand","embeddable":true,"href":"https:\/\/chocpiscine.com\/index.php?rest_route=%2Fwp%2Fv2%2Fproduct_brand&post=2670"},{"taxonomy":"product_cat","embeddable":true,"href":"https:\/\/chocpiscine.com\/index.php?rest_route=%2Fwp%2Fv2%2Fproduct_cat&post=2670"},{"taxonomy":"product_tag","embeddable":true,"href":"https:\/\/chocpiscine.com\/index.php?rest_route=%2Fwp%2Fv2%2Fproduct_tag&post=2670"}],"curies":[{"name":"wp","href":"https:\/\/api.w.org\/{rel}","templated":true}]}}