{"id":2685,"date":"2024-03-27T11:22:48","date_gmt":"2024-03-27T10:22:48","guid":{"rendered":"https:\/\/chocpiscine.com\/?post_type=product&#038;p=2685"},"modified":"2024-03-27T11:23:04","modified_gmt":"2024-03-27T10:23:04","slug":"testeur-electronique-combo-ph-sel-t-hanna-instruments","status":"publish","type":"product","link":"https:\/\/chocpiscine.com\/?product=testeur-electronique-combo-ph-sel-t-hanna-instruments","title":{"rendered":"Testeur \u00e9lectronique COMBO PH\/SEL\/T\u00b0 &#8211; HANNA INSTRUMENTS"},"content":{"rendered":"<p>Il mesure et affiche simultan\u00e9ment le param\u00e8tre (pH, EC, TDS) et la temp\u00e9rature.<\/p>\n<p>\u00a0<\/p>\n<p>Livr\u00e9 complet avec capuchon de\u00a0protection, outil de remplacement de l\u2019\u00e9lectrode pH et les piles. M\u00e9thode d&#8217;analyse<br \/>\nanalyse \u00e9lectronique<\/p>\n<p>Type de produit<br \/>\ntesteur \u00e9lectronique<\/p>\n<p>Type de mesure<br \/>\npH<br \/>\nsel<br \/>\ntemp\u00e9rature<br \/>\n R\u00e9f.fabricant : HI981304<\/p>\n","protected":false},"excerpt":{"rendered":"<p>Il mesure et affiche simultan\u00e9ment le param\u00e8tre (pH, EC, TDS) et la temp\u00e9rature. \u00a0 Livr\u00e9 complet avec capuchon de\u00a0protection, outil [&hellip;]<\/p>\n","protected":false},"featured_media":2715,"comment_status":"open","ping_status":"closed","template":"","meta":{"site-sidebar-layout":"","site-content-layout":"","ast-site-content-layout":"","site-content-style":"","site-sidebar-style":"","ast-global-header-display":"","ast-banner-title-visibility":"","ast-main-header-display":"","ast-hfb-above-header-display":"","ast-hfb-below-header-display":"","ast-hfb-mobile-header-display":"","site-post-title":"","ast-breadcrumbs-content":"","ast-featured-img":"","footer-sml-layout":"","theme-transparent-header-meta":"","adv-header-id-meta":"","stick-header-meta":"","header-above-stick-meta":"","header-main-stick-meta":"","header-below-stick-meta":"","astra-migrate-meta-layouts":"","ast-page-background-enabled":"default","ast-page-background-meta":{"desktop":{"background-color":"var(--ast-global-color-4)","background-image":"","background-repeat":"repeat","background-position":"center center","background-size":"auto","background-attachment":"scroll","background-type":"","background-media":"","overlay-type":"","overlay-color":"","overlay-opacity":"","overlay-gradient":""},"tablet":{"background-color":"","background-image":"","background-repeat":"repeat","background-position":"center center","background-size":"auto","background-attachment":"scroll","background-type":"","background-media":"","overlay-type":"","overlay-color":"","overlay-opacity":"","overlay-gradient":""},"mobile":{"background-color":"","background-image":"","background-repeat":"repeat","background-position":"center center","background-size":"auto","background-attachment":"scroll","background-type":"","background-media":"","overlay-type":"","overlay-color":"","overlay-opacity":"","overlay-gradient":""}},"ast-content-background-meta":{"desktop":{"background-color":"var(--ast-global-color-5)","background-image":"","background-repeat":"repeat","background-position":"center center","background-size":"auto","background-attachment":"scroll","background-type":"","background-media":"","overlay-type":"","overlay-color":"","overlay-opacity":"","overlay-gradient":""},"tablet":{"background-color":"var(--ast-global-color-5)","background-image":"","background-repeat":"repeat","background-position":"center center","background-size":"auto","background-attachment":"scroll","background-type":"","background-media":"","overlay-type":"","overlay-color":"","overlay-opacity":"","overlay-gradient":""},"mobile":{"background-color":"var(--ast-global-color-5)","background-image":"","background-repeat":"repeat","background-position":"center center","background-size":"auto","background-attachment":"scroll","background-type":"","background-media":"","overlay-type":"","overlay-color":"","overlay-opacity":"","overlay-gradient":""}}},"product_brand":[],"product_cat":[65],"product_tag":[],"class_list":{"0":"post-2685","1":"product","2":"type-product","3":"status-publish","4":"has-post-thumbnail","6":"product_cat-testeurs-electroniques-photometres","7":"desktop-align-left","8":"tablet-align-left","9":"mobile-align-left","11":"first","12":"instock","13":"shipping-taxable","14":"purchasable","15":"product-type-simple"},"jetpack_sharing_enabled":true,"_links":{"self":[{"href":"https:\/\/chocpiscine.com\/index.php?rest_route=\/wp\/v2\/product\/2685","targetHints":{"allow":["GET"]}}],"collection":[{"href":"https:\/\/chocpiscine.com\/index.php?rest_route=\/wp\/v2\/product"}],"about":[{"href":"https:\/\/chocpiscine.com\/index.php?rest_route=\/wp\/v2\/types\/product"}],"replies":[{"embeddable":true,"href":"https:\/\/chocpiscine.com\/index.php?rest_route=%2Fwp%2Fv2%2Fcomments&post=2685"}],"wp:featuredmedia":[{"embeddable":true,"href":"https:\/\/chocpiscine.com\/index.php?rest_route=\/wp\/v2\/media\/2715"}],"wp:attachment":[{"href":"https:\/\/chocpiscine.com\/index.php?rest_route=%2Fwp%2Fv2%2Fmedia&parent=2685"}],"wp:term":[{"taxonomy":"product_brand","embeddable":true,"href":"https:\/\/chocpiscine.com\/index.php?rest_route=%2Fwp%2Fv2%2Fproduct_brand&post=2685"},{"taxonomy":"product_cat","embeddable":true,"href":"https:\/\/chocpiscine.com\/index.php?rest_route=%2Fwp%2Fv2%2Fproduct_cat&post=2685"},{"taxonomy":"product_tag","embeddable":true,"href":"https:\/\/chocpiscine.com\/index.php?rest_route=%2Fwp%2Fv2%2Fproduct_tag&post=2685"}],"curies":[{"name":"wp","href":"https:\/\/api.w.org\/{rel}","templated":true}]}}