{"id":2745,"date":"2024-03-27T11:23:11","date_gmt":"2024-03-27T10:23:11","guid":{"rendered":"https:\/\/chocpiscine.com\/?post_type=product&#038;p=2745"},"modified":"2024-03-27T11:23:33","modified_gmt":"2024-03-27T10:23:33","slug":"analyse-eau-kit-test-th-cr2j","status":"publish","type":"product","link":"https:\/\/chocpiscine.com\/?product=analyse-eau-kit-test-th-cr2j","title":{"rendered":"Analyse eau KIT TEST TH &#8211; CR2J"},"content":{"rendered":"<p>kit test th 2 r\u00e9actifs.<br \/>\n M\u00e9thode d&#8217;analyse<br \/>\nanalyse manuelle<\/p>\n<p>Type de produit<br \/>\n\u00e9prouvette<\/p>\n<p>Type de mesure<br \/>\nduret\u00e9<br \/>\n R\u00e9f.fabricant : 4101018144<\/p>\n","protected":false},"excerpt":{"rendered":"<p>kit test th 2 r\u00e9actifs. M\u00e9thode d&#8217;analyse analyse manuelle Type de produit \u00e9prouvette Type de mesure duret\u00e9 R\u00e9f.fabricant : 4101018144<\/p>\n","protected":false},"featured_media":2802,"comment_status":"open","ping_status":"closed","template":"","meta":{"site-sidebar-layout":"","site-content-layout":"","ast-site-content-layout":"","site-content-style":"","site-sidebar-style":"","ast-global-header-display":"","ast-banner-title-visibility":"","ast-main-header-display":"","ast-hfb-above-header-display":"","ast-hfb-below-header-display":"","ast-hfb-mobile-header-display":"","site-post-title":"","ast-breadcrumbs-content":"","ast-featured-img":"","footer-sml-layout":"","theme-transparent-header-meta":"","adv-header-id-meta":"","stick-header-meta":"","header-above-stick-meta":"","header-main-stick-meta":"","header-below-stick-meta":"","astra-migrate-meta-layouts":"","ast-page-background-enabled":"default","ast-page-background-meta":{"desktop":{"background-color":"var(--ast-global-color-4)","background-image":"","background-repeat":"repeat","background-position":"center center","background-size":"auto","background-attachment":"scroll","background-type":"","background-media":"","overlay-type":"","overlay-color":"","overlay-opacity":"","overlay-gradient":""},"tablet":{"background-color":"","background-image":"","background-repeat":"repeat","background-position":"center center","background-size":"auto","background-attachment":"scroll","background-type":"","background-media":"","overlay-type":"","overlay-color":"","overlay-opacity":"","overlay-gradient":""},"mobile":{"background-color":"","background-image":"","background-repeat":"repeat","background-position":"center center","background-size":"auto","background-attachment":"scroll","background-type":"","background-media":"","overlay-type":"","overlay-color":"","overlay-opacity":"","overlay-gradient":""}},"ast-content-background-meta":{"desktop":{"background-color":"var(--ast-global-color-5)","background-image":"","background-repeat":"repeat","background-position":"center center","background-size":"auto","background-attachment":"scroll","background-type":"","background-media":"","overlay-type":"","overlay-color":"","overlay-opacity":"","overlay-gradient":""},"tablet":{"background-color":"var(--ast-global-color-5)","background-image":"","background-repeat":"repeat","background-position":"center center","background-size":"auto","background-attachment":"scroll","background-type":"","background-media":"","overlay-type":"","overlay-color":"","overlay-opacity":"","overlay-gradient":""},"mobile":{"background-color":"var(--ast-global-color-5)","background-image":"","background-repeat":"repeat","background-position":"center center","background-size":"auto","background-attachment":"scroll","background-type":"","background-media":"","overlay-type":"","overlay-color":"","overlay-opacity":"","overlay-gradient":""}}},"product_brand":[],"product_cat":[62],"product_tag":[],"class_list":{"0":"post-2745","1":"product","2":"type-product","3":"status-publish","4":"has-post-thumbnail","6":"product_cat-trousses-danalyse-bandelettes-piscine","7":"desktop-align-left","8":"tablet-align-left","9":"mobile-align-left","11":"first","12":"instock","13":"shipping-taxable","14":"purchasable","15":"product-type-simple"},"jetpack_sharing_enabled":true,"_links":{"self":[{"href":"https:\/\/chocpiscine.com\/index.php?rest_route=\/wp\/v2\/product\/2745","targetHints":{"allow":["GET"]}}],"collection":[{"href":"https:\/\/chocpiscine.com\/index.php?rest_route=\/wp\/v2\/product"}],"about":[{"href":"https:\/\/chocpiscine.com\/index.php?rest_route=\/wp\/v2\/types\/product"}],"replies":[{"embeddable":true,"href":"https:\/\/chocpiscine.com\/index.php?rest_route=%2Fwp%2Fv2%2Fcomments&post=2745"}],"wp:featuredmedia":[{"embeddable":true,"href":"https:\/\/chocpiscine.com\/index.php?rest_route=\/wp\/v2\/media\/2802"}],"wp:attachment":[{"href":"https:\/\/chocpiscine.com\/index.php?rest_route=%2Fwp%2Fv2%2Fmedia&parent=2745"}],"wp:term":[{"taxonomy":"product_brand","embeddable":true,"href":"https:\/\/chocpiscine.com\/index.php?rest_route=%2Fwp%2Fv2%2Fproduct_brand&post=2745"},{"taxonomy":"product_cat","embeddable":true,"href":"https:\/\/chocpiscine.com\/index.php?rest_route=%2Fwp%2Fv2%2Fproduct_cat&post=2745"},{"taxonomy":"product_tag","embeddable":true,"href":"https:\/\/chocpiscine.com\/index.php?rest_route=%2Fwp%2Fv2%2Fproduct_tag&post=2745"}],"curies":[{"name":"wp","href":"https:\/\/api.w.org\/{rel}","templated":true}]}}