{"id":2791,"date":"2024-03-27T11:23:32","date_gmt":"2024-03-27T10:23:32","guid":{"rendered":"https:\/\/chocpiscine.com\/?post_type=product&#038;p=2791"},"modified":"2024-03-27T11:23:47","modified_gmt":"2024-03-27T10:23:47","slug":"bande-colaminee-plate-tole-pvc-c-x-0-05-m-albon","status":"publish","type":"product","link":"https:\/\/chocpiscine.com\/?product=bande-colaminee-plate-tole-pvc-c-x-0-05-m-albon","title":{"rendered":"Bande colamin\u00e9e plate t\u00f4le PVC C x 0.05 m &#8211; ALBON"},"content":{"rendered":"<p>T\u00f4le sp\u00e9ciale avec PVC colamin\u00e9 &#8211; 2&#215;0.05m (la pi\u00e8ce)<br \/>\n Type de pi\u00e8ce d\u00e9tach\u00e9e<br \/>\nbande colamine<\/p>\n<p>Gamme<br \/>\nliner<br \/>\npvc arm\u00e9e<\/p>\n<p>Mod\u00e8le<br \/>\nstandard<br \/>\n R\u00e9f.fabricant : HA0662053<\/p>\n","protected":false},"excerpt":{"rendered":"<p>T\u00f4le sp\u00e9ciale avec PVC colamin\u00e9 &#8211; 2&#215;0.05m (la pi\u00e8ce) Type de pi\u00e8ce d\u00e9tach\u00e9e bande colamine Gamme liner pvc arm\u00e9e Mod\u00e8le [&hellip;]<\/p>\n","protected":false},"featured_media":2820,"comment_status":"open","ping_status":"closed","template":"","meta":{"site-sidebar-layout":"","site-content-layout":"","ast-site-content-layout":"","site-content-style":"","site-sidebar-style":"","ast-global-header-display":"","ast-banner-title-visibility":"","ast-main-header-display":"","ast-hfb-above-header-display":"","ast-hfb-below-header-display":"","ast-hfb-mobile-header-display":"","site-post-title":"","ast-breadcrumbs-content":"","ast-featured-img":"","footer-sml-layout":"","theme-transparent-header-meta":"","adv-header-id-meta":"","stick-header-meta":"","header-above-stick-meta":"","header-main-stick-meta":"","header-below-stick-meta":"","astra-migrate-meta-layouts":"","ast-page-background-enabled":"default","ast-page-background-meta":{"desktop":{"background-color":"var(--ast-global-color-4)","background-image":"","background-repeat":"repeat","background-position":"center center","background-size":"auto","background-attachment":"scroll","background-type":"","background-media":"","overlay-type":"","overlay-color":"","overlay-opacity":"","overlay-gradient":""},"tablet":{"background-color":"","background-image":"","background-repeat":"repeat","background-position":"center center","background-size":"auto","background-attachment":"scroll","background-type":"","background-media":"","overlay-type":"","overlay-color":"","overlay-opacity":"","overlay-gradient":""},"mobile":{"background-color":"","background-image":"","background-repeat":"repeat","background-position":"center center","background-size":"auto","background-attachment":"scroll","background-type":"","background-media":"","overlay-type":"","overlay-color":"","overlay-opacity":"","overlay-gradient":""}},"ast-content-background-meta":{"desktop":{"background-color":"var(--ast-global-color-5)","background-image":"","background-repeat":"repeat","background-position":"center center","background-size":"auto","background-attachment":"scroll","background-type":"","background-media":"","overlay-type":"","overlay-color":"","overlay-opacity":"","overlay-gradient":""},"tablet":{"background-color":"var(--ast-global-color-5)","background-image":"","background-repeat":"repeat","background-position":"center center","background-size":"auto","background-attachment":"scroll","background-type":"","background-media":"","overlay-type":"","overlay-color":"","overlay-opacity":"","overlay-gradient":""},"mobile":{"background-color":"var(--ast-global-color-5)","background-image":"","background-repeat":"repeat","background-position":"center center","background-size":"auto","background-attachment":"scroll","background-type":"","background-media":"","overlay-type":"","overlay-color":"","overlay-opacity":"","overlay-gradient":""}}},"product_brand":[],"product_cat":[73],"product_tag":[],"class_list":{"0":"post-2791","1":"product","2":"type-product","3":"status-publish","4":"has-post-thumbnail","6":"product_cat-accessoires-pose-pvc-armes","7":"desktop-align-left","8":"tablet-align-left","9":"mobile-align-left","11":"first","12":"instock","13":"shipping-taxable","14":"purchasable","15":"product-type-simple"},"jetpack_sharing_enabled":true,"_links":{"self":[{"href":"https:\/\/chocpiscine.com\/index.php?rest_route=\/wp\/v2\/product\/2791","targetHints":{"allow":["GET"]}}],"collection":[{"href":"https:\/\/chocpiscine.com\/index.php?rest_route=\/wp\/v2\/product"}],"about":[{"href":"https:\/\/chocpiscine.com\/index.php?rest_route=\/wp\/v2\/types\/product"}],"replies":[{"embeddable":true,"href":"https:\/\/chocpiscine.com\/index.php?rest_route=%2Fwp%2Fv2%2Fcomments&post=2791"}],"wp:featuredmedia":[{"embeddable":true,"href":"https:\/\/chocpiscine.com\/index.php?rest_route=\/wp\/v2\/media\/2820"}],"wp:attachment":[{"href":"https:\/\/chocpiscine.com\/index.php?rest_route=%2Fwp%2Fv2%2Fmedia&parent=2791"}],"wp:term":[{"taxonomy":"product_brand","embeddable":true,"href":"https:\/\/chocpiscine.com\/index.php?rest_route=%2Fwp%2Fv2%2Fproduct_brand&post=2791"},{"taxonomy":"product_cat","embeddable":true,"href":"https:\/\/chocpiscine.com\/index.php?rest_route=%2Fwp%2Fv2%2Fproduct_cat&post=2791"},{"taxonomy":"product_tag","embeddable":true,"href":"https:\/\/chocpiscine.com\/index.php?rest_route=%2Fwp%2Fv2%2Fproduct_tag&post=2791"}],"curies":[{"name":"wp","href":"https:\/\/api.w.org\/{rel}","templated":true}]}}