{"id":2794,"date":"2024-03-27T11:23:32","date_gmt":"2024-03-27T10:23:32","guid":{"rendered":"https:\/\/chocpiscine.com\/?post_type=product&#038;p=2794"},"modified":"2024-03-27T11:23:49","modified_gmt":"2024-03-27T10:23:49","slug":"buse-plate-fente-coudee-20mm-leister-triac-leister","status":"publish","type":"product","link":"https:\/\/chocpiscine.com\/?product=buse-plate-fente-coudee-20mm-leister-triac-leister","title":{"rendered":"Buse plate fente coud\u00e9e 20MM LEISTER TRIAC &#8211; LEISTER"},"content":{"rendered":"<p>Cette buse \u00e0 chevauchement pour soufflerie d&#8217;air chaud d&#8217;un diam\u00e8tre de 1,24&#8221; est id\u00e9ale pour les travaux de r\u00e9paration d&#8217;une largeur de 0,79&#8221; pour les travaux de r\u00e9paration de b\u00e2ches de camion, d&#8217;autres b\u00e2ches et d&#8217;autres textiles techniques. Dans les tunnels et les d\u00e9charges, cette buse \u00e0 chevauchement angulaire est utilis\u00e9e pour effectuer des travaux de soudage par chevauchement dans des zones difficiles d&#8217;acc\u00e8s pour la machine \u00e0 souder. La buse \u00e0 chevauchement s&#8217;adapte sur les souffleries \u00e0 air chaud Leister telles que le TRIAC ST\/AT et le DIODE Pid.<br \/>\n Compatible avec (marque)<br \/>\nLeister<\/p>\n<p>Type d&#8217;accessoire<br \/>\nbuse<\/p>\n<p>Compatible avec (gamme)<br \/>\nTriac<\/p>\n<p>Compatible avec (mod\u00e8le)<br \/>\nTriac AT<br \/>\nTriac ST<br \/>\n R\u00e9f.fabricant : 107123<\/p>\n","protected":false},"excerpt":{"rendered":"<p>Cette buse \u00e0 chevauchement pour soufflerie d&#8217;air chaud d&#8217;un diam\u00e8tre de 1,24&#8221; est id\u00e9ale pour les travaux de r\u00e9paration d&#8217;une [&hellip;]<\/p>\n","protected":false},"featured_media":2823,"comment_status":"open","ping_status":"closed","template":"","meta":{"site-sidebar-layout":"","site-content-layout":"","ast-site-content-layout":"","site-content-style":"","site-sidebar-style":"","ast-global-header-display":"","ast-banner-title-visibility":"","ast-main-header-display":"","ast-hfb-above-header-display":"","ast-hfb-below-header-display":"","ast-hfb-mobile-header-display":"","site-post-title":"","ast-breadcrumbs-content":"","ast-featured-img":"","footer-sml-layout":"","theme-transparent-header-meta":"","adv-header-id-meta":"","stick-header-meta":"","header-above-stick-meta":"","header-main-stick-meta":"","header-below-stick-meta":"","astra-migrate-meta-layouts":"","ast-page-background-enabled":"default","ast-page-background-meta":{"desktop":{"background-color":"var(--ast-global-color-4)","background-image":"","background-repeat":"repeat","background-position":"center center","background-size":"auto","background-attachment":"scroll","background-type":"","background-media":"","overlay-type":"","overlay-color":"","overlay-opacity":"","overlay-gradient":""},"tablet":{"background-color":"","background-image":"","background-repeat":"repeat","background-position":"center center","background-size":"auto","background-attachment":"scroll","background-type":"","background-media":"","overlay-type":"","overlay-color":"","overlay-opacity":"","overlay-gradient":""},"mobile":{"background-color":"","background-image":"","background-repeat":"repeat","background-position":"center center","background-size":"auto","background-attachment":"scroll","background-type":"","background-media":"","overlay-type":"","overlay-color":"","overlay-opacity":"","overlay-gradient":""}},"ast-content-background-meta":{"desktop":{"background-color":"var(--ast-global-color-5)","background-image":"","background-repeat":"repeat","background-position":"center center","background-size":"auto","background-attachment":"scroll","background-type":"","background-media":"","overlay-type":"","overlay-color":"","overlay-opacity":"","overlay-gradient":""},"tablet":{"background-color":"var(--ast-global-color-5)","background-image":"","background-repeat":"repeat","background-position":"center center","background-size":"auto","background-attachment":"scroll","background-type":"","background-media":"","overlay-type":"","overlay-color":"","overlay-opacity":"","overlay-gradient":""},"mobile":{"background-color":"var(--ast-global-color-5)","background-image":"","background-repeat":"repeat","background-position":"center center","background-size":"auto","background-attachment":"scroll","background-type":"","background-media":"","overlay-type":"","overlay-color":"","overlay-opacity":"","overlay-gradient":""}}},"product_brand":[],"product_cat":[76],"product_tag":[],"class_list":{"0":"post-2794","1":"product","2":"type-product","3":"status-publish","4":"has-post-thumbnail","6":"product_cat-appareils-soudage-air-chaud","7":"desktop-align-left","8":"tablet-align-left","9":"mobile-align-left","11":"first","12":"instock","13":"shipping-taxable","14":"purchasable","15":"product-type-simple"},"jetpack_sharing_enabled":true,"_links":{"self":[{"href":"https:\/\/chocpiscine.com\/index.php?rest_route=\/wp\/v2\/product\/2794","targetHints":{"allow":["GET"]}}],"collection":[{"href":"https:\/\/chocpiscine.com\/index.php?rest_route=\/wp\/v2\/product"}],"about":[{"href":"https:\/\/chocpiscine.com\/index.php?rest_route=\/wp\/v2\/types\/product"}],"replies":[{"embeddable":true,"href":"https:\/\/chocpiscine.com\/index.php?rest_route=%2Fwp%2Fv2%2Fcomments&post=2794"}],"wp:featuredmedia":[{"embeddable":true,"href":"https:\/\/chocpiscine.com\/index.php?rest_route=\/wp\/v2\/media\/2823"}],"wp:attachment":[{"href":"https:\/\/chocpiscine.com\/index.php?rest_route=%2Fwp%2Fv2%2Fmedia&parent=2794"}],"wp:term":[{"taxonomy":"product_brand","embeddable":true,"href":"https:\/\/chocpiscine.com\/index.php?rest_route=%2Fwp%2Fv2%2Fproduct_brand&post=2794"},{"taxonomy":"product_cat","embeddable":true,"href":"https:\/\/chocpiscine.com\/index.php?rest_route=%2Fwp%2Fv2%2Fproduct_cat&post=2794"},{"taxonomy":"product_tag","embeddable":true,"href":"https:\/\/chocpiscine.com\/index.php?rest_route=%2Fwp%2Fv2%2Fproduct_tag&post=2794"}],"curies":[{"name":"wp","href":"https:\/\/api.w.org\/{rel}","templated":true}]}}