{"id":2833,"date":"2024-03-27T11:23:53","date_gmt":"2024-03-27T10:23:53","guid":{"rendered":"https:\/\/chocpiscine.com\/?post_type=product&#038;p=2833"},"modified":"2024-03-27T11:24:00","modified_gmt":"2024-03-27T10:24:00","slug":"filtercelan-tab-1kg-bayrol","status":"publish","type":"product","link":"https:\/\/chocpiscine.com\/?product=filtercelan-tab-1kg-bayrol","title":{"rendered":"Filtercelan TAB &#8211; 1kg &#8211; BAYROL"},"content":{"rendered":"<p>Forme : galet brevet\u00e9 de 200 g de chlore combin\u00e9s. Action : d\u00e9sinfection des filtres \u00e0 sable.<br \/>\nConseil d&#8217;emploi : mettre un galet directement dans le skimmer.<br \/>\nD\u00e9sinfection du filtre \u00e0 sable : 1 \u00e0 2 fois par an.<br \/>\nApplication fortement recommand\u00e9e lors de l\u2019ouverture du bassin et d\u00e8s que l\u2019on observe de fortes consommations de d\u00e9sinfectant ou des probl\u00e8mes de qualit\u00e9 d\u2019eau r\u00e9currents.<br \/>\nUtilisation : Filterclean Tab est un d\u00e9sinfectant puissant pour filtres \u00e0 sable.<\/p>\n<p>Ce galet sp\u00e9cial \u00e0 dissolution rapide (brevet BAYROL) \u00e9radique les impuret\u00e9s qui ne sont pas \u00e9limin\u00e9es par les simples lavages \u00e0 contre-courant.<br \/>\nFilterclean Tab est appropri\u00e9 pour les m\u00e9thodes d\u2019entretien au chlore, brome et oxyg\u00e8ne actif.<\/p>\n<p>Important : non compatible avec les filtres \u00e0 diatom\u00e9es et les filtres \u00e0 cartouches.<br \/>\nAction<br \/>\nd\u00e9tartrant filtre<\/p>\n<p>Forme<br \/>\ngalet<\/p>\n<p>Dosage<br \/>\ndosage manuel<\/p>\n<p>Contenance<br \/>\n1 kg<br \/>\nR\u00e9f.fabricant : 2113117<\/p>\n","protected":false},"excerpt":{"rendered":"<p>Forme : galet brevet\u00e9 de 200 g de chlore combin\u00e9s. Action : d\u00e9sinfection des filtres \u00e0 sable. Conseil d&#8217;emploi : [&hellip;]<\/p>\n","protected":false},"featured_media":2863,"comment_status":"open","ping_status":"closed","template":"","meta":{"site-sidebar-layout":"default","site-content-layout":"","ast-site-content-layout":"default","site-content-style":"default","site-sidebar-style":"default","ast-global-header-display":"","ast-banner-title-visibility":"","ast-main-header-display":"","ast-hfb-above-header-display":"","ast-hfb-below-header-display":"","ast-hfb-mobile-header-display":"","site-post-title":"","ast-breadcrumbs-content":"","ast-featured-img":"","footer-sml-layout":"","theme-transparent-header-meta":"default","adv-header-id-meta":"","stick-header-meta":"","header-above-stick-meta":"","header-main-stick-meta":"","header-below-stick-meta":"","astra-migrate-meta-layouts":"set","ast-page-background-enabled":"default","ast-page-background-meta":{"desktop":{"background-color":"var(--ast-global-color-4)","background-image":"","background-repeat":"repeat","background-position":"center center","background-size":"auto","background-attachment":"scroll","background-type":"","background-media":"","overlay-type":"","overlay-color":"","overlay-opacity":"","overlay-gradient":""},"tablet":{"background-color":"","background-image":"","background-repeat":"repeat","background-position":"center center","background-size":"auto","background-attachment":"scroll","background-type":"","background-media":"","overlay-type":"","overlay-color":"","overlay-opacity":"","overlay-gradient":""},"mobile":{"background-color":"","background-image":"","background-repeat":"repeat","background-position":"center center","background-size":"auto","background-attachment":"scroll","background-type":"","background-media":"","overlay-type":"","overlay-color":"","overlay-opacity":"","overlay-gradient":""}},"ast-content-background-meta":{"desktop":{"background-color":"var(--ast-global-color-5)","background-image":"","background-repeat":"repeat","background-position":"center center","background-size":"auto","background-attachment":"scroll","background-type":"","background-media":"","overlay-type":"","overlay-color":"","overlay-opacity":"","overlay-gradient":""},"tablet":{"background-color":"var(--ast-global-color-5)","background-image":"","background-repeat":"repeat","background-position":"center center","background-size":"auto","background-attachment":"scroll","background-type":"","background-media":"","overlay-type":"","overlay-color":"","overlay-opacity":"","overlay-gradient":""},"mobile":{"background-color":"var(--ast-global-color-5)","background-image":"","background-repeat":"repeat","background-position":"center center","background-size":"auto","background-attachment":"scroll","background-type":"","background-media":"","overlay-type":"","overlay-color":"","overlay-opacity":"","overlay-gradient":""}}},"product_brand":[],"product_cat":[20],"product_tag":[],"class_list":{"0":"post-2833","1":"product","2":"type-product","3":"status-publish","4":"has-post-thumbnail","6":"product_cat-hivernage","7":"desktop-align-left","8":"tablet-align-left","9":"mobile-align-left","11":"first","12":"instock","13":"sale","14":"shipping-taxable","15":"purchasable","16":"product-type-simple"},"jetpack_sharing_enabled":true,"_links":{"self":[{"href":"https:\/\/chocpiscine.com\/index.php?rest_route=\/wp\/v2\/product\/2833","targetHints":{"allow":["GET"]}}],"collection":[{"href":"https:\/\/chocpiscine.com\/index.php?rest_route=\/wp\/v2\/product"}],"about":[{"href":"https:\/\/chocpiscine.com\/index.php?rest_route=\/wp\/v2\/types\/product"}],"replies":[{"embeddable":true,"href":"https:\/\/chocpiscine.com\/index.php?rest_route=%2Fwp%2Fv2%2Fcomments&post=2833"}],"wp:featuredmedia":[{"embeddable":true,"href":"https:\/\/chocpiscine.com\/index.php?rest_route=\/wp\/v2\/media\/2863"}],"wp:attachment":[{"href":"https:\/\/chocpiscine.com\/index.php?rest_route=%2Fwp%2Fv2%2Fmedia&parent=2833"}],"wp:term":[{"taxonomy":"product_brand","embeddable":true,"href":"https:\/\/chocpiscine.com\/index.php?rest_route=%2Fwp%2Fv2%2Fproduct_brand&post=2833"},{"taxonomy":"product_cat","embeddable":true,"href":"https:\/\/chocpiscine.com\/index.php?rest_route=%2Fwp%2Fv2%2Fproduct_cat&post=2833"},{"taxonomy":"product_tag","embeddable":true,"href":"https:\/\/chocpiscine.com\/index.php?rest_route=%2Fwp%2Fv2%2Fproduct_tag&post=2833"}],"curies":[{"name":"wp","href":"https:\/\/api.w.org\/{rel}","templated":true}]}}