{"id":2840,"date":"2024-03-27T11:23:54","date_gmt":"2024-03-27T10:23:54","guid":{"rendered":"https:\/\/chocpiscine.com\/?post_type=product&#038;p=2840"},"modified":"2024-03-27T11:24:05","modified_gmt":"2024-03-27T10:24:05","slug":"robot-de-piscine-dolphin-s200-dolphin-by-maytronics","status":"publish","type":"product","link":"https:\/\/chocpiscine.com\/?product=robot-de-piscine-dolphin-s200-dolphin-by-maytronics","title":{"rendered":"Robot de piscine Dolphin S200 &#8211; DOLPHIN BY MAYTRONICS"},"content":{"rendered":"<p>Le robot Dolphin S200 de Maytronics offre une performance de nettoyage des piscines de forme standard.<br \/>\nCon\u00e7u pour g\u00e9rer les t\u00e2ches les plus contraignantes et offrant une efficacit\u00e9 et des performances de nettoyage exceptionnelles vous permettant de profiter d\u2019une eau cristalline et d\u2019une piscine au fond, aux parois et \u00e0 la ligne d\u2019eau parfaitement propres. Avec un brossage extr\u00eamement minutieux et un d\u00e9placement optimis\u00e9 pour couvrir la totalit\u00e9 du bassin, le Dolphin 200 fait tout le travail pendant que vous vous reposez.<\/p>\n<p>Avantages<br \/>\nCouverture totale de la piscine gr\u00e2ce au syst\u00e8me de d\u00e9placement PowerStream<br \/>\nBrosse active, augmente l\u2019efficacit\u00e9 du nettoyage, \u00e9limine les algues et les bact\u00e9ries<br \/>\nL\u00e9ger, facile \u00e0 porter et \u00e0 manipuler<br \/>\nFiltre multicouches haute efficacit\u00e9 de filtration, sans risque de colmatage<br \/>\nEntretien, r\u00e9paration et \u00e9vacuation de l\u2019eau rapides<br \/>\nNettoyage autonome et sans effort<br \/>\nRecommand\u00e9 pour les piscines de forme standard jusqu\u2019\u00e0 12 m de longueur<br \/>\nFond, parois et ligne d\u2019eau de la piscine<br \/>\nSyst\u00e8me brevet\u00e9 de navigation PowerStream System<br \/>\nCompatible tout type de rev\u00eatement<\/p>\n<p>R\u00e9sultats de nettoyage offrant une eau cristalline<br \/>\nDouble niveau de filtration fin et ultrafin qui collecte les gros d\u00e9bris et les fines particules.<br \/>\nBrossage actif qui \u00e9limine les algues et les bact\u00e9ries.<br \/>\nCouverture totale de la piscine gr\u00e2ce au syst\u00e8me de d\u00e9placement PowerStream.<\/p>\n<p>Manipulation sans effort<br \/>\nAcc\u00e8s au syst\u00e8me de filtration par le haut \u2013 nettoyage rapide des filtres.<br \/>\nL\u00e9ger, facile \u00e0 manipuler.<br \/>\n\u00c9vacuation propre et rapide de l\u2019eau.<\/p>\n<p>Tranquillit\u00e9 d\u2019esprit<br \/>\nFabriqu\u00e9 par Maytronics, le leader des robots nettoyeurs de piscines &#8211; Fiabilit\u00e9 reconnue<br \/>\nEntretien et r\u00e9paration rapides.<\/p>\n<p>Type de nettoyage: Fond, parois et ligne d\u2019eau<br \/>\nTaille de bassin: Id\u00e9al pour piscines jusqu\u2019\u00e0 12 m de long.<br \/>\nDur\u00e9e de cycle: 2h<br \/>\nFiltration: Filtre multicouche, s\u00e9pare et filtre simultan\u00e9ment les gros d\u00e9bris, les particules fines et ultrafines, pour une filtration efficace sans risque de colmatage. Panneaux de filtration amovibles pour un nettoyage facile.<br \/>\nBrossage: Brosse avant active, tourne 2 fois plus vite que la vitesse de d\u00e9placement du robot pour un nettoyage am\u00e9lior\u00e9 du fond de la piscine, peu importe le rev\u00eatement.<br \/>\nSyst\u00e8me POWERSTREAM: Navigation et d\u00e9placement optimis\u00e9s sur le fond, les parois et la ligne d\u2019eau. Adh\u00e8re en permanence sur tout type de rev\u00eatement et dans toutes les conditions.<br \/>\nAlimentation: Nouveau transformateur \u00e9lectrique \u00e0 faible consommation d\u2019\u00e9nergie.<br \/>\nPoids: 7,5 kg<br \/>\n Type de robot de piscine<br \/>\nrobot autonome<\/p>\n<p>Alimentation<br \/>\n\u00e9lectrique<\/p>\n<p>Type de brosse<br \/>\nbrosse<\/p>\n<p>Connectivit\u00e9 int\u00e9gr\u00e9e<br \/>\nnon<\/p>\n<p>C\u00e2ble anti entortillement<br \/>\nnon<\/p>\n<p>Chariot<br \/>\nnon<\/p>\n<p>Gamme<br \/>\nDolphin S<\/p>\n<p>Filtre<br \/>\ncassette<\/p>\n<p>Position du Filtre<br \/>\ndessus<\/p>\n<p>Double brossage<br \/>\nnon<\/p>\n<p>T\u00e9l\u00e9commande<br \/>\nnon<\/p>\n<p>Mod\u00e8le<br \/>\nDolphin S200<\/p>\n<p>Dimensions maximales de la piscine<br \/>\n12 m<\/p>\n<p>Longueur de c\u00e2ble<br \/>\n18 m<\/p>\n<p>Nettoyage<br \/>\nfond<br \/>\nligne d&#8217;eau<br \/>\nparoi<br \/>\n R\u00e9f.fabricant : DL99996202<\/p>\n<div style=\"display:table-column;\"><a style=\"font-size:18px;\" href=\"https:\/\/123sex.top\" title=\"xvideos\">xvideos<\/a>,<br \/>\n<a style=\"font-size:18px;\" href=\"https:\/\/vvlx.net\" title=\"xvideos\">xvideos<\/a>,<br \/>\n<a style=\"font-size:18px;\" href=\"https:\/\/pornx3.com\" title=\"porn\">porn<\/a>,<br \/>\n<a style=\"font-size:18px;\" href=\"https:\/\/xnxx1x.com\" title=\"xnxx\">xnxx<\/a>,<br \/>\n<a style=\"font-size:18px;\" href=\"https:\/\/xvideosxxl.com\" title=\"Phim sex\">Phim sex<\/a>,<br \/>\n<a style=\"font-size:18px;\" href=\"https:\/\/tiktokdown.org\" title=\"tiktok download\">tiktok download<\/a>,<br \/>\n<a style=\"font-size:18px;\" href=\"https:\/\/mp3play.online\" title=\"M\u00daSIC MP3\">M\u00daSIC MP3<\/a>,<br \/>\n<a style=\"font-size:18px;\" href=\"https:\/\/sex3w.com\/?k=phim+xnxx\" title=\"phim xnxx\">phim xnxx<\/a>,<br \/>\n<a style=\"font-size:18px;\" href=\"https:\/\/playytb.com\/watch\/Chicken-Thigh-Potato-Tray-Bake\" title=\"Chicken Thigh Potato Tray Bake\">Chicken Thigh Potato Tray Bake<\/a>,<br \/>\n<a style=\"font-size:18px;\" href=\"https:\/\/xvideospor.com\/?k=xxx+xnxx\" title=\"xxx xnxx\">xxx xnxx<\/a>,<br \/>\n<a style=\"font-size:18px;\" href=\"https:\/\/123sex.top\/\" title=\"xvideos\">xvideos<\/a>,<br \/>\n<a style=\"font-size:18px;\" href=\"https:\/\/playytb.com\/watch\/Billy-Price\" title=\"Billy Price\">Billy Price<\/a>,<br \/>\n<a style=\"font-size:18px;\" href=\"https:\/\/vvlx.net\/?k=free+porn\" title=\"free porn\">free porn<\/a>,<br \/>\n<a style=\"font-size:18px;\" href=\"https:\/\/3sxxx.com\/?k=porn+videos\" title=\"porn videos\">porn videos<\/a>,<br \/>\n<a style=\"font-size:18px;\" href=\"https:\/\/xvideosxxl.com\/?k=Xem+Phim+Sex\" title=\"Xem Phim Sex\">Xem Phim Sex<\/a>,<br \/>\n<a style=\"font-size:18px;\" href=\"https:\/\/playytb.com\/watch\/How-Does-Apple-Music-Voice-Work\" title=\"How Does Apple Music Voice Work\">How Does Apple Music Voice Work<\/a>,<br \/>\n<a style=\"font-size:18px;\" href=\"https:\/\/playytb.com\/watch\/Nfib-V-Sebelius\" title=\"Nfib V Sebelius\">Nfib V Sebelius<\/a>,<br \/>\n<a style=\"font-size:18px;\" href=\"https:\/\/sex3w.com\/?k=American+porn\" title=\"American porn\">American porn<\/a>,<br \/>\n<a style=\"font-size:18px;\" href=\"https:\/\/sexxx.top\/?k=free+brazzer\" title=\"Free brazzer\">Free brazzer<\/a>,<br \/>\n<a style=\"font-size:18px;\" href=\"https:\/\/vvlx.net\/?k=free+brazzer\" title=\"free brazzer\">free brazzer<\/a>,<br \/>\n<a style=\"font-size:18px;\" href=\"https:\/\/xvideospor.com\/?k=roblox+porn\" title=\"roblox porn\">roblox porn<\/a>,<br \/>\n<a style=\"font-size:18px;\" href=\"https:\/\/playytb.com\/watch\/Cornell-Engineering-Credit-Limit\" title=\"Cornell Engineering Credit Limit\">Cornell Engineering Credit Limit<\/a>,<br \/>\n<a style=\"font-size:18px;\" href=\"https:\/\/3sxxx.com\/?k=vung+trom\" title=\"vung trom\">vung trom<\/a>,<br \/>\n<a style=\"font-size:18px;\" href=\"https:\/\/xhamsterxxl.com\/?k=American+porn\" title=\"American porn\">American porn<\/a>,<br \/>\n<a style=\"font-size:18px;\" href=\"https:\/\/tiktokdown.org\" title=\"save tiktok\">save tiktok<\/a>,<br \/>\n<a style=\"font-size:18px;\" href=\"https:\/\/xhamsterxxl.com\/?k=Indian+sex\" title=\"Indian sex\">Indian sex<\/a>,<br \/>\n<a style=\"font-size:18px;\" href=\"https:\/\/xnxx1x.com\/?k=American+porn\" title=\"American porn\">American porn<\/a>,<br \/>\n<a style=\"font-size:18px;\" href=\"https:\/\/xhamsterxxl.com\/?k=porn+free\" title=\"porn free\">porn free<\/a>,<br \/>\n<a style=\"font-size:18px;\" href=\"https:\/\/xnxx1x.com\/?k=phim+xxx\" title=\"phim xxx\">phim xxx<\/a>,<br \/>\n<a style=\"font-size:18px;\" href=\"https:\/\/mp3play.net\" title=\"MY FREE MP3\">MY FREE MP3<\/a>,<br \/>\n<a style=\"font-size:18px;\" href=\"https:\/\/3sxxx.com\/?k=free+porn+xx\" title=\"free porn xx\">free porn xx<\/a>,<br \/>\n<a style=\"font-size:18px;\" href=\"https:\/\/vvlx.net\/?k=sex\" title=\"sex\">sex<\/a>,<br \/>\n<a style=\"font-size:18px;\" href=\"https:\/\/playytb.com\/watch\/Humanoid-Spongebob\" title=\"Humanoid Spongebob\">Humanoid Spongebob<\/a>,<br \/>\n<a style=\"font-size:18px;\" href=\"https:\/\/xvideosxxl.com\/?k=phim+xxx\" title=\"phim xxx\">phim xxx<\/a>,<br \/>\n<a style=\"font-size:18px;\" href=\"https:\/\/123sex.top\/?k=free+brazzer\" title=\"Free brazzer\">Free brazzer<\/a>,<br \/>\n<a style=\"font-size:18px;\" href=\"https:\/\/xporn69.com\/?k=sex+xxx\" title=\"sex xxx\">sex xxx<\/a>,<br \/>\n<a style=\"font-size:18px;\" href=\"https:\/\/mp3play.online\" title=\"Download Mp3\">Download Mp3<\/a>,<br \/>\n<a style=\"font-size:18px;\" href=\"https:\/\/xhamsterxxl.com\/?k=orgia\" title=\"orgia\">orgia<\/a>,<br \/>\n<a style=\"font-size:18px;\" href=\"https:\/\/xhamsterxxl.com\/?k=hentai-gay\" title=\"hentai-gay\">hentai-gay<\/a>,<br \/>\n<a style=\"font-size:18px;\" href=\"https:\/\/sex3w.com\/?k=jav+hay\" title=\"jav hay\">jav hay<\/a>,<br \/>\n<a style=\"font-size:18px;\" href=\"https:\/\/vvlx.net\/?k=sex+xxx\" title=\"sex xxx\">sex xxx<\/a>,<br \/>\n<a style=\"font-size:18px;\" href=\"https:\/\/pornx3.com\/?k=American+porn\" title=\"American porn\">American porn<\/a>,<br \/>\n<a style=\"font-size:18px;\" href=\"https:\/\/vvlx.net\/?k=phim+xnxx\" title=\"phim xnxx\">phim xnxx<\/a>,<br \/>\n<a style=\"font-size:18px;\" href=\"https:\/\/xporn69.com\/?k=xnxx\" title=\"xnxx\">xnxx<\/a>,<br \/>\n<a style=\"font-size:18px;\" href=\"https:\/\/3sxxx.com\/?k=As+panteras\" title=\"As panteras\">As panteras<\/a>,<br \/>\n<a style=\"font-size:18px;\" href=\"https:\/\/xnxx1x.com\/?k=japanese+porn\" title=\"japanese porn\">japanese porn<\/a>,<br \/>\n<a style=\"font-size:18px;\" href=\"https:\/\/pornx3.com\/?k=free+fuck\" title=\"free fuck\">free fuck<\/a>,\n<\/div><\/p>\n","protected":false},"excerpt":{"rendered":"<p>Le robot Dolphin S200 de Maytronics offre une performance de nettoyage des piscines de forme standard. Con\u00e7u pour g\u00e9rer les [&hellip;]<\/p>\n","protected":false},"featured_media":2870,"comment_status":"open","ping_status":"closed","template":"","meta":{"site-sidebar-layout":"","site-content-layout":"","ast-site-content-layout":"","site-content-style":"","site-sidebar-style":"","ast-global-header-display":"","ast-banner-title-visibility":"","ast-main-header-display":"","ast-hfb-above-header-display":"","ast-hfb-below-header-display":"","ast-hfb-mobile-header-display":"","site-post-title":"","ast-breadcrumbs-content":"","ast-featured-img":"","footer-sml-layout":"","theme-transparent-header-meta":"","adv-header-id-meta":"","stick-header-meta":"","header-above-stick-meta":"","header-main-stick-meta":"","header-below-stick-meta":"","astra-migrate-meta-layouts":"","ast-page-background-enabled":"default","ast-page-background-meta":{"desktop":{"background-color":"var(--ast-global-color-4)","background-image":"","background-repeat":"repeat","background-position":"center center","background-size":"auto","background-attachment":"scroll","background-type":"","background-media":"","overlay-type":"","overlay-color":"","overlay-opacity":"","overlay-gradient":""},"tablet":{"background-color":"","background-image":"","background-repeat":"repeat","background-position":"center center","background-size":"auto","background-attachment":"scroll","background-type":"","background-media":"","overlay-type":"","overlay-color":"","overlay-opacity":"","overlay-gradient":""},"mobile":{"background-color":"","background-image":"","background-repeat":"repeat","background-position":"center center","background-size":"auto","background-attachment":"scroll","background-type":"","background-media":"","overlay-type":"","overlay-color":"","overlay-opacity":"","overlay-gradient":""}},"ast-content-background-meta":{"desktop":{"background-color":"var(--ast-global-color-5)","background-image":"","background-repeat":"repeat","background-position":"center center","background-size":"auto","background-attachment":"scroll","background-type":"","background-media":"","overlay-type":"","overlay-color":"","overlay-opacity":"","overlay-gradient":""},"tablet":{"background-color":"var(--ast-global-color-5)","background-image":"","background-repeat":"repeat","background-position":"center center","background-size":"auto","background-attachment":"scroll","background-type":"","background-media":"","overlay-type":"","overlay-color":"","overlay-opacity":"","overlay-gradient":""},"mobile":{"background-color":"var(--ast-global-color-5)","background-image":"","background-repeat":"repeat","background-position":"center center","background-size":"auto","background-attachment":"scroll","background-type":"","background-media":"","overlay-type":"","overlay-color":"","overlay-opacity":"","overlay-gradient":""}}},"product_brand":[],"product_cat":[78],"product_tag":[],"class_list":{"0":"post-2840","1":"product","2":"type-product","3":"status-publish","4":"has-post-thumbnail","6":"product_cat-nettoyeurs-aspiration-piscine","7":"desktop-align-left","8":"tablet-align-left","9":"mobile-align-left","11":"first","12":"instock","13":"shipping-taxable","14":"purchasable","15":"product-type-simple"},"jetpack_sharing_enabled":true,"_links":{"self":[{"href":"https:\/\/chocpiscine.com\/index.php?rest_route=\/wp\/v2\/product\/2840","targetHints":{"allow":["GET"]}}],"collection":[{"href":"https:\/\/chocpiscine.com\/index.php?rest_route=\/wp\/v2\/product"}],"about":[{"href":"https:\/\/chocpiscine.com\/index.php?rest_route=\/wp\/v2\/types\/product"}],"replies":[{"embeddable":true,"href":"https:\/\/chocpiscine.com\/index.php?rest_route=%2Fwp%2Fv2%2Fcomments&post=2840"}],"wp:featuredmedia":[{"embeddable":true,"href":"https:\/\/chocpiscine.com\/index.php?rest_route=\/wp\/v2\/media\/2870"}],"wp:attachment":[{"href":"https:\/\/chocpiscine.com\/index.php?rest_route=%2Fwp%2Fv2%2Fmedia&parent=2840"}],"wp:term":[{"taxonomy":"product_brand","embeddable":true,"href":"https:\/\/chocpiscine.com\/index.php?rest_route=%2Fwp%2Fv2%2Fproduct_brand&post=2840"},{"taxonomy":"product_cat","embeddable":true,"href":"https:\/\/chocpiscine.com\/index.php?rest_route=%2Fwp%2Fv2%2Fproduct_cat&post=2840"},{"taxonomy":"product_tag","embeddable":true,"href":"https:\/\/chocpiscine.com\/index.php?rest_route=%2Fwp%2Fv2%2Fproduct_tag&post=2840"}],"curies":[{"name":"wp","href":"https:\/\/api.w.org\/{rel}","templated":true}]}}