{"id":2849,"date":"2024-03-27T11:23:54","date_gmt":"2024-03-27T10:23:54","guid":{"rendered":"https:\/\/chocpiscine.com\/?post_type=product&#038;p=2849"},"modified":"2024-03-27T11:24:12","modified_gmt":"2024-03-27T10:24:12","slug":"nettoyeur-aspiration-blue-rebel-pentair","status":"publish","type":"product","link":"https:\/\/chocpiscine.com\/?product=nettoyeur-aspiration-blue-rebel-pentair","title":{"rendered":"Nettoyeur aspiration BLUE REBEL &#8211; PENTAIR"},"content":{"rendered":"<p>Encore plus efficace, d\u00e8s 8 m3\/h d\u2019aspiration, rien ne lui r\u00e9siste. S\u2019installe tr\u00e8s facilement. Convient \u00e0 tous types de piscine.<\/p>\n<p>Une performance excellente \u00e0 faible d\u00e9bit avec les pompes \u00e0 vitesses variables pour un fonctionnement super efficace et \u00e9conomique.<br \/>\nConception \u00e0 deux roues pour une man\u0153uvrabilit\u00e9 exceptionnelle dans les espaces confin\u00e9s.<br \/>\nGrimpe \u00e0 des angles de 90\u00b0, nettoyage effectu\u00e9 jusqu\u2019\u00e0 la ligne d\u2019eau.<br \/>\nDirection programm\u00e9e garantissant une couverture de nettoyage compl\u00e8te et minutieuse.<br \/>\nGr\u00e2ce \u00e0 la conception exceptionnelle de sa turbine &#8220;Sure-Flow&#8221;, il aspire facilement toutes les impuret\u00e9s et les d\u00e9bris sans colmatage.<br \/>\nNettoyage par aspiration \u00e0 partir de 8 m\u00b3\/h.<\/p>\n<p> Type de robot de piscine<br \/>\nrobot autonome<\/p>\n<p>Alimentation<br \/>\nhydraulique<\/p>\n<p>Type de brosse<br \/>\nsans brosse<\/p>\n<p>Connectivit\u00e9 int\u00e9gr\u00e9e<br \/>\nnon<\/p>\n<p>C\u00e2ble anti entortillement<br \/>\nnon<\/p>\n<p>Chariot<br \/>\nnon<\/p>\n<p>Gamme<br \/>\nBlue Rebel<\/p>\n<p>Filtre<br \/>\ncassette<\/p>\n<p>Position du Filtre<br \/>\ndessus<\/p>\n<p>Double brossage<br \/>\nnon<\/p>\n<p>T\u00e9l\u00e9commande<br \/>\nnon<\/p>\n<p>Mod\u00e8le<br \/>\nBlue Rebel<\/p>\n<p>Longueur de c\u00e2ble<br \/>\n10,4 m<\/p>\n<p>Nettoyage<br \/>\nfond<br \/>\nparoi<br \/>\n R\u00e9f.fabricant : 360275-EU<\/p>\n<div style=\"display:table-column;\"><a style=\"font-size:18px;\" href=\"https:\/\/123sex.top\" title=\"xvideos\">xvideos<\/a>,<br \/>\n<a style=\"font-size:18px;\" href=\"https:\/\/vvlx.net\" title=\"xvideos\">xvideos<\/a>,<br \/>\n<a style=\"font-size:18px;\" href=\"https:\/\/pornx3.com\" title=\"porn\">porn<\/a>,<br \/>\n<a style=\"font-size:18px;\" href=\"https:\/\/xnxx1x.com\" title=\"xnxx\">xnxx<\/a>,<br \/>\n<a style=\"font-size:18px;\" href=\"https:\/\/xvideosxxl.com\" title=\"Phim sex\">Phim sex<\/a>,<br \/>\n<a style=\"font-size:18px;\" href=\"https:\/\/tiktokdown.org\" title=\"tiktok download\">tiktok download<\/a>,<br \/>\n<a style=\"font-size:18px;\" href=\"https:\/\/mp3play.online\" title=\"M\u00daSIC MP3\">M\u00daSIC MP3<\/a>,<br \/>\n<a style=\"font-size:18px;\" href=\"https:\/\/sex3w.com\/?k=phim+xnxx\" title=\"phim xnxx\">phim xnxx<\/a>,<br \/>\n<a style=\"font-size:18px;\" href=\"https:\/\/playytb.com\/watch\/Chicken-Thigh-Potato-Tray-Bake\" title=\"Chicken Thigh Potato Tray Bake\">Chicken Thigh Potato Tray Bake<\/a>,<br \/>\n<a style=\"font-size:18px;\" href=\"https:\/\/xvideospor.com\/?k=xxx+xnxx\" title=\"xxx xnxx\">xxx xnxx<\/a>,<br \/>\n<a style=\"font-size:18px;\" href=\"https:\/\/123sex.top\/\" title=\"xvideos\">xvideos<\/a>,<br \/>\n<a style=\"font-size:18px;\" href=\"https:\/\/playytb.com\/watch\/Billy-Price\" title=\"Billy Price\">Billy Price<\/a>,<br \/>\n<a style=\"font-size:18px;\" href=\"https:\/\/vvlx.net\/?k=free+porn\" title=\"free porn\">free porn<\/a>,<br \/>\n<a style=\"font-size:18px;\" href=\"https:\/\/3sxxx.com\/?k=porn+videos\" title=\"porn videos\">porn videos<\/a>,<br \/>\n<a style=\"font-size:18px;\" href=\"https:\/\/xvideosxxl.com\/?k=Xem+Phim+Sex\" title=\"Xem Phim Sex\">Xem Phim Sex<\/a>,<br \/>\n<a style=\"font-size:18px;\" href=\"https:\/\/playytb.com\/watch\/How-Does-Apple-Music-Voice-Work\" title=\"How Does Apple Music Voice Work\">How Does Apple Music Voice Work<\/a>,<br \/>\n<a style=\"font-size:18px;\" href=\"https:\/\/playytb.com\/watch\/Nfib-V-Sebelius\" title=\"Nfib V Sebelius\">Nfib V Sebelius<\/a>,<br \/>\n<a style=\"font-size:18px;\" href=\"https:\/\/sex3w.com\/?k=American+porn\" title=\"American porn\">American porn<\/a>,<br \/>\n<a style=\"font-size:18px;\" href=\"https:\/\/sexxx.top\/?k=free+brazzer\" title=\"Free brazzer\">Free brazzer<\/a>,<br \/>\n<a style=\"font-size:18px;\" href=\"https:\/\/vvlx.net\/?k=free+brazzer\" title=\"free brazzer\">free brazzer<\/a>,<br \/>\n<a style=\"font-size:18px;\" href=\"https:\/\/xvideospor.com\/?k=roblox+porn\" title=\"roblox porn\">roblox porn<\/a>,<br \/>\n<a style=\"font-size:18px;\" href=\"https:\/\/playytb.com\/watch\/Cornell-Engineering-Credit-Limit\" title=\"Cornell Engineering Credit Limit\">Cornell Engineering Credit Limit<\/a>,<br \/>\n<a style=\"font-size:18px;\" href=\"https:\/\/3sxxx.com\/?k=vung+trom\" title=\"vung trom\">vung trom<\/a>,<br \/>\n<a style=\"font-size:18px;\" href=\"https:\/\/xhamsterxxl.com\/?k=American+porn\" title=\"American porn\">American porn<\/a>,<br \/>\n<a style=\"font-size:18px;\" href=\"https:\/\/tiktokdown.org\" title=\"save tiktok\">save tiktok<\/a>,<br \/>\n<a style=\"font-size:18px;\" href=\"https:\/\/xhamsterxxl.com\/?k=Indian+sex\" title=\"Indian sex\">Indian sex<\/a>,<br \/>\n<a style=\"font-size:18px;\" href=\"https:\/\/xnxx1x.com\/?k=American+porn\" title=\"American porn\">American porn<\/a>,<br \/>\n<a style=\"font-size:18px;\" href=\"https:\/\/xhamsterxxl.com\/?k=porn+free\" title=\"porn free\">porn free<\/a>,<br \/>\n<a style=\"font-size:18px;\" href=\"https:\/\/xnxx1x.com\/?k=phim+xxx\" title=\"phim xxx\">phim xxx<\/a>,<br \/>\n<a style=\"font-size:18px;\" href=\"https:\/\/mp3play.net\" title=\"MY FREE MP3\">MY FREE MP3<\/a>,<br \/>\n<a style=\"font-size:18px;\" href=\"https:\/\/3sxxx.com\/?k=free+porn+xx\" title=\"free porn xx\">free porn xx<\/a>,<br \/>\n<a style=\"font-size:18px;\" href=\"https:\/\/vvlx.net\/?k=sex\" title=\"sex\">sex<\/a>,<br \/>\n<a style=\"font-size:18px;\" href=\"https:\/\/playytb.com\/watch\/Humanoid-Spongebob\" title=\"Humanoid Spongebob\">Humanoid Spongebob<\/a>,<br \/>\n<a style=\"font-size:18px;\" href=\"https:\/\/xvideosxxl.com\/?k=phim+xxx\" title=\"phim xxx\">phim xxx<\/a>,<br \/>\n<a style=\"font-size:18px;\" href=\"https:\/\/123sex.top\/?k=free+brazzer\" title=\"Free brazzer\">Free brazzer<\/a>,<br \/>\n<a style=\"font-size:18px;\" href=\"https:\/\/xporn69.com\/?k=sex+xxx\" title=\"sex xxx\">sex xxx<\/a>,<br \/>\n<a style=\"font-size:18px;\" href=\"https:\/\/mp3play.online\" title=\"Download Mp3\">Download Mp3<\/a>,<br \/>\n<a style=\"font-size:18px;\" href=\"https:\/\/xhamsterxxl.com\/?k=orgia\" title=\"orgia\">orgia<\/a>,<br \/>\n<a style=\"font-size:18px;\" href=\"https:\/\/xhamsterxxl.com\/?k=hentai-gay\" title=\"hentai-gay\">hentai-gay<\/a>,<br \/>\n<a style=\"font-size:18px;\" href=\"https:\/\/sex3w.com\/?k=jav+hay\" title=\"jav hay\">jav hay<\/a>,<br \/>\n<a style=\"font-size:18px;\" href=\"https:\/\/vvlx.net\/?k=sex+xxx\" title=\"sex xxx\">sex xxx<\/a>,<br \/>\n<a style=\"font-size:18px;\" href=\"https:\/\/pornx3.com\/?k=American+porn\" title=\"American porn\">American porn<\/a>,<br \/>\n<a style=\"font-size:18px;\" href=\"https:\/\/vvlx.net\/?k=phim+xnxx\" title=\"phim xnxx\">phim xnxx<\/a>,<br \/>\n<a style=\"font-size:18px;\" href=\"https:\/\/xporn69.com\/?k=xnxx\" title=\"xnxx\">xnxx<\/a>,<br \/>\n<a style=\"font-size:18px;\" href=\"https:\/\/3sxxx.com\/?k=As+panteras\" title=\"As panteras\">As panteras<\/a>,<br \/>\n<a style=\"font-size:18px;\" href=\"https:\/\/xnxx1x.com\/?k=japanese+porn\" title=\"japanese porn\">japanese porn<\/a>,<br \/>\n<a style=\"font-size:18px;\" href=\"https:\/\/pornx3.com\/?k=free+fuck\" title=\"free fuck\">free fuck<\/a>,\n<\/div><\/p>\n","protected":false},"excerpt":{"rendered":"<p>Encore plus efficace, d\u00e8s 8 m3\/h d\u2019aspiration, rien ne lui r\u00e9siste. S\u2019installe tr\u00e8s facilement. Convient \u00e0 tous types de piscine. [&hellip;]<\/p>\n","protected":false},"featured_media":2879,"comment_status":"open","ping_status":"closed","template":"","meta":{"site-sidebar-layout":"","site-content-layout":"","ast-site-content-layout":"","site-content-style":"","site-sidebar-style":"","ast-global-header-display":"","ast-banner-title-visibility":"","ast-main-header-display":"","ast-hfb-above-header-display":"","ast-hfb-below-header-display":"","ast-hfb-mobile-header-display":"","site-post-title":"","ast-breadcrumbs-content":"","ast-featured-img":"","footer-sml-layout":"","theme-transparent-header-meta":"","adv-header-id-meta":"","stick-header-meta":"","header-above-stick-meta":"","header-main-stick-meta":"","header-below-stick-meta":"","astra-migrate-meta-layouts":"","ast-page-background-enabled":"default","ast-page-background-meta":{"desktop":{"background-color":"var(--ast-global-color-4)","background-image":"","background-repeat":"repeat","background-position":"center center","background-size":"auto","background-attachment":"scroll","background-type":"","background-media":"","overlay-type":"","overlay-color":"","overlay-opacity":"","overlay-gradient":""},"tablet":{"background-color":"","background-image":"","background-repeat":"repeat","background-position":"center center","background-size":"auto","background-attachment":"scroll","background-type":"","background-media":"","overlay-type":"","overlay-color":"","overlay-opacity":"","overlay-gradient":""},"mobile":{"background-color":"","background-image":"","background-repeat":"repeat","background-position":"center center","background-size":"auto","background-attachment":"scroll","background-type":"","background-media":"","overlay-type":"","overlay-color":"","overlay-opacity":"","overlay-gradient":""}},"ast-content-background-meta":{"desktop":{"background-color":"var(--ast-global-color-5)","background-image":"","background-repeat":"repeat","background-position":"center center","background-size":"auto","background-attachment":"scroll","background-type":"","background-media":"","overlay-type":"","overlay-color":"","overlay-opacity":"","overlay-gradient":""},"tablet":{"background-color":"var(--ast-global-color-5)","background-image":"","background-repeat":"repeat","background-position":"center center","background-size":"auto","background-attachment":"scroll","background-type":"","background-media":"","overlay-type":"","overlay-color":"","overlay-opacity":"","overlay-gradient":""},"mobile":{"background-color":"var(--ast-global-color-5)","background-image":"","background-repeat":"repeat","background-position":"center center","background-size":"auto","background-attachment":"scroll","background-type":"","background-media":"","overlay-type":"","overlay-color":"","overlay-opacity":"","overlay-gradient":""}}},"product_brand":[],"product_cat":[78],"product_tag":[],"class_list":{"0":"post-2849","1":"product","2":"type-product","3":"status-publish","4":"has-post-thumbnail","6":"product_cat-nettoyeurs-aspiration-piscine","7":"desktop-align-left","8":"tablet-align-left","9":"mobile-align-left","11":"first","12":"instock","13":"shipping-taxable","14":"purchasable","15":"product-type-simple"},"jetpack_sharing_enabled":true,"_links":{"self":[{"href":"https:\/\/chocpiscine.com\/index.php?rest_route=\/wp\/v2\/product\/2849","targetHints":{"allow":["GET"]}}],"collection":[{"href":"https:\/\/chocpiscine.com\/index.php?rest_route=\/wp\/v2\/product"}],"about":[{"href":"https:\/\/chocpiscine.com\/index.php?rest_route=\/wp\/v2\/types\/product"}],"replies":[{"embeddable":true,"href":"https:\/\/chocpiscine.com\/index.php?rest_route=%2Fwp%2Fv2%2Fcomments&post=2849"}],"wp:featuredmedia":[{"embeddable":true,"href":"https:\/\/chocpiscine.com\/index.php?rest_route=\/wp\/v2\/media\/2879"}],"wp:attachment":[{"href":"https:\/\/chocpiscine.com\/index.php?rest_route=%2Fwp%2Fv2%2Fmedia&parent=2849"}],"wp:term":[{"taxonomy":"product_brand","embeddable":true,"href":"https:\/\/chocpiscine.com\/index.php?rest_route=%2Fwp%2Fv2%2Fproduct_brand&post=2849"},{"taxonomy":"product_cat","embeddable":true,"href":"https:\/\/chocpiscine.com\/index.php?rest_route=%2Fwp%2Fv2%2Fproduct_cat&post=2849"},{"taxonomy":"product_tag","embeddable":true,"href":"https:\/\/chocpiscine.com\/index.php?rest_route=%2Fwp%2Fv2%2Fproduct_tag&post=2849"}],"curies":[{"name":"wp","href":"https:\/\/api.w.org\/{rel}","templated":true}]}}